{"id":4003,"date":"2021-05-31T11:30:02","date_gmt":"2021-05-31T09:30:02","guid":{"rendered":"https:\/\/www.kidsup.ch\/lausanne\/?page_id=4003"},"modified":"2026-03-31T09:03:15","modified_gmt":"2026-03-31T07:03:15","slug":"bons-kidsup","status":"publish","type":"page","link":"https:\/\/www.kidsup.ch\/lausanne\/a-propos\/bons-kidsup\/","title":{"rendered":"Bons Kids Up"},"content":{"rendered":"<p>[et_pb_section fb_built=\u00a0\u00bb1&Prime; fullwidth=\u00a0\u00bbon\u00a0\u00bb _builder_version=\u00a0\u00bb4.16&Prime; background_color=\u00a0\u00bb#E00052&Prime; custom_padding=\u00a0\u00bb0px||20px||false|false\u00a0\u00bb da_disable_devices=\u00a0\u00bboff|off|off\u00a0\u00bb global_colors_info=\u00a0\u00bb{}\u00a0\u00bb da_is_popup=\u00a0\u00bboff\u00a0\u00bb da_exit_intent=\u00a0\u00bboff\u00a0\u00bb da_has_close=\u00a0\u00bbon\u00a0\u00bb da_alt_close=\u00a0\u00bboff\u00a0\u00bb da_dark_close=\u00a0\u00bboff\u00a0\u00bb da_not_modal=\u00a0\u00bbon\u00a0\u00bb da_is_singular=\u00a0\u00bboff\u00a0\u00bb da_with_loader=\u00a0\u00bboff\u00a0\u00bb da_has_shadow=\u00a0\u00bbon\u00a0\u00bb][et_pb_fullwidth_header title=\u00a0\u00bbBons Kids Up\u00a0\u00bb button_one_url=\u00a0\u00bbhttps:\/\/kidsup.cogito-sport.ch\/WebRegistration\/GroupSelection?itemCode=KUL-CM&#038;lessonPeriodId=bddc16c5-35bc-4e72-aec6-0cbb1c9e94d2&Prime; _builder_version=\u00a0\u00bb4.16&Prime; title_font=\u00a0\u00bb|||on|||||\u00a0\u00bb background_enable_color=\u00a0\u00bboff\u00a0\u00bb background_image=\u00a0\u00bbhttps:\/\/www.kidsup.ch\/lausanne\/wp-content\/uploads\/banner-conditions-generales.jpg\u00a0\u00bb link_option_url_new_window=\u00a0\u00bbon\u00a0\u00bb global_colors_info=\u00a0\u00bb{}\u00a0\u00bb][\/et_pb_fullwidth_header][\/et_pb_section][et_pb_section fb_built=\u00a0\u00bb1&Prime; admin_label=\u00a0\u00bbSaison 2020-2021&Prime; _builder_version=\u00a0\u00bb4.16&Prime; da_disable_devices=\u00a0\u00bboff|off|off\u00a0\u00bb global_colors_info=\u00a0\u00bb{}\u00a0\u00bb da_is_popup=\u00a0\u00bboff\u00a0\u00bb da_exit_intent=\u00a0\u00bboff\u00a0\u00bb da_has_close=\u00a0\u00bbon\u00a0\u00bb da_alt_close=\u00a0\u00bboff\u00a0\u00bb da_dark_close=\u00a0\u00bboff\u00a0\u00bb da_not_modal=\u00a0\u00bbon\u00a0\u00bb da_is_singular=\u00a0\u00bboff\u00a0\u00bb da_with_loader=\u00a0\u00bboff\u00a0\u00bb da_has_shadow=\u00a0\u00bbon\u00a0\u00bb][et_pb_row _builder_version=\u00a0\u00bb4.16&Prime; custom_padding=\u00a0\u00bb0px||0px||false|false\u00a0\u00bb global_colors_info=\u00a0\u00bb{}\u00a0\u00bb][et_pb_column type=\u00a0\u00bb4_4&Prime; _builder_version=\u00a0\u00bb4.16&Prime; global_colors_info=\u00a0\u00bb{}\u00a0\u00bb][et_pb_text _builder_version=\u00a0\u00bb4.20.2&Prime; header_font=\u00a0\u00bb|600|||||||\u00a0\u00bb header_text_color=\u00a0\u00bb#E00052&Prime; header_4_font=\u00a0\u00bb|600|||||||\u00a0\u00bb header_4_font_size=\u00a0\u00bb15px\u00a0\u00bb text_orientation=\u00a0\u00bbjustified\u00a0\u00bb global_colors_info=\u00a0\u00bb{}\u00a0\u00bb]<\/p>\n<h1>Utiliser des bons Kids Up \/ Cirk Up<\/h1>\n<p>&nbsp;<\/p>\n<p>[\/et_pb_text][\/et_pb_column][\/et_pb_row][et_pb_row _builder_version=\u00a0\u00bb4.16&Prime; _module_preset=\u00a0\u00bbdefault\u00a0\u00bb custom_padding=\u00a0\u00bb0px||||false|false\u00a0\u00bb global_colors_info=\u00a0\u00bb{}\u00a0\u00bb][et_pb_column type=\u00a0\u00bb4_4&Prime; _builder_version=\u00a0\u00bb4.16&Prime; _module_preset=\u00a0\u00bbdefault\u00a0\u00bb global_colors_info=\u00a0\u00bb{}\u00a0\u00bb][et_pb_text _builder_version=\u00a0\u00bb4.16&Prime; _module_preset=\u00a0\u00bbdefault\u00a0\u00bb global_colors_info=\u00a0\u00bb{}\u00a0\u00bb]<\/p>\n<p>Tu poss\u00e8des un ou plusieurs <strong><span style=\"color: #e00052;\">bons num\u00e9riques ou bons cadeaux Kids Up<\/span><\/strong> et tu voudrais les utiliser pour payer une facture ? Rien de plus simple, il te suffit de te munir de cette derni\u00e8re (que tu as re\u00e7ue par e-mail) et remplir le petit formulaire suivant :<\/p>\n<p>[\/et_pb_text][et_pb_button button_url=\u00a0\u00bbhttps:\/\/bons.kidsup.ch\u00a0\u00bb url_new_window=\u00a0\u00bbon\u00a0\u00bb button_text=\u00a0\u00bbUtiliser un bon Kids Up\u00a0\u00bb button_alignment=\u00a0\u00bbcenter\u00a0\u00bb admin_label=\u00a0\u00bbBouton formulaire\u00a0\u00bb _builder_version=\u00a0\u00bb4.27.6&Prime; _module_preset=\u00a0\u00bbdefault\u00a0\u00bb hover_enabled=\u00a0\u00bb0&Prime; global_colors_info=\u00a0\u00bb{}\u00a0\u00bb sticky_enabled=\u00a0\u00bb0&Prime;][\/et_pb_button][et_pb_text _builder_version=\u00a0\u00bb4.17.6&Prime; header_font=\u00a0\u00bb|600|||||||\u00a0\u00bb header_text_color=\u00a0\u00bb#E00052&Prime; header_4_font=\u00a0\u00bb|600|||||||\u00a0\u00bb header_4_font_size=\u00a0\u00bb15px\u00a0\u00bb text_orientation=\u00a0\u00bbjustified\u00a0\u00bb custom_margin=\u00a0\u00bb||0px||false|false\u00a0\u00bb custom_padding=\u00a0\u00bb20px||||false|false\u00a0\u00bb global_colors_info=\u00a0\u00bb{}\u00a0\u00bb]<\/p>\n<h1>Acheter un bon cadeau Kids Up<\/h1>\n<p>&nbsp;<\/p>\n<p>[\/et_pb_text][et_pb_image src=\u00a0\u00bbhttps:\/\/www.kidsup.ch\/lausanne\/wp-content\/uploads\/bon-cadeau-kids-up-270px.png\u00a0\u00bb title_text=\u00a0\u00bbbon-cadeau-kids-up-270px\u00a0\u00bb align=\u00a0\u00bbcenter\u00a0\u00bb _builder_version=\u00a0\u00bb4.16&Prime; _module_preset=\u00a0\u00bbdefault\u00a0\u00bb global_colors_info=\u00a0\u00bb{}\u00a0\u00bb][\/et_pb_image][et_pb_text _builder_version=\u00a0\u00bb4.17.6&Prime; _module_preset=\u00a0\u00bbdefault\u00a0\u00bb global_colors_info=\u00a0\u00bb{}\u00a0\u00bb]<\/p>\n<p>Tu cherches un cadeau original \u00e0 offrir pour un anniversaire, pour No\u00ebl ou juste pour faire plaisir ? Offre un<strong><span style=\"color: #e00052;\"> bon cadeau Kids Up<\/span><\/strong> et fais d\u00e9couvrir le monde du cirque ! Ton bon cadeau peut \u00eatre utilis\u00e9 pour n&rsquo;importe quelle activit\u00e9 chez Kids Up : anniversaire, stage ou m\u00eame cours ! Il est valide 2 ans.<\/p>\n<p>Tu peux commander ton bon cadeau directement dans notre boutique en ligne en cliquant sur le bouton ci-dessous. Tu pourras le recevoir par la poste ou par e-mail (bon num\u00e9rique).<\/p>\n<p>[\/et_pb_text][et_pb_code _builder_version=\u00a0\u00bb4.27.5&Prime; _module_preset=\u00a0\u00bbdefault\u00a0\u00bb global_colors_info=\u00a0\u00bb{}\u00a0\u00bb][\/et_pb_code][et_pb_button button_url=\u00a0\u00bbhttps:\/\/kidsup.sumupstore.com\/product\/bon-cadeau-kids-up\u00a0\u00bb url_new_window=\u00a0\u00bbon\u00a0\u00bb button_text=\u00a0\u00bbAchat bon cadeau\u00a0\u00bb button_alignment=\u00a0\u00bbcenter\u00a0\u00bb admin_label=\u00a0\u00bbBouton formulaire\u00a0\u00bb _builder_version=\u00a0\u00bb4.27.5&Prime; _module_preset=\u00a0\u00bbdefault\u00a0\u00bb global_colors_info=\u00a0\u00bb{}\u00a0\u00bb][\/et_pb_button][\/et_pb_column][\/et_pb_row][\/et_pb_section]<\/p>\n","protected":false},"excerpt":{"rendered":"<p>Utiliser des bons Kids Up \/ Cirk Up &nbsp;Tu poss\u00e8des un ou plusieurs bons num\u00e9riques ou bons cadeaux Kids Up et tu voudrais les utiliser pour payer une facture ? Rien de plus simple, il te suffit de te munir de cette derni\u00e8re (que tu as re\u00e7ue par e-mail) et remplir le petit formulaire suivant [&hellip;]<\/p>\n","protected":false},"author":1,"featured_media":0,"parent":2492,"menu_order":62,"comment_status":"closed","ping_status":"closed","template":"","meta":{"_et_pb_use_builder":"on","_et_pb_old_content":"","_et_gb_content_width":"","footnotes":""},"class_list":["post-4003","page","type-page","status-publish","hentry"],"yoast_head":"<!-- This site is optimized with the Yoast SEO plugin v27.5 - https:\/\/yoast.com\/product\/yoast-seo-wordpress\/ -->\n<title>Bons Kids Up - Kids Up Lausanne<\/title>\n<meta name=\"description\" content=\"Utilise ton bon cadeau ou ach\u00e8te un bon cadeau\" \/>\n<meta name=\"robots\" content=\"noindex, nofollow\" \/>\n<meta property=\"og:locale\" content=\"fr_FR\" \/>\n<meta property=\"og:type\" content=\"article\" \/>\n<meta property=\"og:title\" content=\"Bons Kids Up - Kids Up Lausanne\" \/>\n<meta property=\"og:description\" content=\"Utilise ton bon cadeau ou ach\u00e8te un bon cadeau\" \/>\n<meta property=\"og:url\" content=\"https:\/\/www.kidsup.ch\/lausanne\/a-propos\/bons-kidsup\/\" \/>\n<meta property=\"og:site_name\" content=\"Kids Up Lausanne\" \/>\n<meta property=\"article:publisher\" content=\"https:\/\/www.facebook.com\/KidsUpLausanne\" \/>\n<meta property=\"article:modified_time\" content=\"2026-03-31T07:03:15+00:00\" \/>\n<meta property=\"og:image\" content=\"https:\/\/www.kidsup.ch\/lausanne\/wp-content\/uploads\/kidsup-logo.png\" \/>\n\t<meta property=\"og:image:width\" content=\"250\" \/>\n\t<meta property=\"og:image:height\" content=\"102\" \/>\n\t<meta property=\"og:image:type\" content=\"image\/png\" \/>\n<meta name=\"twitter:card\" content=\"summary_large_image\" \/>\n<meta name=\"twitter:label1\" content=\"Dur\u00e9e de lecture estim\u00e9e\" \/>\n\t<meta name=\"twitter:data1\" content=\"1 minute\" \/>\n<script type=\"application\/ld+json\" class=\"yoast-schema-graph\">{\"@context\":\"https:\\\/\\\/schema.org\",\"@graph\":[{\"@type\":\"WebPage\",\"@id\":\"https:\\\/\\\/www.kidsup.ch\\\/lausanne\\\/a-propos\\\/bons-kidsup\\\/\",\"url\":\"https:\\\/\\\/www.kidsup.ch\\\/lausanne\\\/a-propos\\\/bons-kidsup\\\/\",\"name\":\"Bons Kids Up - Kids Up Lausanne\",\"isPartOf\":{\"@id\":\"https:\\\/\\\/www.kidsup.ch\\\/lausanne\\\/#website\"},\"datePublished\":\"2021-05-31T09:30:02+00:00\",\"dateModified\":\"2026-03-31T07:03:15+00:00\",\"description\":\"Utilise ton bon cadeau ou ach\u00e8te un bon cadeau\",\"breadcrumb\":{\"@id\":\"https:\\\/\\\/www.kidsup.ch\\\/lausanne\\\/a-propos\\\/bons-kidsup\\\/#breadcrumb\"},\"inLanguage\":\"fr-FR\",\"potentialAction\":[{\"@type\":\"ReadAction\",\"target\":[\"https:\\\/\\\/www.kidsup.ch\\\/lausanne\\\/a-propos\\\/bons-kidsup\\\/\"]}]},{\"@type\":\"BreadcrumbList\",\"@id\":\"https:\\\/\\\/www.kidsup.ch\\\/lausanne\\\/a-propos\\\/bons-kidsup\\\/#breadcrumb\",\"itemListElement\":[{\"@type\":\"ListItem\",\"position\":1,\"name\":\"Home\",\"item\":\"https:\\\/\\\/www.kidsup.ch\\\/lausanne\\\/\"},{\"@type\":\"ListItem\",\"position\":2,\"name\":\"A propos de nous\",\"item\":\"https:\\\/\\\/www.kidsup.ch\\\/lausanne\\\/a-propos\\\/\"},{\"@type\":\"ListItem\",\"position\":3,\"name\":\"Bons Kids Up\"}]},{\"@type\":\"WebSite\",\"@id\":\"https:\\\/\\\/www.kidsup.ch\\\/lausanne\\\/#website\",\"url\":\"https:\\\/\\\/www.kidsup.ch\\\/lausanne\\\/\",\"name\":\"Kids Up Lausanne\",\"description\":\"Baby gym, cirque &amp; trampoline\",\"publisher\":{\"@id\":\"https:\\\/\\\/www.kidsup.ch\\\/lausanne\\\/#organization\"},\"potentialAction\":[{\"@type\":\"SearchAction\",\"target\":{\"@type\":\"EntryPoint\",\"urlTemplate\":\"https:\\\/\\\/www.kidsup.ch\\\/lausanne\\\/?s={search_term_string}\"},\"query-input\":{\"@type\":\"PropertyValueSpecification\",\"valueRequired\":true,\"valueName\":\"search_term_string\"}}],\"inLanguage\":\"fr-FR\"},{\"@type\":\"Organization\",\"@id\":\"https:\\\/\\\/www.kidsup.ch\\\/lausanne\\\/#organization\",\"name\":\"Kids Up Lausanne\",\"url\":\"https:\\\/\\\/www.kidsup.ch\\\/lausanne\\\/\",\"logo\":{\"@type\":\"ImageObject\",\"inLanguage\":\"fr-FR\",\"@id\":\"https:\\\/\\\/www.kidsup.ch\\\/lausanne\\\/#\\\/schema\\\/logo\\\/image\\\/\",\"url\":\"https:\\\/\\\/www.kidsup.ch\\\/lausanne\\\/wp-content\\\/uploads\\\/kidsup-lausanne-logo.png\",\"contentUrl\":\"https:\\\/\\\/www.kidsup.ch\\\/lausanne\\\/wp-content\\\/uploads\\\/kidsup-lausanne-logo.png\",\"width\":340,\"height\":65,\"caption\":\"Kids Up Lausanne\"},\"image\":{\"@id\":\"https:\\\/\\\/www.kidsup.ch\\\/lausanne\\\/#\\\/schema\\\/logo\\\/image\\\/\"},\"sameAs\":[\"https:\\\/\\\/www.facebook.com\\\/KidsUpLausanne\",\"https:\\\/\\\/www.instagram.com\\\/kids_up_lausanne\",\"https:\\\/\\\/www.youtube.com\\\/KidsUpSuisse\"]}]}<\/script>\n<!-- \/ Yoast SEO plugin. -->","yoast_head_json":{"title":"Bons Kids Up - Kids Up Lausanne","description":"Utilise ton bon cadeau ou ach\u00e8te un bon cadeau","robots":{"index":"noindex","follow":"nofollow"},"og_locale":"fr_FR","og_type":"article","og_title":"Bons Kids Up - Kids Up Lausanne","og_description":"Utilise ton bon cadeau ou ach\u00e8te un bon cadeau","og_url":"https:\/\/www.kidsup.ch\/lausanne\/a-propos\/bons-kidsup\/","og_site_name":"Kids Up Lausanne","article_publisher":"https:\/\/www.facebook.com\/KidsUpLausanne","article_modified_time":"2026-03-31T07:03:15+00:00","og_image":[{"width":250,"height":102,"url":"https:\/\/www.kidsup.ch\/lausanne\/wp-content\/uploads\/kidsup-logo.png","type":"image\/png"}],"twitter_card":"summary_large_image","twitter_misc":{"Dur\u00e9e de lecture estim\u00e9e":"1 minute"},"schema":{"@context":"https:\/\/schema.org","@graph":[{"@type":"WebPage","@id":"https:\/\/www.kidsup.ch\/lausanne\/a-propos\/bons-kidsup\/","url":"https:\/\/www.kidsup.ch\/lausanne\/a-propos\/bons-kidsup\/","name":"Bons Kids Up - Kids Up Lausanne","isPartOf":{"@id":"https:\/\/www.kidsup.ch\/lausanne\/#website"},"datePublished":"2021-05-31T09:30:02+00:00","dateModified":"2026-03-31T07:03:15+00:00","description":"Utilise ton bon cadeau ou ach\u00e8te un bon cadeau","breadcrumb":{"@id":"https:\/\/www.kidsup.ch\/lausanne\/a-propos\/bons-kidsup\/#breadcrumb"},"inLanguage":"fr-FR","potentialAction":[{"@type":"ReadAction","target":["https:\/\/www.kidsup.ch\/lausanne\/a-propos\/bons-kidsup\/"]}]},{"@type":"BreadcrumbList","@id":"https:\/\/www.kidsup.ch\/lausanne\/a-propos\/bons-kidsup\/#breadcrumb","itemListElement":[{"@type":"ListItem","position":1,"name":"Home","item":"https:\/\/www.kidsup.ch\/lausanne\/"},{"@type":"ListItem","position":2,"name":"A propos de nous","item":"https:\/\/www.kidsup.ch\/lausanne\/a-propos\/"},{"@type":"ListItem","position":3,"name":"Bons Kids Up"}]},{"@type":"WebSite","@id":"https:\/\/www.kidsup.ch\/lausanne\/#website","url":"https:\/\/www.kidsup.ch\/lausanne\/","name":"Kids Up Lausanne","description":"Baby gym, cirque &amp; trampoline","publisher":{"@id":"https:\/\/www.kidsup.ch\/lausanne\/#organization"},"potentialAction":[{"@type":"SearchAction","target":{"@type":"EntryPoint","urlTemplate":"https:\/\/www.kidsup.ch\/lausanne\/?s={search_term_string}"},"query-input":{"@type":"PropertyValueSpecification","valueRequired":true,"valueName":"search_term_string"}}],"inLanguage":"fr-FR"},{"@type":"Organization","@id":"https:\/\/www.kidsup.ch\/lausanne\/#organization","name":"Kids Up Lausanne","url":"https:\/\/www.kidsup.ch\/lausanne\/","logo":{"@type":"ImageObject","inLanguage":"fr-FR","@id":"https:\/\/www.kidsup.ch\/lausanne\/#\/schema\/logo\/image\/","url":"https:\/\/www.kidsup.ch\/lausanne\/wp-content\/uploads\/kidsup-lausanne-logo.png","contentUrl":"https:\/\/www.kidsup.ch\/lausanne\/wp-content\/uploads\/kidsup-lausanne-logo.png","width":340,"height":65,"caption":"Kids Up Lausanne"},"image":{"@id":"https:\/\/www.kidsup.ch\/lausanne\/#\/schema\/logo\/image\/"},"sameAs":["https:\/\/www.facebook.com\/KidsUpLausanne","https:\/\/www.instagram.com\/kids_up_lausanne","https:\/\/www.youtube.com\/KidsUpSuisse"]}]}},"_links":{"self":[{"href":"https:\/\/www.kidsup.ch\/lausanne\/wp-json\/wp\/v2\/pages\/4003","targetHints":{"allow":["GET"]}}],"collection":[{"href":"https:\/\/www.kidsup.ch\/lausanne\/wp-json\/wp\/v2\/pages"}],"about":[{"href":"https:\/\/www.kidsup.ch\/lausanne\/wp-json\/wp\/v2\/types\/page"}],"author":[{"embeddable":true,"href":"https:\/\/www.kidsup.ch\/lausanne\/wp-json\/wp\/v2\/users\/1"}],"replies":[{"embeddable":true,"href":"https:\/\/www.kidsup.ch\/lausanne\/wp-json\/wp\/v2\/comments?post=4003"}],"version-history":[{"count":45,"href":"https:\/\/www.kidsup.ch\/lausanne\/wp-json\/wp\/v2\/pages\/4003\/revisions"}],"predecessor-version":[{"id":6194,"href":"https:\/\/www.kidsup.ch\/lausanne\/wp-json\/wp\/v2\/pages\/4003\/revisions\/6194"}],"up":[{"embeddable":true,"href":"https:\/\/www.kidsup.ch\/lausanne\/wp-json\/wp\/v2\/pages\/2492"}],"wp:attachment":[{"href":"https:\/\/www.kidsup.ch\/lausanne\/wp-json\/wp\/v2\/media?parent=4003"}],"curies":[{"name":"wp","href":"https:\/\/api.w.org\/{rel}","templated":true}]}}