{"id":2645,"date":"2019-10-10T10:26:53","date_gmt":"2019-10-10T08:26:53","guid":{"rendered":"https:\/\/www.kidsup.ch\/lausanne\/?page_id=2645"},"modified":"2026-03-20T15:40:26","modified_gmt":"2026-03-20T14:40:26","slug":"emploi","status":"publish","type":"page","link":"https:\/\/www.kidsup.ch\/lausanne\/a-propos\/emploi\/","title":{"rendered":"Offre d&#8217;emploi &#038; postes ouverts"},"content":{"rendered":"<p>[et_pb_section fb_built=\u00a0\u00bb1&Prime; fullwidth=\u00a0\u00bbon\u00a0\u00bb _builder_version=\u00a0\u00bb4.16&Prime; background_color=\u00a0\u00bb#e00052&Prime; custom_padding=\u00a0\u00bb0px||20px||false|false\u00a0\u00bb da_disable_devices=\u00a0\u00bboff|off|off\u00a0\u00bb global_colors_info=\u00a0\u00bb{}\u00a0\u00bb da_is_popup=\u00a0\u00bboff\u00a0\u00bb da_exit_intent=\u00a0\u00bboff\u00a0\u00bb da_has_close=\u00a0\u00bbon\u00a0\u00bb da_alt_close=\u00a0\u00bboff\u00a0\u00bb da_dark_close=\u00a0\u00bboff\u00a0\u00bb da_not_modal=\u00a0\u00bbon\u00a0\u00bb da_is_singular=\u00a0\u00bboff\u00a0\u00bb da_with_loader=\u00a0\u00bboff\u00a0\u00bb da_has_shadow=\u00a0\u00bbon\u00a0\u00bb][et_pb_fullwidth_header title=\u00a0\u00bbEmploi\u00a0\u00bb subhead=\u00a0\u00bbD\u00e9couvrez nos offres d&#8217;emploi\u00a0\u00bb button_one_url=\u00a0\u00bbhttps:\/\/kidsup.cogito-sport.ch\/WebRegistration\/GroupSelection?itemCode=KUL-CM&#038;lessonPeriodId=bddc16c5-35bc-4e72-aec6-0cbb1c9e94d2&Prime; _builder_version=\u00a0\u00bb4.16&Prime; title_font=\u00a0\u00bb|||on|||||\u00a0\u00bb background_enable_color=\u00a0\u00bboff\u00a0\u00bb background_image=\u00a0\u00bbhttps:\/\/www.kidsup.ch\/lausanne\/wp-content\/uploads\/banner-equipe.jpg\u00a0\u00bb link_option_url_new_window=\u00a0\u00bbon\u00a0\u00bb global_colors_info=\u00a0\u00bb{}\u00a0\u00bb][\/et_pb_fullwidth_header][\/et_pb_section][et_pb_section fb_built=\u00a0\u00bb1&Prime; _builder_version=\u00a0\u00bb4.16&Prime; da_disable_devices=\u00a0\u00bboff|off|off\u00a0\u00bb global_colors_info=\u00a0\u00bb{}\u00a0\u00bb da_is_popup=\u00a0\u00bboff\u00a0\u00bb da_exit_intent=\u00a0\u00bboff\u00a0\u00bb da_has_close=\u00a0\u00bbon\u00a0\u00bb da_alt_close=\u00a0\u00bboff\u00a0\u00bb da_dark_close=\u00a0\u00bboff\u00a0\u00bb da_not_modal=\u00a0\u00bbon\u00a0\u00bb da_is_singular=\u00a0\u00bboff\u00a0\u00bb da_with_loader=\u00a0\u00bboff\u00a0\u00bb da_has_shadow=\u00a0\u00bbon\u00a0\u00bb][et_pb_row column_structure=\u00a0\u00bb3_5,2_5&Prime; _builder_version=\u00a0\u00bb4.16&Prime; global_colors_info=\u00a0\u00bb{}\u00a0\u00bb][et_pb_column type=\u00a0\u00bb3_5&Prime; _builder_version=\u00a0\u00bb4.16&Prime; global_colors_info=\u00a0\u00bb{}\u00a0\u00bb][et_pb_text _builder_version=\u00a0\u00bb4.16&Prime; header_text_color=\u00a0\u00bb#e00052&Prime; text_orientation=\u00a0\u00bbjustified\u00a0\u00bb global_colors_info=\u00a0\u00bb{}\u00a0\u00bb]<\/p>\n<h1>Rejoignez-nous<\/h1>\n<p>Nous recrutons r\u00e9guli\u00e8rement des moniteurs pour nos cours de baby-gym et de cirque.<\/p>\n<p>Nous ne recrutons que des professionnels, au b\u00e9n\u00e9fice d\u2019un dipl\u00f4me reconnu (type BEES, BPJEPS ou BIAC, pour donner des exemples fran\u00e7ais), et avec de l\u2019exp\u00e9rience, notamment avec les jeunes enfants. Nous recrutons g\u00e9n\u00e9ralement des moniteurs de cirque, de gymnastique, et des psychomotriciens.<\/p>\n<p>Les profils multiples nous int\u00e9ressent aussi tout particuli\u00e8rement, type :<\/p>\n<ul>\n<li>psychomotricien\/enne avec une formation en gymnastique ou cirque<\/li>\n<li>professeur d\u2019\u00e9ducation physique avec exp\u00e9rience en cirque et\/ou baby-gym<\/li>\n<li>instituteur\/trice avec une formation en gymnastique ou cirque<\/li>\n<li>\u00e9ducateur social avec une formation en gymnastique ou cirque<\/li>\n<\/ul>\n<p>Nous proposons des postes \u00e0 l\u2019ann\u00e9e ou du travail temporaire, lors de stages de vacances ou d\u2019animations le week-end. Si vous pensez correspondre \u00e0 l&rsquo;un de ces profils, n\u2019h\u00e9sitez pas \u00e0 nous envoyer une candidature spontan\u00e9e \u00e0 l&rsquo;adresse <a href=\"mailto:info-lausanne@kidsup.ch\">info-lausanne@kidsup.ch<\/a>.<\/p>\n<p>[\/et_pb_text][\/et_pb_column][et_pb_column type=\u00a0\u00bb2_5&Prime; _builder_version=\u00a0\u00bb4.16&Prime; global_colors_info=\u00a0\u00bb{}\u00a0\u00bb][et_pb_image src=\u00a0\u00bbhttps:\/\/www.kidsup.ch\/lausanne\/wp-content\/uploads\/img-emploi-lausanne.jpg\u00a0\u00bb _builder_version=\u00a0\u00bb4.16&Prime; custom_margin=\u00a0\u00bb40px||||false|false\u00a0\u00bb global_colors_info=\u00a0\u00bb{}\u00a0\u00bb][\/et_pb_image][\/et_pb_column][\/et_pb_row][et_pb_row _builder_version=\u00a0\u00bb4.16&Prime; global_colors_info=\u00a0\u00bb{}\u00a0\u00bb][et_pb_column type=\u00a0\u00bb4_4&Prime; _builder_version=\u00a0\u00bb4.16&Prime; global_colors_info=\u00a0\u00bb{}\u00a0\u00bb][et_pb_text _builder_version=\u00a0\u00bb4.16&Prime; header_text_color=\u00a0\u00bb#e00052&Prime; text_orientation=\u00a0\u00bbcenter\u00a0\u00bb global_colors_info=\u00a0\u00bb{}\u00a0\u00bb]<\/p>\n<h1>Nos postes ouverts<\/h1>\n<p>Nous recherchons actuellement les profils suivants.[\/et_pb_text][\/et_pb_column][\/et_pb_row][et_pb_row make_equal=\u00a0\u00bbon\u00a0\u00bb _builder_version=\u00a0\u00bb4.16&Prime; module_alignment=\u00a0\u00bbcenter\u00a0\u00bb custom_margin=\u00a0\u00bb|auto||164px||\u00a0\u00bb global_colors_info=\u00a0\u00bb{}\u00a0\u00bb][et_pb_column type=\u00a0\u00bb4_4&Prime; _builder_version=\u00a0\u00bb4.16&Prime; global_colors_info=\u00a0\u00bb{}\u00a0\u00bb][et_pb_blurb title=\u00a0\u00bbMoniteur-trice de cirque\u00a0\u00bb use_icon=\u00a0\u00bbon\u00a0\u00bb font_icon=\u00a0\u00bb&#xe108;||divi||400&Prime; icon_placement=\u00a0\u00bbleft\u00a0\u00bb image_icon_width=\u00a0\u00bb50px\u00a0\u00bb _builder_version=\u00a0\u00bb4.27.6&Prime; _dynamic_attributes=\u00a0\u00bblink_option_url\u00a0\u00bb header_font=\u00a0\u00bb||||||||\u00a0\u00bb link_option_url=\u00a0\u00bb@ET-DC@eyJkeW5hbWljIjp0cnVlLCJjb250ZW50IjoicG9zdF9saW5rX3VybF9hdHRhY2htZW50Iiwic2V0dGluZ3MiOnsicG9zdF9pZCI6IjYxNDEifX0=@\u00a0\u00bb link_option_url_new_window=\u00a0\u00bbon\u00a0\u00bb hover_enabled=\u00a0\u00bb0&Prime; icon_font_size=\u00a0\u00bb50px\u00a0\u00bb global_colors_info=\u00a0\u00bb{}\u00a0\u00bb sticky_enabled=\u00a0\u00bb0&Prime;]<\/p>\n<p>2026-03<\/p>\n<p>[\/et_pb_blurb][et_pb_blurb title=\u00a0\u00bbAnimateur-trice pour l&rsquo;encadrement de f\u00eates d&rsquo;anniversaires\u00a0\u00bb use_icon=\u00a0\u00bbon\u00a0\u00bb font_icon=\u00a0\u00bb&#xe108;||divi||400&Prime; icon_placement=\u00a0\u00bbleft\u00a0\u00bb image_icon_width=\u00a0\u00bb50px\u00a0\u00bb _builder_version=\u00a0\u00bb4.27.5&Prime; _dynamic_attributes=\u00a0\u00bblink_option_url\u00a0\u00bb header_font=\u00a0\u00bb||||||||\u00a0\u00bb link_option_url=\u00a0\u00bb@ET-DC@eyJkeW5hbWljIjp0cnVlLCJjb250ZW50IjoicG9zdF9saW5rX3VybF9hdHRhY2htZW50Iiwic2V0dGluZ3MiOnsicG9zdF9pZCI6IjYxMjgifX0=@\u00a0\u00bb link_option_url_new_window=\u00a0\u00bbon\u00a0\u00bb icon_font_size=\u00a0\u00bb50px\u00a0\u00bb global_colors_info=\u00a0\u00bb{}\u00a0\u00bb]<\/p>\n<p>2025-12<\/p>\n<p>[\/et_pb_blurb][\/et_pb_column][\/et_pb_row][et_pb_row _builder_version=\u00a0\u00bb4.16&Prime; global_colors_info=\u00a0\u00bb{}\u00a0\u00bb][et_pb_column type=\u00a0\u00bb4_4&Prime; _builder_version=\u00a0\u00bb4.16&Prime; global_colors_info=\u00a0\u00bb{}\u00a0\u00bb][et_pb_text _builder_version=\u00a0\u00bb4.16&Prime; global_colors_info=\u00a0\u00bb{}\u00a0\u00bb]Si vous pensez correspondre \u00e0 l&rsquo;un de ces profils, envoyez-nous votre lettre de motivation et CV \u00e0 l&rsquo;adresse <a href=\"mailto:info-lausanne@kidsup.ch\">info-lausanne@kidsup.ch<\/a>.[\/et_pb_text][\/et_pb_column][\/et_pb_row][\/et_pb_section]<\/p>\n","protected":false},"excerpt":{"rendered":"<p>Rejoignez-nous Nous recrutons r\u00e9guli\u00e8rement des moniteurs pour nos cours de baby-gym et de cirque. Nous ne recrutons que des professionnels, au b\u00e9n\u00e9fice d\u2019un dipl\u00f4me reconnu (type BEES, BPJEPS ou BIAC, pour donner des exemples fran\u00e7ais), et avec de l\u2019exp\u00e9rience, notamment avec les jeunes enfants. Nous recrutons g\u00e9n\u00e9ralement des moniteurs de cirque, de gymnastique, et des [&hellip;]<\/p>\n","protected":false},"author":1,"featured_media":0,"parent":2492,"menu_order":68,"comment_status":"closed","ping_status":"closed","template":"","meta":{"_et_pb_use_builder":"on","_et_pb_old_content":"","_et_gb_content_width":"","footnotes":""},"class_list":["post-2645","page","type-page","status-publish","hentry"],"yoast_head":"<!-- This site is optimized with the Yoast SEO plugin v27.3 - https:\/\/yoast.com\/product\/yoast-seo-wordpress\/ -->\n<title>Offre d&#039;emploi &amp; postes ouverts - Kids Up Lausanne<\/title>\n<meta name=\"description\" content=\"Retrouvez nos offres d&#039;emploi et postes ouverts. Nous sommes \u00e0 la recherche de nouveaux talents, alors n&#039;h\u00e9sitez pas \u00e0 nous envoyer votre candidature.\" \/>\n<meta name=\"robots\" content=\"index, follow, max-snippet:-1, max-image-preview:large, max-video-preview:-1\" \/>\n<link rel=\"canonical\" href=\"https:\/\/www.kidsup.ch\/lausanne\/a-propos\/emploi\/\" \/>\n<meta property=\"og:locale\" content=\"fr_FR\" \/>\n<meta property=\"og:type\" content=\"article\" \/>\n<meta property=\"og:title\" content=\"Offre d&#039;emploi &amp; postes ouverts - Kids Up Lausanne\" \/>\n<meta property=\"og:description\" content=\"Retrouvez nos offres d&#039;emploi et postes ouverts. Nous sommes \u00e0 la recherche de nouveaux talents, alors n&#039;h\u00e9sitez pas \u00e0 nous envoyer votre candidature.\" \/>\n<meta property=\"og:url\" content=\"https:\/\/www.kidsup.ch\/lausanne\/a-propos\/emploi\/\" \/>\n<meta property=\"og:site_name\" content=\"Kids Up Lausanne\" \/>\n<meta property=\"article:publisher\" content=\"https:\/\/www.facebook.com\/KidsUpLausanne\" \/>\n<meta property=\"article:modified_time\" content=\"2026-03-20T14:40:26+00:00\" \/>\n<meta property=\"og:image\" content=\"https:\/\/www.kidsup.ch\/lausanne\/wp-content\/uploads\/kidsup-logo.png\" \/>\n\t<meta property=\"og:image:width\" content=\"250\" \/>\n\t<meta property=\"og:image:height\" content=\"102\" \/>\n\t<meta property=\"og:image:type\" content=\"image\/png\" \/>\n<meta name=\"twitter:card\" content=\"summary_large_image\" \/>\n<meta name=\"twitter:label1\" content=\"Dur\u00e9e de lecture estim\u00e9e\" \/>\n\t<meta name=\"twitter:data1\" content=\"4 minutes\" \/>\n<script type=\"application\/ld+json\" class=\"yoast-schema-graph\">{\"@context\":\"https:\\\/\\\/schema.org\",\"@graph\":[{\"@type\":\"WebPage\",\"@id\":\"https:\\\/\\\/www.kidsup.ch\\\/lausanne\\\/a-propos\\\/emploi\\\/\",\"url\":\"https:\\\/\\\/www.kidsup.ch\\\/lausanne\\\/a-propos\\\/emploi\\\/\",\"name\":\"Offre d'emploi & postes ouverts - Kids Up Lausanne\",\"isPartOf\":{\"@id\":\"https:\\\/\\\/www.kidsup.ch\\\/lausanne\\\/#website\"},\"datePublished\":\"2019-10-10T08:26:53+00:00\",\"dateModified\":\"2026-03-20T14:40:26+00:00\",\"description\":\"Retrouvez nos offres d'emploi et postes ouverts. Nous sommes \u00e0 la recherche de nouveaux talents, alors n'h\u00e9sitez pas \u00e0 nous envoyer votre candidature.\",\"breadcrumb\":{\"@id\":\"https:\\\/\\\/www.kidsup.ch\\\/lausanne\\\/a-propos\\\/emploi\\\/#breadcrumb\"},\"inLanguage\":\"fr-FR\",\"potentialAction\":[{\"@type\":\"ReadAction\",\"target\":[\"https:\\\/\\\/www.kidsup.ch\\\/lausanne\\\/a-propos\\\/emploi\\\/\"]}]},{\"@type\":\"BreadcrumbList\",\"@id\":\"https:\\\/\\\/www.kidsup.ch\\\/lausanne\\\/a-propos\\\/emploi\\\/#breadcrumb\",\"itemListElement\":[{\"@type\":\"ListItem\",\"position\":1,\"name\":\"Home\",\"item\":\"https:\\\/\\\/www.kidsup.ch\\\/lausanne\\\/\"},{\"@type\":\"ListItem\",\"position\":2,\"name\":\"A propos de nous\",\"item\":\"https:\\\/\\\/www.kidsup.ch\\\/lausanne\\\/a-propos\\\/\"},{\"@type\":\"ListItem\",\"position\":3,\"name\":\"Offre d&#8217;emploi &#038; postes ouverts\"}]},{\"@type\":\"WebSite\",\"@id\":\"https:\\\/\\\/www.kidsup.ch\\\/lausanne\\\/#website\",\"url\":\"https:\\\/\\\/www.kidsup.ch\\\/lausanne\\\/\",\"name\":\"Kids Up Lausanne\",\"description\":\"Baby gym, cirque &amp; trampoline\",\"publisher\":{\"@id\":\"https:\\\/\\\/www.kidsup.ch\\\/lausanne\\\/#organization\"},\"potentialAction\":[{\"@type\":\"SearchAction\",\"target\":{\"@type\":\"EntryPoint\",\"urlTemplate\":\"https:\\\/\\\/www.kidsup.ch\\\/lausanne\\\/?s={search_term_string}\"},\"query-input\":{\"@type\":\"PropertyValueSpecification\",\"valueRequired\":true,\"valueName\":\"search_term_string\"}}],\"inLanguage\":\"fr-FR\"},{\"@type\":\"Organization\",\"@id\":\"https:\\\/\\\/www.kidsup.ch\\\/lausanne\\\/#organization\",\"name\":\"Kids Up Lausanne\",\"url\":\"https:\\\/\\\/www.kidsup.ch\\\/lausanne\\\/\",\"logo\":{\"@type\":\"ImageObject\",\"inLanguage\":\"fr-FR\",\"@id\":\"https:\\\/\\\/www.kidsup.ch\\\/lausanne\\\/#\\\/schema\\\/logo\\\/image\\\/\",\"url\":\"https:\\\/\\\/www.kidsup.ch\\\/lausanne\\\/wp-content\\\/uploads\\\/kidsup-lausanne-logo.png\",\"contentUrl\":\"https:\\\/\\\/www.kidsup.ch\\\/lausanne\\\/wp-content\\\/uploads\\\/kidsup-lausanne-logo.png\",\"width\":340,\"height\":65,\"caption\":\"Kids Up Lausanne\"},\"image\":{\"@id\":\"https:\\\/\\\/www.kidsup.ch\\\/lausanne\\\/#\\\/schema\\\/logo\\\/image\\\/\"},\"sameAs\":[\"https:\\\/\\\/www.facebook.com\\\/KidsUpLausanne\",\"https:\\\/\\\/www.instagram.com\\\/kids_up_lausanne\",\"https:\\\/\\\/www.youtube.com\\\/KidsUpSuisse\"]}]}<\/script>\n<!-- \/ Yoast SEO plugin. -->","yoast_head_json":{"title":"Offre d'emploi & postes ouverts - Kids Up Lausanne","description":"Retrouvez nos offres d'emploi et postes ouverts. Nous sommes \u00e0 la recherche de nouveaux talents, alors n'h\u00e9sitez pas \u00e0 nous envoyer votre candidature.","robots":{"index":"index","follow":"follow","max-snippet":"max-snippet:-1","max-image-preview":"max-image-preview:large","max-video-preview":"max-video-preview:-1"},"canonical":"https:\/\/www.kidsup.ch\/lausanne\/a-propos\/emploi\/","og_locale":"fr_FR","og_type":"article","og_title":"Offre d'emploi & postes ouverts - Kids Up Lausanne","og_description":"Retrouvez nos offres d'emploi et postes ouverts. Nous sommes \u00e0 la recherche de nouveaux talents, alors n'h\u00e9sitez pas \u00e0 nous envoyer votre candidature.","og_url":"https:\/\/www.kidsup.ch\/lausanne\/a-propos\/emploi\/","og_site_name":"Kids Up Lausanne","article_publisher":"https:\/\/www.facebook.com\/KidsUpLausanne","article_modified_time":"2026-03-20T14:40:26+00:00","og_image":[{"width":250,"height":102,"url":"https:\/\/www.kidsup.ch\/lausanne\/wp-content\/uploads\/kidsup-logo.png","type":"image\/png"}],"twitter_card":"summary_large_image","twitter_misc":{"Dur\u00e9e de lecture estim\u00e9e":"4 minutes"},"schema":{"@context":"https:\/\/schema.org","@graph":[{"@type":"WebPage","@id":"https:\/\/www.kidsup.ch\/lausanne\/a-propos\/emploi\/","url":"https:\/\/www.kidsup.ch\/lausanne\/a-propos\/emploi\/","name":"Offre d'emploi & postes ouverts - Kids Up Lausanne","isPartOf":{"@id":"https:\/\/www.kidsup.ch\/lausanne\/#website"},"datePublished":"2019-10-10T08:26:53+00:00","dateModified":"2026-03-20T14:40:26+00:00","description":"Retrouvez nos offres d'emploi et postes ouverts. Nous sommes \u00e0 la recherche de nouveaux talents, alors n'h\u00e9sitez pas \u00e0 nous envoyer votre candidature.","breadcrumb":{"@id":"https:\/\/www.kidsup.ch\/lausanne\/a-propos\/emploi\/#breadcrumb"},"inLanguage":"fr-FR","potentialAction":[{"@type":"ReadAction","target":["https:\/\/www.kidsup.ch\/lausanne\/a-propos\/emploi\/"]}]},{"@type":"BreadcrumbList","@id":"https:\/\/www.kidsup.ch\/lausanne\/a-propos\/emploi\/#breadcrumb","itemListElement":[{"@type":"ListItem","position":1,"name":"Home","item":"https:\/\/www.kidsup.ch\/lausanne\/"},{"@type":"ListItem","position":2,"name":"A propos de nous","item":"https:\/\/www.kidsup.ch\/lausanne\/a-propos\/"},{"@type":"ListItem","position":3,"name":"Offre d&#8217;emploi &#038; postes ouverts"}]},{"@type":"WebSite","@id":"https:\/\/www.kidsup.ch\/lausanne\/#website","url":"https:\/\/www.kidsup.ch\/lausanne\/","name":"Kids Up Lausanne","description":"Baby gym, cirque &amp; trampoline","publisher":{"@id":"https:\/\/www.kidsup.ch\/lausanne\/#organization"},"potentialAction":[{"@type":"SearchAction","target":{"@type":"EntryPoint","urlTemplate":"https:\/\/www.kidsup.ch\/lausanne\/?s={search_term_string}"},"query-input":{"@type":"PropertyValueSpecification","valueRequired":true,"valueName":"search_term_string"}}],"inLanguage":"fr-FR"},{"@type":"Organization","@id":"https:\/\/www.kidsup.ch\/lausanne\/#organization","name":"Kids Up Lausanne","url":"https:\/\/www.kidsup.ch\/lausanne\/","logo":{"@type":"ImageObject","inLanguage":"fr-FR","@id":"https:\/\/www.kidsup.ch\/lausanne\/#\/schema\/logo\/image\/","url":"https:\/\/www.kidsup.ch\/lausanne\/wp-content\/uploads\/kidsup-lausanne-logo.png","contentUrl":"https:\/\/www.kidsup.ch\/lausanne\/wp-content\/uploads\/kidsup-lausanne-logo.png","width":340,"height":65,"caption":"Kids Up Lausanne"},"image":{"@id":"https:\/\/www.kidsup.ch\/lausanne\/#\/schema\/logo\/image\/"},"sameAs":["https:\/\/www.facebook.com\/KidsUpLausanne","https:\/\/www.instagram.com\/kids_up_lausanne","https:\/\/www.youtube.com\/KidsUpSuisse"]}]}},"_links":{"self":[{"href":"https:\/\/www.kidsup.ch\/lausanne\/wp-json\/wp\/v2\/pages\/2645","targetHints":{"allow":["GET"]}}],"collection":[{"href":"https:\/\/www.kidsup.ch\/lausanne\/wp-json\/wp\/v2\/pages"}],"about":[{"href":"https:\/\/www.kidsup.ch\/lausanne\/wp-json\/wp\/v2\/types\/page"}],"author":[{"embeddable":true,"href":"https:\/\/www.kidsup.ch\/lausanne\/wp-json\/wp\/v2\/users\/1"}],"replies":[{"embeddable":true,"href":"https:\/\/www.kidsup.ch\/lausanne\/wp-json\/wp\/v2\/comments?post=2645"}],"version-history":[{"count":39,"href":"https:\/\/www.kidsup.ch\/lausanne\/wp-json\/wp\/v2\/pages\/2645\/revisions"}],"predecessor-version":[{"id":6169,"href":"https:\/\/www.kidsup.ch\/lausanne\/wp-json\/wp\/v2\/pages\/2645\/revisions\/6169"}],"up":[{"embeddable":true,"href":"https:\/\/www.kidsup.ch\/lausanne\/wp-json\/wp\/v2\/pages\/2492"}],"wp:attachment":[{"href":"https:\/\/www.kidsup.ch\/lausanne\/wp-json\/wp\/v2\/media?parent=2645"}],"curies":[{"name":"wp","href":"https:\/\/api.w.org\/{rel}","templated":true}]}}