{"id":2222,"date":"2019-10-05T18:05:25","date_gmt":"2019-10-05T16:05:25","guid":{"rendered":"https:\/\/www.kidsup.ch\/lausanne\/?page_id=2222"},"modified":"2025-04-02T11:47:43","modified_gmt":"2025-04-02T09:47:43","slug":"politique-de-confidentialite","status":"publish","type":"page","link":"https:\/\/www.kidsup.ch\/lausanne\/a-propos\/politique-de-confidentialite\/","title":{"rendered":"Politique de confidentialit\u00e9"},"content":{"rendered":"<p>[et_pb_section fb_built=\u00a0\u00bb1&Prime; fullwidth=\u00a0\u00bbon\u00a0\u00bb _builder_version=\u00a0\u00bb4.16&Prime; background_color=\u00a0\u00bb#e00052&Prime; custom_padding=\u00a0\u00bb0px||20px||false|false\u00a0\u00bb da_disable_devices=\u00a0\u00bboff|off|off\u00a0\u00bb global_colors_info=\u00a0\u00bb{}\u00a0\u00bb da_is_popup=\u00a0\u00bboff\u00a0\u00bb da_exit_intent=\u00a0\u00bboff\u00a0\u00bb da_has_close=\u00a0\u00bbon\u00a0\u00bb da_alt_close=\u00a0\u00bboff\u00a0\u00bb da_dark_close=\u00a0\u00bboff\u00a0\u00bb da_not_modal=\u00a0\u00bbon\u00a0\u00bb da_is_singular=\u00a0\u00bboff\u00a0\u00bb da_with_loader=\u00a0\u00bboff\u00a0\u00bb da_has_shadow=\u00a0\u00bbon\u00a0\u00bb][et_pb_fullwidth_header title=\u00a0\u00bbPolitique de confidentialit\u00e9\u00a0\u00bb subhead=\u00a0\u00bbComment nous traitons vos donn\u00e9es personnelles\u00a0\u00bb button_one_url=\u00a0\u00bbhttps:\/\/kidsup.cogito-sport.ch\/WebRegistration\/GroupSelection?itemCode=KUL-CM&#038;lessonPeriodId=bddc16c5-35bc-4e72-aec6-0cbb1c9e94d2&Prime; _builder_version=\u00a0\u00bb4.16&Prime; title_font=\u00a0\u00bb|||on|||||\u00a0\u00bb background_enable_color=\u00a0\u00bboff\u00a0\u00bb background_image=\u00a0\u00bbhttps:\/\/www.kidsup.ch\/lausanne\/wp-content\/uploads\/banner-politique-confidentialite.jpg\u00a0\u00bb link_option_url_new_window=\u00a0\u00bbon\u00a0\u00bb global_colors_info=\u00a0\u00bb{}\u00a0\u00bb][\/et_pb_fullwidth_header][\/et_pb_section][et_pb_section fb_built=\u00a0\u00bb1&Prime; _builder_version=\u00a0\u00bb4.16&Prime; da_disable_devices=\u00a0\u00bboff|off|off\u00a0\u00bb global_colors_info=\u00a0\u00bb{}\u00a0\u00bb da_is_popup=\u00a0\u00bboff\u00a0\u00bb da_exit_intent=\u00a0\u00bboff\u00a0\u00bb da_has_close=\u00a0\u00bbon\u00a0\u00bb da_alt_close=\u00a0\u00bboff\u00a0\u00bb da_dark_close=\u00a0\u00bboff\u00a0\u00bb da_not_modal=\u00a0\u00bbon\u00a0\u00bb da_is_singular=\u00a0\u00bboff\u00a0\u00bb da_with_loader=\u00a0\u00bboff\u00a0\u00bb da_has_shadow=\u00a0\u00bbon\u00a0\u00bb][et_pb_row _builder_version=\u00a0\u00bb4.16&Prime; global_colors_info=\u00a0\u00bb{}\u00a0\u00bb][et_pb_column type=\u00a0\u00bb4_4&Prime; _builder_version=\u00a0\u00bb4.16&Prime; global_colors_info=\u00a0\u00bb{}\u00a0\u00bb][et_pb_text _builder_version=\u00a0\u00bb4.27.4&Prime; header_font=\u00a0\u00bb|||on|||||\u00a0\u00bb header_text_color=\u00a0\u00bb#e00052&Prime; header_4_font=\u00a0\u00bb|600|||||||\u00a0\u00bb hover_enabled=\u00a0\u00bb0&Prime; global_colors_info=\u00a0\u00bb{}\u00a0\u00bb sticky_enabled=\u00a0\u00bb0&Prime;]<\/p>\n<h1>Notre politique de confidentialit\u00e9<\/h1>\n<p>Chez Kids Up\/Cirk Up, nous sommes pleinement conscients de la confiance que vous nous accordez et nous prenons tr\u00e8s au s\u00e9rieux la gestion de vos donn\u00e9es personnelles.<\/p>\n<p>A cet effet, nous avons r\u00e9dig\u00e9 cette page pour vous informer sur notre politique de confidentialit\u00e9 et vous rendre attentifs sur notre mani\u00e8re d\u2019exploiter les donn\u00e9es que nous collectons.<\/p>\n<h4>Comment et quelles donn\u00e9es collectons-nous ?<\/h4>\n<p>Nous collectons des donn\u00e9es personnelles de deux mani\u00e8res :<\/p>\n<ol>\n<li><strong>Informations que vous nous fournissez librement<\/strong> : inscription \u00e0 un cours, un stage, un anniversaire ou toute autre prestation Kids Up sur le <a href=\"https:\/\/www.cogito-sport.ch\" target=\"_blank\" rel=\"noopener noreferrer\">site web de Cogito Sport<\/a>, notre partenaire informatique pour la gestion des membres ; information donn\u00e9e par e-mail ou encore verbalement \u00e0 nos collaborateurs et que nous jugeons utile d\u2019\u00eatre conserv\u00e9e ; abonnement \u00e0 notre newsletter.<br \/>Ces donn\u00e9es personnelles sont celles que vous devez remplir sur nos formulaires d\u2019inscription, telles que e-mail de contact, pr\u00e9nom, nom, \u00e2ge et sexe de votre enfant, t\u00e9l\u00e9phone, adresse, contact d\u2019urgence, autorisation d\u2019utilisation de l\u2019image de votre enfant, nom et \u00e2ge d\u2019un enfant accompagnant, historique Kids Up, remarque utile au sujet de votre enfant. Dans le cadre de l\u2019abonnement \u00e0 notre newsletter sans \u00eatre membre, nous ne collectons que votre adresse e-mail et appliquons depuis la rentr\u00e9e 2019 une politique stricte de <a href=\"https:\/\/fr.wikipedia.org\/wiki\/Opt_in\" target=\"_blank\" rel=\"noopener noreferrer\">double opt-in<\/a>, c\u2019est-\u00e0-dire que vous ne recevez notre newsletter que si vous y avez explicitement souscrit et ceci, m\u00eame si vous \u00eates membre.<\/li>\n<li><strong>Informations que nous collectons automatiquement<\/strong> : au-del\u00e0 des donn\u00e9es que vous d\u00e9cidez de nous fournir comme expliqu\u00e9 ci-dessus, nous collectons diverses informations concernant votre comportement lorsque vous utilisez notre site web ou vous rendez sur nos pages Facebook ou Instagram, via l\u2019utilisation des outils Google Analytics, Google Ads &amp; Meta Analytics\/Pixel.<br \/>Nous attirons votre attention sur le fait que Google et Meta, \u00e0 travers ces services, collectent certaines donn\u00e9es vous concernant (comme votre localisation, vos pr\u00e9f\u00e9rences d&rsquo;utilisation, etc.) et les stockent sur des serveurs en-dehors de la Suisse (USA ou Irlande g\u00e9n\u00e9ralement). Aussi, avant d&rsquo;utiliser ces services, nous vous recommandons de lire attentivement les politiques de protection de la vie priv\u00e9e de ces soci\u00e9t\u00e9s tierces. Vous pouvez aussi \u00e9quiper votre logiciel de navigation d\u2019extension tierces permettant de ne pas fournir d\u2019information \u00e0 ces soci\u00e9t\u00e9s.<\/li>\n<\/ol>\n<h4>Comment utilisons-nous les donn\u00e9es collect\u00e9es ?<\/h4>\n<p>Nous utilisons les donn\u00e9es que vous nous avez fournies librement uniquement dans le cadre des activit\u00e9s pour lesquelles vous nous les avez transmises, c\u2019est-\u00e0-dire pour inscrire votre enfant \u00e0 une activit\u00e9, assurer son suivi et permettre le processus de facturation, ou vous abonner \u00e0 notre newsletter. Il nous arrive aussi de contacter \u00e0 quelques rares occasions nos membres (actifs ou anciens) pour leur faire b\u00e9n\u00e9ficier d\u2019une offre promotionnelle.<br \/>Concernant les informations r\u00e9colt\u00e9es automatiquement lorsque vous utilisez notre site web ou notre page Facebook, ces donn\u00e9es sont anonymis\u00e9es et nous ne les utilisons que dans le cadre de statistiques d\u2019utilisation de notre site web, en vue de son am\u00e9lioration, et pages Facebook ou Instagram, ainsi que lors de l\u2019utilisation de publicit\u00e9s cibl\u00e9es (Google Ads et Meta Ads).<\/p>\n<h4>Communiquons-nous vos donn\u00e9es ?<\/h4>\n<p>En-dehors des organismes indiqu\u00e9s ci-dessous, nous ne transmettons vos donn\u00e9es personnelles \u00e0 aucune autre soci\u00e9t\u00e9 tiers ou tierce personne. Vos donn\u00e9es ne sont utilis\u00e9es que par Kids Up, dans le cadre des prestations Kids Up auxquelles vous avez explicitement souscrites.<\/p>\n<ul>\n<li>Du fait de notre utilisation du logiciel Cogito Sport pour la gestion de nos membres et le processus de facturation, vos donn\u00e9es personnelles librement fournies sont communiqu\u00e9es \u00e0 la <a href=\"https:\/\/www.pxy.ch\" target=\"_blank\" rel=\"noopener noreferrer\">soci\u00e9t\u00e9 Proximity-Softwares S\u00e0rl<\/a>, sise \u00e0 Vevey. Cette derni\u00e8re publie ses <a href=\"https:\/\/cogito-sport.ch\/loi-sur-la-protection-des-donnees\" target=\"_blank\" rel=\"noopener\">engagements sur la protection des donn\u00e9es<\/a>, notamment qu&rsquo;aucune donn\u00e9e sensible n&rsquo;est transmise \u00e0 des tiers et qu&rsquo;aucun commerce n&rsquo;est fait des donn\u00e9es du client.<\/li>\n<li>Nous sommes susceptibles de communiquer les donn\u00e9es personnelles librement fournies de votre enfant \u00e0 l&rsquo;Office F\u00e9d\u00e9ral du Sport (OFSPO) dans le cadre de <a href=\"https:\/\/www.jugendundsport.ch\/fr\/home.html\" target=\"_blank\" rel=\"noopener\">Jeunesse+Sport<\/a>, le programme d&rsquo;encouragement du sport de la Conf\u00e9d\u00e9ration qui nous soutient.<\/li>\n<li>Dans le cadre sp\u00e9cifique du recouvrement d&rsquo;une facture non pay\u00e9e, nous sommes susceptibles de transmettre cette derni\u00e8re, avec les coordonn\u00e9es du d\u00e9biteur (responsable l\u00e9gal), \u00e0 la soci\u00e9t\u00e9 <a href=\"https:\/\/www.debitors.ch\/fr\/\" target=\"_blank\" rel=\"noopener\">Debitors management SA<\/a>, sise \u00e0 Lausanne. Vous pouvez retrouver sur son site web sa <a href=\"https:\/\/www.debitors.ch\/fr\/debitors\/donnees-personnelles\" target=\"_blank\" rel=\"noopener\">d\u00e9claration de protection des donn\u00e9es personnelles<\/a>.<\/li>\n<li>A de rares occasion, nous utilisons des formulaires Google pour des sondages en ligne. En remplissant ces derniers, vous d\u00e9clarez consentir au traitement des donn\u00e9es collect\u00e9es \u00e0 votre sujet, ceci conform\u00e9ment aux r\u00e8gles de confidentialit\u00e9 de <a href=\"https:\/\/business.safety.google\/privacy\/\" target=\"_blank\" rel=\"noopener\">Google<\/a>.<\/li>\n<\/ul>\n<h4>Utilisation de cookies<\/h4>\n<p>Notre site web utilise des cookies. Il s&rsquo;agit de petits fichiers qui sont enregistr\u00e9s sur disque dur et qui m\u00e9morisent, par le biais de votre navigateur Internet, certaines configurations et certaines donn\u00e9es pour les \u00e9changer avec notre site web. Les cookies que nous utilisons ne peuvent \u00eatre mis en relation avec une personne en particulier ; nous obtenons uniquement des informations anonymes nous indiquant, par exemple, quelles pages de notre site web ou pages Facebook ou Instagram ont \u00e9t\u00e9 consult\u00e9es. Vous pouvez configurer votre navigateur pour bloquer l\u2019utilisation de ces cookies sur notre site ; cela n\u2019aura aucune incidence sur son utilisation.<\/p>\n<h4>Utilisation de l&rsquo;adresses IP<\/h4>\n<p>Les cookies Google et Meta que nous utilisons peuvent identifier l\u2019adresse IP de votre ordinateur ou p\u00e9riph\u00e9rique utilis\u00e9 pour se connecter \u00e0 notre site web ou pages Facebook ou Instagram. Il est ainsi possible d\u2019identifier le pays, la r\u00e9gion et la ville d\u2019o\u00f9 la connexion est \u00e9mise. Ces donn\u00e9es sont utilis\u00e9es d\u2019une part pour des raisons statistiques et d\u2019autre part dans le cadre de publicit\u00e9s cibl\u00e9es g\u00e9ographiquement (Google Ads &amp; Meta Ads).<br \/>En utilisant notre site ou nos pages Facebook et Instagram, vous d\u00e9clarez consentir au traitement des donn\u00e9es collect\u00e9es \u00e0 votre sujet, ceci conform\u00e9ment aux explications ci-dessus et aux r\u00e8gles de confidentialit\u00e9 de <a href=\"https:\/\/business.safety.google\/privacy\/\" target=\"_blank\" rel=\"noopener\">Google<\/a> et de <a href=\"https:\/\/www.meta.com\/ch\/fr\/legal\/portal\/data-policy\/\" target=\"_blank\" rel=\"noopener\">Meta<\/a>.<\/p>\n<h4>Droit d&rsquo;acc\u00e8s et de rectification<\/h4>\n<p>Conform\u00e9ment \u00e0 la l\u00e9gislation en mati\u00e8re de protection des donn\u00e9es, vous avez le droit d\u2019\u00eatre renseign\u00e9 gratuitement sur les donn\u00e9es enregistr\u00e9es \u00e0 votre sujet, les faire rectifier ou demander leur suppression, \u00e0 l\u2019exception des donn\u00e9es que nous devons conserver en tout ou partie \u00e0 des fins commerciales ou juridiques (comptabilit\u00e9 principalement). Pour toute demande, nous vous prions de nous \u00e9crire \u00e0 l\u2019adresse e-mail <a href=\"mailto:privacy-kul@kidsup.ch\">privacy-kul@kidsup.ch<\/a>.<\/p>\n<p>[\/et_pb_text][\/et_pb_column][\/et_pb_row][\/et_pb_section]<\/p>\n","protected":false},"excerpt":{"rendered":"<p>Notre politique de confidentialit\u00e9 Chez Kids Up\/Cirk Up, nous sommes pleinement conscients de la confiance que vous nous accordez et nous prenons tr\u00e8s au s\u00e9rieux la gestion de vos donn\u00e9es personnelles. A cet effet, nous avons r\u00e9dig\u00e9 cette page pour vous informer sur notre politique de confidentialit\u00e9 et vous rendre attentifs sur notre mani\u00e8re d\u2019exploiter [&hellip;]<\/p>\n","protected":false},"author":1,"featured_media":0,"parent":2492,"menu_order":68,"comment_status":"closed","ping_status":"closed","template":"","meta":{"_et_pb_use_builder":"on","_et_pb_old_content":"","_et_gb_content_width":"","footnotes":""},"class_list":["post-2222","page","type-page","status-publish","hentry"],"yoast_head":"<!-- This site is optimized with the Yoast SEO plugin v27.3 - https:\/\/yoast.com\/product\/yoast-seo-wordpress\/ -->\n<title>Politique de confidentialit\u00e9 - Kids Up Lausanne<\/title>\n<meta name=\"description\" content=\"Nous sommes pleinement conscients de la confiance que vous nous accordez et nous prenons tr\u00e8s au s\u00e9rieux la gestion de vos donn\u00e9es personnelles.\" \/>\n<meta name=\"robots\" content=\"index, follow, max-snippet:-1, max-image-preview:large, max-video-preview:-1\" \/>\n<link rel=\"canonical\" href=\"https:\/\/www.kidsup.ch\/lausanne\/a-propos\/politique-de-confidentialite\/\" \/>\n<meta property=\"og:locale\" content=\"fr_FR\" \/>\n<meta property=\"og:type\" content=\"article\" \/>\n<meta property=\"og:title\" content=\"Politique de confidentialit\u00e9 - Kids Up Lausanne\" \/>\n<meta property=\"og:description\" content=\"Nous sommes pleinement conscients de la confiance que vous nous accordez et nous prenons tr\u00e8s au s\u00e9rieux la gestion de vos donn\u00e9es personnelles.\" \/>\n<meta property=\"og:url\" content=\"https:\/\/www.kidsup.ch\/lausanne\/a-propos\/politique-de-confidentialite\/\" \/>\n<meta property=\"og:site_name\" content=\"Kids Up Lausanne\" \/>\n<meta property=\"article:publisher\" content=\"https:\/\/www.facebook.com\/KidsUpLausanne\" \/>\n<meta property=\"article:modified_time\" content=\"2025-04-02T09:47:43+00:00\" \/>\n<meta property=\"og:image\" content=\"https:\/\/www.kidsup.ch\/lausanne\/wp-content\/uploads\/kidsup-logo.png\" \/>\n\t<meta property=\"og:image:width\" content=\"250\" \/>\n\t<meta property=\"og:image:height\" content=\"102\" \/>\n\t<meta property=\"og:image:type\" content=\"image\/png\" \/>\n<meta name=\"twitter:card\" content=\"summary_large_image\" \/>\n<meta name=\"twitter:label1\" content=\"Dur\u00e9e de lecture estim\u00e9e\" \/>\n\t<meta name=\"twitter:data1\" content=\"7 minutes\" \/>\n<script type=\"application\/ld+json\" class=\"yoast-schema-graph\">{\"@context\":\"https:\\\/\\\/schema.org\",\"@graph\":[{\"@type\":\"WebPage\",\"@id\":\"https:\\\/\\\/www.kidsup.ch\\\/lausanne\\\/a-propos\\\/politique-de-confidentialite\\\/\",\"url\":\"https:\\\/\\\/www.kidsup.ch\\\/lausanne\\\/a-propos\\\/politique-de-confidentialite\\\/\",\"name\":\"Politique de confidentialit\u00e9 - Kids Up Lausanne\",\"isPartOf\":{\"@id\":\"https:\\\/\\\/www.kidsup.ch\\\/lausanne\\\/#website\"},\"datePublished\":\"2019-10-05T16:05:25+00:00\",\"dateModified\":\"2025-04-02T09:47:43+00:00\",\"description\":\"Nous sommes pleinement conscients de la confiance que vous nous accordez et nous prenons tr\u00e8s au s\u00e9rieux la gestion de vos donn\u00e9es personnelles.\",\"breadcrumb\":{\"@id\":\"https:\\\/\\\/www.kidsup.ch\\\/lausanne\\\/a-propos\\\/politique-de-confidentialite\\\/#breadcrumb\"},\"inLanguage\":\"fr-FR\",\"potentialAction\":[{\"@type\":\"ReadAction\",\"target\":[\"https:\\\/\\\/www.kidsup.ch\\\/lausanne\\\/a-propos\\\/politique-de-confidentialite\\\/\"]}]},{\"@type\":\"BreadcrumbList\",\"@id\":\"https:\\\/\\\/www.kidsup.ch\\\/lausanne\\\/a-propos\\\/politique-de-confidentialite\\\/#breadcrumb\",\"itemListElement\":[{\"@type\":\"ListItem\",\"position\":1,\"name\":\"Home\",\"item\":\"https:\\\/\\\/www.kidsup.ch\\\/lausanne\\\/\"},{\"@type\":\"ListItem\",\"position\":2,\"name\":\"A propos de nous\",\"item\":\"https:\\\/\\\/www.kidsup.ch\\\/lausanne\\\/a-propos\\\/\"},{\"@type\":\"ListItem\",\"position\":3,\"name\":\"Politique de confidentialit\u00e9\"}]},{\"@type\":\"WebSite\",\"@id\":\"https:\\\/\\\/www.kidsup.ch\\\/lausanne\\\/#website\",\"url\":\"https:\\\/\\\/www.kidsup.ch\\\/lausanne\\\/\",\"name\":\"Kids Up Lausanne\",\"description\":\"Baby gym, cirque &amp; trampoline\",\"publisher\":{\"@id\":\"https:\\\/\\\/www.kidsup.ch\\\/lausanne\\\/#organization\"},\"potentialAction\":[{\"@type\":\"SearchAction\",\"target\":{\"@type\":\"EntryPoint\",\"urlTemplate\":\"https:\\\/\\\/www.kidsup.ch\\\/lausanne\\\/?s={search_term_string}\"},\"query-input\":{\"@type\":\"PropertyValueSpecification\",\"valueRequired\":true,\"valueName\":\"search_term_string\"}}],\"inLanguage\":\"fr-FR\"},{\"@type\":\"Organization\",\"@id\":\"https:\\\/\\\/www.kidsup.ch\\\/lausanne\\\/#organization\",\"name\":\"Kids Up Lausanne\",\"url\":\"https:\\\/\\\/www.kidsup.ch\\\/lausanne\\\/\",\"logo\":{\"@type\":\"ImageObject\",\"inLanguage\":\"fr-FR\",\"@id\":\"https:\\\/\\\/www.kidsup.ch\\\/lausanne\\\/#\\\/schema\\\/logo\\\/image\\\/\",\"url\":\"https:\\\/\\\/www.kidsup.ch\\\/lausanne\\\/wp-content\\\/uploads\\\/kidsup-lausanne-logo.png\",\"contentUrl\":\"https:\\\/\\\/www.kidsup.ch\\\/lausanne\\\/wp-content\\\/uploads\\\/kidsup-lausanne-logo.png\",\"width\":340,\"height\":65,\"caption\":\"Kids Up Lausanne\"},\"image\":{\"@id\":\"https:\\\/\\\/www.kidsup.ch\\\/lausanne\\\/#\\\/schema\\\/logo\\\/image\\\/\"},\"sameAs\":[\"https:\\\/\\\/www.facebook.com\\\/KidsUpLausanne\",\"https:\\\/\\\/www.instagram.com\\\/kids_up_lausanne\",\"https:\\\/\\\/www.youtube.com\\\/KidsUpSuisse\"]}]}<\/script>\n<!-- \/ Yoast SEO plugin. -->","yoast_head_json":{"title":"Politique de confidentialit\u00e9 - Kids Up Lausanne","description":"Nous sommes pleinement conscients de la confiance que vous nous accordez et nous prenons tr\u00e8s au s\u00e9rieux la gestion de vos donn\u00e9es personnelles.","robots":{"index":"index","follow":"follow","max-snippet":"max-snippet:-1","max-image-preview":"max-image-preview:large","max-video-preview":"max-video-preview:-1"},"canonical":"https:\/\/www.kidsup.ch\/lausanne\/a-propos\/politique-de-confidentialite\/","og_locale":"fr_FR","og_type":"article","og_title":"Politique de confidentialit\u00e9 - Kids Up Lausanne","og_description":"Nous sommes pleinement conscients de la confiance que vous nous accordez et nous prenons tr\u00e8s au s\u00e9rieux la gestion de vos donn\u00e9es personnelles.","og_url":"https:\/\/www.kidsup.ch\/lausanne\/a-propos\/politique-de-confidentialite\/","og_site_name":"Kids Up Lausanne","article_publisher":"https:\/\/www.facebook.com\/KidsUpLausanne","article_modified_time":"2025-04-02T09:47:43+00:00","og_image":[{"width":250,"height":102,"url":"https:\/\/www.kidsup.ch\/lausanne\/wp-content\/uploads\/kidsup-logo.png","type":"image\/png"}],"twitter_card":"summary_large_image","twitter_misc":{"Dur\u00e9e de lecture estim\u00e9e":"7 minutes"},"schema":{"@context":"https:\/\/schema.org","@graph":[{"@type":"WebPage","@id":"https:\/\/www.kidsup.ch\/lausanne\/a-propos\/politique-de-confidentialite\/","url":"https:\/\/www.kidsup.ch\/lausanne\/a-propos\/politique-de-confidentialite\/","name":"Politique de confidentialit\u00e9 - Kids Up Lausanne","isPartOf":{"@id":"https:\/\/www.kidsup.ch\/lausanne\/#website"},"datePublished":"2019-10-05T16:05:25+00:00","dateModified":"2025-04-02T09:47:43+00:00","description":"Nous sommes pleinement conscients de la confiance que vous nous accordez et nous prenons tr\u00e8s au s\u00e9rieux la gestion de vos donn\u00e9es personnelles.","breadcrumb":{"@id":"https:\/\/www.kidsup.ch\/lausanne\/a-propos\/politique-de-confidentialite\/#breadcrumb"},"inLanguage":"fr-FR","potentialAction":[{"@type":"ReadAction","target":["https:\/\/www.kidsup.ch\/lausanne\/a-propos\/politique-de-confidentialite\/"]}]},{"@type":"BreadcrumbList","@id":"https:\/\/www.kidsup.ch\/lausanne\/a-propos\/politique-de-confidentialite\/#breadcrumb","itemListElement":[{"@type":"ListItem","position":1,"name":"Home","item":"https:\/\/www.kidsup.ch\/lausanne\/"},{"@type":"ListItem","position":2,"name":"A propos de nous","item":"https:\/\/www.kidsup.ch\/lausanne\/a-propos\/"},{"@type":"ListItem","position":3,"name":"Politique de confidentialit\u00e9"}]},{"@type":"WebSite","@id":"https:\/\/www.kidsup.ch\/lausanne\/#website","url":"https:\/\/www.kidsup.ch\/lausanne\/","name":"Kids Up Lausanne","description":"Baby gym, cirque &amp; trampoline","publisher":{"@id":"https:\/\/www.kidsup.ch\/lausanne\/#organization"},"potentialAction":[{"@type":"SearchAction","target":{"@type":"EntryPoint","urlTemplate":"https:\/\/www.kidsup.ch\/lausanne\/?s={search_term_string}"},"query-input":{"@type":"PropertyValueSpecification","valueRequired":true,"valueName":"search_term_string"}}],"inLanguage":"fr-FR"},{"@type":"Organization","@id":"https:\/\/www.kidsup.ch\/lausanne\/#organization","name":"Kids Up Lausanne","url":"https:\/\/www.kidsup.ch\/lausanne\/","logo":{"@type":"ImageObject","inLanguage":"fr-FR","@id":"https:\/\/www.kidsup.ch\/lausanne\/#\/schema\/logo\/image\/","url":"https:\/\/www.kidsup.ch\/lausanne\/wp-content\/uploads\/kidsup-lausanne-logo.png","contentUrl":"https:\/\/www.kidsup.ch\/lausanne\/wp-content\/uploads\/kidsup-lausanne-logo.png","width":340,"height":65,"caption":"Kids Up Lausanne"},"image":{"@id":"https:\/\/www.kidsup.ch\/lausanne\/#\/schema\/logo\/image\/"},"sameAs":["https:\/\/www.facebook.com\/KidsUpLausanne","https:\/\/www.instagram.com\/kids_up_lausanne","https:\/\/www.youtube.com\/KidsUpSuisse"]}]}},"_links":{"self":[{"href":"https:\/\/www.kidsup.ch\/lausanne\/wp-json\/wp\/v2\/pages\/2222","targetHints":{"allow":["GET"]}}],"collection":[{"href":"https:\/\/www.kidsup.ch\/lausanne\/wp-json\/wp\/v2\/pages"}],"about":[{"href":"https:\/\/www.kidsup.ch\/lausanne\/wp-json\/wp\/v2\/types\/page"}],"author":[{"embeddable":true,"href":"https:\/\/www.kidsup.ch\/lausanne\/wp-json\/wp\/v2\/users\/1"}],"replies":[{"embeddable":true,"href":"https:\/\/www.kidsup.ch\/lausanne\/wp-json\/wp\/v2\/comments?post=2222"}],"version-history":[{"count":22,"href":"https:\/\/www.kidsup.ch\/lausanne\/wp-json\/wp\/v2\/pages\/2222\/revisions"}],"predecessor-version":[{"id":5388,"href":"https:\/\/www.kidsup.ch\/lausanne\/wp-json\/wp\/v2\/pages\/2222\/revisions\/5388"}],"up":[{"embeddable":true,"href":"https:\/\/www.kidsup.ch\/lausanne\/wp-json\/wp\/v2\/pages\/2492"}],"wp:attachment":[{"href":"https:\/\/www.kidsup.ch\/lausanne\/wp-json\/wp\/v2\/media?parent=2222"}],"curies":[{"name":"wp","href":"https:\/\/api.w.org\/{rel}","templated":true}]}}