{"id":1612,"date":"2019-09-17T17:45:41","date_gmt":"2019-09-17T15:45:41","guid":{"rendered":"https:\/\/www.kidsup.ch\/lausanne\/?page_id=1612"},"modified":"2026-03-21T11:51:01","modified_gmt":"2026-03-21T10:51:01","slug":"accueil","status":"publish","type":"page","link":"https:\/\/www.kidsup.ch\/lausanne\/","title":{"rendered":"Baby gym, cirque, trampoline, stages, anniversaires"},"content":{"rendered":"\n[et_pb_section fb_built=\u00a0\u00bb1&Prime; fullwidth=\u00a0\u00bbon\u00a0\u00bb _builder_version=\u00a0\u00bb4.27.4&Prime; background_color=\u00a0\u00bbRGBA(255,255,255,0)\u00a0\u00bb background_video_mp4=\u00a0\u00bbhttps:\/\/www.kidsup.ch\/lausanne\/wp-content\/uploads\/KUL-accueil-video.mp4&Prime; height=\u00a0\u00bb600px\u00a0\u00bb height_tablet=\u00a0\u00bb600px\u00a0\u00bb height_phone=\u00a0\u00bb450px\u00a0\u00bb height_last_edited=\u00a0\u00bbon|phone\u00a0\u00bb da_disable_devices=\u00a0\u00bboff|off|off\u00a0\u00bb global_colors_info=\u00a0\u00bb{}\u00a0\u00bb da_is_popup=\u00a0\u00bboff\u00a0\u00bb da_exit_intent=\u00a0\u00bboff\u00a0\u00bb da_has_close=\u00a0\u00bbon\u00a0\u00bb da_alt_close=\u00a0\u00bboff\u00a0\u00bb da_dark_close=\u00a0\u00bboff\u00a0\u00bb da_not_modal=\u00a0\u00bbon\u00a0\u00bb da_is_singular=\u00a0\u00bboff\u00a0\u00bb da_with_loader=\u00a0\u00bboff\u00a0\u00bb da_has_shadow=\u00a0\u00bbon\u00a0\u00bb][et_pb_fullwidth_header title=\u00a0\u00bbBienvenue chez Kids Up\u00a0\u00bb subhead=\u00a0\u00bbBaby-gym &#8211; Cirque &#8211; Trampoline\u00a0\u00bb text_orientation=\u00a0\u00bbcenter\u00a0\u00bb background_overlay_color=\u00a0\u00bbRGBA(255,255,255,0)\u00a0\u00bb _builder_version=\u00a0\u00bb4.27.5&Prime; _module_preset=\u00a0\u00bbdefault\u00a0\u00bb title_font=\u00a0\u00bbVAG Rounded Bold|||on|||||\u00a0\u00bb title_text_color=\u00a0\u00bb#FFFFFF\u00a0\u00bb title_font_size=\u00a0\u00bb35px\u00a0\u00bb subhead_text_color=\u00a0\u00bb#FFFFFF\u00a0\u00bb subhead_font_size=\u00a0\u00bb21px\u00a0\u00bb title_font_size_tablet=\u00a0\u00bb35px\u00a0\u00bb title_font_size_phone=\u00a0\u00bb30px\u00a0\u00bb title_font_size_last_edited=\u00a0\u00bbon|phone\u00a0\u00bb subhead_font_size_tablet=\u00a0\u00bb20px\u00a0\u00bb subhead_font_size_phone=\u00a0\u00bb18px\u00a0\u00bb subhead_font_size_last_edited=\u00a0\u00bbon|phone\u00a0\u00bb global_colors_info=\u00a0\u00bb{}\u00a0\u00bb][\/et_pb_fullwidth_header][\/et_pb_section][et_pb_section fb_built=\u00a0\u00bb1&Prime; _builder_version=\u00a0\u00bb4.27.5&Prime; custom_padding=\u00a0\u00bb||0px||false|false\u00a0\u00bb da_disable_devices=\u00a0\u00bboff|off|off\u00a0\u00bb global_colors_info=\u00a0\u00bb{}\u00a0\u00bb da_is_popup=\u00a0\u00bboff\u00a0\u00bb da_exit_intent=\u00a0\u00bboff\u00a0\u00bb da_has_close=\u00a0\u00bbon\u00a0\u00bb da_alt_close=\u00a0\u00bboff\u00a0\u00bb da_dark_close=\u00a0\u00bboff\u00a0\u00bb da_not_modal=\u00a0\u00bbon\u00a0\u00bb da_is_singular=\u00a0\u00bboff\u00a0\u00bb da_with_loader=\u00a0\u00bboff\u00a0\u00bb da_has_shadow=\u00a0\u00bbon\u00a0\u00bb][et_pb_row column_structure=\u00a0\u00bb1_3,1_3,1_3&Prime; use_custom_gutter=\u00a0\u00bbon\u00a0\u00bb gutter_width=\u00a0\u00bb2&Prime; make_equal=\u00a0\u00bbon\u00a0\u00bb _builder_version=\u00a0\u00bb4.27.4&Prime; custom_margin=\u00a0\u00bb-150px||||false|false\u00a0\u00bb custom_padding=\u00a0\u00bb0px||||false|false\u00a0\u00bb global_colors_info=\u00a0\u00bb{}\u00a0\u00bb][et_pb_column type=\u00a0\u00bb1_3&Prime; admin_label=\u00a0\u00bbCours\u00a0\u00bb _builder_version=\u00a0\u00bb4.16&Prime; link_option_url=\u00a0\u00bb\/lausanne\/cours\/\u00a0\u00bb global_colors_info=\u00a0\u00bb{}\u00a0\u00bb][et_pb_text _builder_version=\u00a0\u00bb4.25.0&Prime; text_font=\u00a0\u00bb|||on|||||\u00a0\u00bb text_font_size=\u00a0\u00bb23px\u00a0\u00bb background_color=\u00a0\u00bb#e00052&Prime; text_orientation=\u00a0\u00bbcenter\u00a0\u00bb background_layout=\u00a0\u00bbdark\u00a0\u00bb custom_margin=\u00a0\u00bb||0px||false|false\u00a0\u00bb custom_padding=\u00a0\u00bb10px||10px||false|false\u00a0\u00bb border_radii=\u00a0\u00bboff|10px|10px||\u00a0\u00bb global_colors_info=\u00a0\u00bb{}\u00a0\u00bb]<p>COURS<\/p>[\/et_pb_text][et_pb_blurb title=\u00a0\u00bbBaby-Gym , Cirque, Trampoline et A\u00e9riens.\u00a0\u00bb image=\u00a0\u00bbhttps:\/\/www.kidsup.ch\/lausanne\/wp-content\/uploads\/offre-cours.jpg\u00a0\u00bb _builder_version=\u00a0\u00bb4.27.5&Prime; header_font=\u00a0\u00bb|600||on|||||\u00a0\u00bb header_text_color=\u00a0\u00bb#e00052&Prime; background_color=\u00a0\u00bb#FFFFFF\u00a0\u00bb text_orientation=\u00a0\u00bbcenter\u00a0\u00bb custom_padding=\u00a0\u00bb10px|10px|10px|10px|false|false\u00a0\u00bb border_radii=\u00a0\u00bboff|||10px|10px\u00a0\u00bb border_width_all=\u00a0\u00bb1px\u00a0\u00bb border_color_all=\u00a0\u00bb#e00052&Prime; border_radii_image=\u00a0\u00bbon|5px|5px|5px|5px\u00a0\u00bb global_colors_info=\u00a0\u00bb{}\u00a0\u00bb][\/et_pb_blurb][\/et_pb_column][et_pb_column type=\u00a0\u00bb1_3&Prime; admin_label=\u00a0\u00bbStages\u00a0\u00bb _builder_version=\u00a0\u00bb4.16&Prime; link_option_url=\u00a0\u00bb\/lausanne\/stages-vacances\/\u00a0\u00bb global_colors_info=\u00a0\u00bb{}\u00a0\u00bb][et_pb_text _builder_version=\u00a0\u00bb4.25.0&Prime; text_font=\u00a0\u00bb|||on|||||\u00a0\u00bb text_font_size=\u00a0\u00bb23px\u00a0\u00bb background_color=\u00a0\u00bb#86b919&Prime; text_orientation=\u00a0\u00bbcenter\u00a0\u00bb background_layout=\u00a0\u00bbdark\u00a0\u00bb custom_margin=\u00a0\u00bb||0px||false|false\u00a0\u00bb custom_padding=\u00a0\u00bb10px||10px||false|false\u00a0\u00bb border_radii=\u00a0\u00bboff|10px|10px||\u00a0\u00bb global_colors_info=\u00a0\u00bb{}\u00a0\u00bb]<p>STAGES<\/p>[\/et_pb_text][et_pb_blurb title=\u00a0\u00bbdu cirque, des copains, un spectacle !\u00a0\u00bb image=\u00a0\u00bbhttps:\/\/www.kidsup.ch\/lausanne\/wp-content\/uploads\/offre-stages-vacances.jpg\u00a0\u00bb _builder_version=\u00a0\u00bb4.27.5&Prime; header_font=\u00a0\u00bb|600||on|||||\u00a0\u00bb header_text_color=\u00a0\u00bb#86b919&Prime; background_color=\u00a0\u00bb#FFFFFF\u00a0\u00bb text_orientation=\u00a0\u00bbcenter\u00a0\u00bb custom_padding=\u00a0\u00bb10px|10px|10px|10px|false|false\u00a0\u00bb border_radii=\u00a0\u00bboff|||10px|10px\u00a0\u00bb border_width_all=\u00a0\u00bb1px\u00a0\u00bb border_color_all=\u00a0\u00bb#86b919&Prime; border_radii_image=\u00a0\u00bbon|5px|5px|5px|5px\u00a0\u00bb global_colors_info=\u00a0\u00bb{}\u00a0\u00bb][\/et_pb_blurb][\/et_pb_column][et_pb_column type=\u00a0\u00bb1_3&Prime; admin_label=\u00a0\u00bbAnniversaires\u00a0\u00bb _builder_version=\u00a0\u00bb4.16&Prime; link_option_url=\u00a0\u00bb\/lausanne\/anniversaires\/\u00a0\u00bb global_colors_info=\u00a0\u00bb{}\u00a0\u00bb][et_pb_text _builder_version=\u00a0\u00bb4.25.0&Prime; text_font=\u00a0\u00bb|||on|||||\u00a0\u00bb text_font_size=\u00a0\u00bb23px\u00a0\u00bb background_color=\u00a0\u00bb#f08c00&Prime; text_orientation=\u00a0\u00bbcenter\u00a0\u00bb background_layout=\u00a0\u00bbdark\u00a0\u00bb custom_margin=\u00a0\u00bb||0px||false|false\u00a0\u00bb custom_padding=\u00a0\u00bb10px||10px||false|false\u00a0\u00bb border_radii=\u00a0\u00bboff|10px|10px||\u00a0\u00bb global_colors_info=\u00a0\u00bb{}\u00a0\u00bb]<p>ANNIVERSAIRES<\/p>[\/et_pb_text][et_pb_blurb title=\u00a0\u00bbUne f\u00eate, du cirque, tes copains, une salle privatis\u00e9e\u00a0\u00bb image=\u00a0\u00bbhttps:\/\/www.kidsup.ch\/lausanne\/wp-content\/uploads\/offre-anniversaires-1.jpg\u00a0\u00bb _builder_version=\u00a0\u00bb4.27.5&Prime; header_font=\u00a0\u00bb|600||on|||||\u00a0\u00bb header_text_color=\u00a0\u00bb#f08c00&Prime; background_color=\u00a0\u00bb#FFFFFF\u00a0\u00bb text_orientation=\u00a0\u00bbcenter\u00a0\u00bb custom_padding=\u00a0\u00bb10px|10px|10px|10px|false|false\u00a0\u00bb border_radii=\u00a0\u00bboff|||10px|10px\u00a0\u00bb border_width_all=\u00a0\u00bb1px\u00a0\u00bb border_color_all=\u00a0\u00bb#f08c00&Prime; border_radii_image=\u00a0\u00bbon|5px|5px|5px|5px\u00a0\u00bb global_colors_info=\u00a0\u00bb{}\u00a0\u00bb][\/et_pb_blurb][\/et_pb_column][\/et_pb_row][\/et_pb_section][et_pb_section fb_built=\u00a0\u00bb1&Prime; _builder_version=\u00a0\u00bb4.27.5&Prime; _module_preset=\u00a0\u00bbdefault\u00a0\u00bb custom_padding=\u00a0\u00bb0px||0px||true|false\u00a0\u00bb da_disable_devices=\u00a0\u00bboff|off|off\u00a0\u00bb global_colors_info=\u00a0\u00bb{}\u00a0\u00bb da_is_popup=\u00a0\u00bboff\u00a0\u00bb da_exit_intent=\u00a0\u00bboff\u00a0\u00bb da_has_close=\u00a0\u00bbon\u00a0\u00bb da_alt_close=\u00a0\u00bboff\u00a0\u00bb da_dark_close=\u00a0\u00bboff\u00a0\u00bb da_not_modal=\u00a0\u00bbon\u00a0\u00bb da_is_singular=\u00a0\u00bboff\u00a0\u00bb da_with_loader=\u00a0\u00bboff\u00a0\u00bb da_has_shadow=\u00a0\u00bbon\u00a0\u00bb][et_pb_row _builder_version=\u00a0\u00bb4.27.5&Prime; _module_preset=\u00a0\u00bbdefault\u00a0\u00bb global_colors_info=\u00a0\u00bb{}\u00a0\u00bb][et_pb_column type=\u00a0\u00bb4_4&Prime; _builder_version=\u00a0\u00bb4.27.5&Prime; _module_preset=\u00a0\u00bbdefault\u00a0\u00bb global_colors_info=\u00a0\u00bb{}\u00a0\u00bb][et_pb_code _builder_version=\u00a0\u00bb4.27.5&Prime; _module_preset=\u00a0\u00bbdefault\u00a0\u00bb global_colors_info=\u00a0\u00bb{}\u00a0\u00bb]<div data-src=\"https:\/\/cdn.trustindex.io\/loader.js?a3b255160637452dee0628f73fb\"><\/div>[\/et_pb_code][\/et_pb_column][\/et_pb_row][\/et_pb_section][et_pb_section fb_built=\u00a0\u00bb1&Prime; admin_label=\u00a0\u00bbPourquoi Kids Up\u00a0\u00bb _builder_version=\u00a0\u00bb4.27.5&Prime; background_color=\u00a0\u00bb#e00052&Prime; custom_padding=\u00a0\u00bb0px||0px||true|false\u00a0\u00bb da_disable_devices=\u00a0\u00bboff|off|off\u00a0\u00bb border_radii=\u00a0\u00bbon|20px|20px|20px|20px\u00a0\u00bb global_colors_info=\u00a0\u00bb{}\u00a0\u00bb da_is_popup=\u00a0\u00bboff\u00a0\u00bb da_exit_intent=\u00a0\u00bboff\u00a0\u00bb da_has_close=\u00a0\u00bbon\u00a0\u00bb da_alt_close=\u00a0\u00bboff\u00a0\u00bb da_dark_close=\u00a0\u00bboff\u00a0\u00bb da_not_modal=\u00a0\u00bbon\u00a0\u00bb da_is_singular=\u00a0\u00bboff\u00a0\u00bb da_with_loader=\u00a0\u00bboff\u00a0\u00bb da_has_shadow=\u00a0\u00bbon\u00a0\u00bb][et_pb_row _builder_version=\u00a0\u00bb4.27.5&Prime; custom_padding=\u00a0\u00bb0px||0px||true|false\u00a0\u00bb global_colors_info=\u00a0\u00bb{}\u00a0\u00bb][et_pb_column type=\u00a0\u00bb4_4&Prime; _builder_version=\u00a0\u00bb4.16&Prime; global_colors_info=\u00a0\u00bb{}\u00a0\u00bb][et_pb_text _builder_version=\u00a0\u00bb4.16&Prime; header_text_color=\u00a0\u00bb#ffffff\u00a0\u00bb custom_margin=\u00a0\u00bb30px||||false|false\u00a0\u00bb global_colors_info=\u00a0\u00bb{}\u00a0\u00bb]<h1>Pourquoi Kids UP[\/et_pb_text][\/et_pb_column][\/et_pb_row][et_pb_row column_structure=\u00a0\u00bb1_4,1_4,1_4,1_4&Prime; _builder_version=\u00a0\u00bb4.16&Prime; global_colors_info=\u00a0\u00bb{}\u00a0\u00bb][et_pb_column type=\u00a0\u00bb1_4&Prime; _builder_version=\u00a0\u00bb4.16&Prime; global_colors_info=\u00a0\u00bb{}\u00a0\u00bb][et_pb_blurb use_icon=\u00a0\u00bbon\u00a0\u00bb font_icon=\u00a0\u00bb&#xe030;||divi||400&Prime; icon_color=\u00a0\u00bb#ffffff\u00a0\u00bb image_icon_width=\u00a0\u00bb50px\u00a0\u00bb _builder_version=\u00a0\u00bb4.16&Prime; text_orientation=\u00a0\u00bbcenter\u00a0\u00bb background_layout=\u00a0\u00bbdark\u00a0\u00bb custom_margin=\u00a0\u00bb||20px||false|false\u00a0\u00bb icon_font_size=\u00a0\u00bb50px\u00a0\u00bb global_colors_info=\u00a0\u00bb{}\u00a0\u00bb]<p>Parce que le cirque est une activit\u00e9 id\u00e9ale pour les enfants\u00a0: confiance en soi, d\u00e9veloppement moteur, socialisation&#8230; Un cours hebdomadaire et des comp\u00e9tences pour la vie\u00a0!<\/p>[\/et_pb_blurb][\/et_pb_column][et_pb_column type=\u00a0\u00bb1_4&Prime; _builder_version=\u00a0\u00bb4.16&Prime; global_colors_info=\u00a0\u00bb{}\u00a0\u00bb][et_pb_blurb use_icon=\u00a0\u00bbon\u00a0\u00bb font_icon=\u00a0\u00bb&#xe012;||divi||400&Prime; icon_color=\u00a0\u00bb#ffffff\u00a0\u00bb image_icon_width=\u00a0\u00bb50px\u00a0\u00bb _builder_version=\u00a0\u00bb4.16&Prime; text_orientation=\u00a0\u00bbcenter\u00a0\u00bb background_layout=\u00a0\u00bbdark\u00a0\u00bb custom_margin=\u00a0\u00bb||20px||false|false\u00a0\u00bb icon_font_size=\u00a0\u00bb50px\u00a0\u00bb global_colors_info=\u00a0\u00bb{}\u00a0\u00bb]<p>Parce que vos enfants y sont encadr\u00e9s par des moniteurs professionnels (psychomotriciens, circaciens), form\u00e9s et certifi\u00e9s qui sauront les faire progresser en toute s\u00e9curit\u00e9 !<\/p>[\/et_pb_blurb][\/et_pb_column][et_pb_column type=\u00a0\u00bb1_4&Prime; _builder_version=\u00a0\u00bb4.16&Prime; global_colors_info=\u00a0\u00bb{}\u00a0\u00bb][et_pb_blurb use_icon=\u00a0\u00bbon\u00a0\u00bb font_icon=\u00a0\u00bb&#xe007;||divi||400&Prime; icon_color=\u00a0\u00bb#ffffff\u00a0\u00bb image_icon_width=\u00a0\u00bb50px\u00a0\u00bb _builder_version=\u00a0\u00bb4.16&Prime; text_orientation=\u00a0\u00bbcenter\u00a0\u00bb background_layout=\u00a0\u00bbdark\u00a0\u00bb custom_margin=\u00a0\u00bb||20px||false|false\u00a0\u00bb icon_font_size=\u00a0\u00bb50px\u00a0\u00bb global_colors_info=\u00a0\u00bb{}\u00a0\u00bb]<p>Parce que pendant que votre enfant \u00e9volue dans notre salle sp\u00e9cialis\u00e9e de 650 m2, vous pouvez prendre du temps pour vous dans notre espace accueil avec Wi-Fi gratuit !<\/p>[\/et_pb_blurb][\/et_pb_column][et_pb_column type=\u00a0\u00bb1_4&Prime; _builder_version=\u00a0\u00bb4.16&Prime; global_colors_info=\u00a0\u00bb{}\u00a0\u00bb][et_pb_blurb use_icon=\u00a0\u00bbon\u00a0\u00bb font_icon=\u00a0\u00bb&#xe01d;||divi||400&Prime; icon_color=\u00a0\u00bb#ffffff\u00a0\u00bb image_icon_width=\u00a0\u00bb50px\u00a0\u00bb _builder_version=\u00a0\u00bb4.20.2&Prime; text_orientation=\u00a0\u00bbcenter\u00a0\u00bb background_layout=\u00a0\u00bbdark\u00a0\u00bb custom_margin=\u00a0\u00bb||20px||false|false\u00a0\u00bb icon_font_size=\u00a0\u00bb50px\u00a0\u00bb global_colors_info=\u00a0\u00bb{}\u00a0\u00bb]<p>Parce que nous vous proposons un emplacement facile d\u2019acc\u00e8s, avec un parking gratuit et un arr\u00eat de bus devant la porte !<\/p>[\/et_pb_blurb][\/et_pb_column][\/et_pb_row][\/et_pb_section][et_pb_section fb_built=\u00a0\u00bb1&Prime; _builder_version=\u00a0\u00bb4.27.5&Prime; da_disable_devices=\u00a0\u00bboff|off|off\u00a0\u00bb global_colors_info=\u00a0\u00bb{}\u00a0\u00bb da_is_popup=\u00a0\u00bboff\u00a0\u00bb da_exit_intent=\u00a0\u00bboff\u00a0\u00bb da_has_close=\u00a0\u00bbon\u00a0\u00bb da_alt_close=\u00a0\u00bboff\u00a0\u00bb da_dark_close=\u00a0\u00bboff\u00a0\u00bb da_not_modal=\u00a0\u00bbon\u00a0\u00bb da_is_singular=\u00a0\u00bboff\u00a0\u00bb da_with_loader=\u00a0\u00bboff\u00a0\u00bb da_has_shadow=\u00a0\u00bbon\u00a0\u00bb][et_pb_row _builder_version=\u00a0\u00bb4.16&Prime; global_colors_info=\u00a0\u00bb{}\u00a0\u00bb][et_pb_column type=\u00a0\u00bb4_4&Prime; _builder_version=\u00a0\u00bb4.16&Prime; global_colors_info=\u00a0\u00bb{}\u00a0\u00bb][et_pb_text _builder_version=\u00a0\u00bb4.27.5&Prime; text_font=\u00a0\u00bb||||||||\u00a0\u00bb header_text_color=\u00a0\u00bb#e00052&Prime; header_2_font=\u00a0\u00bb|600||on|||||\u00a0\u00bb header_2_text_color=\u00a0\u00bb#E00052&Prime; header_2_font_size=\u00a0\u00bb30px\u00a0\u00bb text_orientation=\u00a0\u00bbcenter\u00a0\u00bb global_colors_info=\u00a0\u00bb{}\u00a0\u00bb]<h2>Actualit\u00e9<\/h2>[\/et_pb_text][et_pb_code _builder_version=\u00a0\u00bb4.27.5&Prime; hover_enabled=\u00a0\u00bb0&Prime; global_colors_info=\u00a0\u00bb{}\u00a0\u00bb sticky_enabled=\u00a0\u00bb0&Prime;]<div id=\"trustindex-feed-container-instagram-660e80660cd385494a16412f034\"><\/div>[\/et_pb_code][\/et_pb_column][\/et_pb_row][\/et_pb_section]\n","protected":false},"excerpt":{"rendered":"<p>COURSSTAGESANNIVERSAIRES<div data-src=\"https:\/\/cdn.trustindex.io\/loader.js?a3b255160637452dee0628f73fb\"><\/div>Pourquoi Kids UPParce que le cirque est une activit\u00e9 id\u00e9ale pour les enfants\u00a0: confiance en soi, d\u00e9veloppement moteur, socialisation&#8230; Un cours hebdomadaire et des comp\u00e9tences pour la vie\u00a0!Parce que vos enfants y sont encadr\u00e9s par des moniteurs professionnels (psychomotriciens, circaciens), form\u00e9s et certifi\u00e9s qui sauront les faire progresser en toute s\u00e9curit\u00e9 !Parce que pendant [&hellip;]<\/p>\n","protected":false},"author":1,"featured_media":0,"parent":0,"menu_order":0,"comment_status":"closed","ping_status":"closed","template":"","meta":{"_et_pb_use_builder":"on","_et_pb_old_content":"<!-- wp:divi\/placeholder \/-->","_et_gb_content_width":"","footnotes":""},"class_list":["post-1612","page","type-page","status-publish","hentry"],"yoast_head":"<!-- This site is optimized with the Yoast SEO plugin v27.5 - https:\/\/yoast.com\/product\/yoast-seo-wordpress\/ -->\n<title>Baby gym, cirque, trampoline, stages, anniversaires - Kids Up Lausanne<\/title>\n<meta name=\"description\" content=\"\u00c9cole de cirque et baby-gym pour enfants d\u00e8s 12 mois \u00e0 Ecublens\/Lausanne. Cours hebdomadaires, stages de vacances, anniversaires. Parking gratuit. Cours d&#039;essai disponible !\" \/>\n<meta name=\"robots\" content=\"index, follow, max-snippet:-1, max-image-preview:large, max-video-preview:-1\" \/>\n<link rel=\"canonical\" href=\"https:\/\/www.kidsup.ch\/lausanne\/\" \/>\n<meta property=\"og:locale\" content=\"fr_FR\" \/>\n<meta property=\"og:type\" content=\"article\" \/>\n<meta property=\"og:title\" content=\"Baby gym, cirque, trampoline, stages, anniversaires - Kids Up Lausanne\" \/>\n<meta property=\"og:description\" content=\"\u00c9cole de cirque et baby-gym pour enfants d\u00e8s 12 mois \u00e0 Ecublens\/Lausanne. Cours hebdomadaires, stages de vacances, anniversaires. Parking gratuit. Cours d&#039;essai disponible !\" \/>\n<meta property=\"og:url\" content=\"https:\/\/www.kidsup.ch\/lausanne\/\" \/>\n<meta property=\"og:site_name\" content=\"Kids Up Lausanne\" \/>\n<meta property=\"article:publisher\" content=\"https:\/\/www.facebook.com\/KidsUpLausanne\" \/>\n<meta property=\"article:modified_time\" content=\"2026-03-21T10:51:01+00:00\" \/>\n<meta property=\"og:image\" content=\"https:\/\/www.kidsup.ch\/lausanne\/wp-content\/uploads\/kidsup-logo.png\" \/>\n\t<meta property=\"og:image:width\" content=\"250\" \/>\n\t<meta property=\"og:image:height\" content=\"102\" \/>\n\t<meta property=\"og:image:type\" content=\"image\/png\" \/>\n<meta name=\"twitter:card\" content=\"summary_large_image\" \/>\n<meta name=\"twitter:label1\" content=\"Dur\u00e9e de lecture estim\u00e9e\" \/>\n\t<meta name=\"twitter:data1\" content=\"2 minutes\" \/>\n<script type=\"application\/ld+json\" class=\"yoast-schema-graph\">{\"@context\":\"https:\\\/\\\/schema.org\",\"@graph\":[{\"@type\":\"WebPage\",\"@id\":\"https:\\\/\\\/www.kidsup.ch\\\/lausanne\\\/\",\"url\":\"https:\\\/\\\/www.kidsup.ch\\\/lausanne\\\/\",\"name\":\"Baby gym, cirque, trampoline, stages, anniversaires - Kids Up Lausanne\",\"isPartOf\":{\"@id\":\"https:\\\/\\\/www.kidsup.ch\\\/lausanne\\\/#website\"},\"datePublished\":\"2019-09-17T15:45:41+00:00\",\"dateModified\":\"2026-03-21T10:51:01+00:00\",\"description\":\"\u00c9cole de cirque et baby-gym pour enfants d\u00e8s 12 mois \u00e0 Ecublens\\\/Lausanne. Cours hebdomadaires, stages de vacances, anniversaires. Parking gratuit. Cours d'essai disponible !\",\"breadcrumb\":{\"@id\":\"https:\\\/\\\/www.kidsup.ch\\\/lausanne\\\/#breadcrumb\"},\"inLanguage\":\"fr-FR\",\"potentialAction\":[{\"@type\":\"ReadAction\",\"target\":[\"https:\\\/\\\/www.kidsup.ch\\\/lausanne\\\/\"]}]},{\"@type\":\"BreadcrumbList\",\"@id\":\"https:\\\/\\\/www.kidsup.ch\\\/lausanne\\\/#breadcrumb\",\"itemListElement\":[{\"@type\":\"ListItem\",\"position\":1,\"name\":\"Home\",\"item\":\"https:\\\/\\\/www.kidsup.ch\\\/lausanne\\\/\"},{\"@type\":\"ListItem\",\"position\":2,\"name\":\"Baby gym, cirque, trampoline, stages, anniversaires\"}]},{\"@type\":\"WebSite\",\"@id\":\"https:\\\/\\\/www.kidsup.ch\\\/lausanne\\\/#website\",\"url\":\"https:\\\/\\\/www.kidsup.ch\\\/lausanne\\\/\",\"name\":\"Kids Up Lausanne\",\"description\":\"Baby gym, cirque &amp; trampoline\",\"publisher\":{\"@id\":\"https:\\\/\\\/www.kidsup.ch\\\/lausanne\\\/#organization\"},\"potentialAction\":[{\"@type\":\"SearchAction\",\"target\":{\"@type\":\"EntryPoint\",\"urlTemplate\":\"https:\\\/\\\/www.kidsup.ch\\\/lausanne\\\/?s={search_term_string}\"},\"query-input\":{\"@type\":\"PropertyValueSpecification\",\"valueRequired\":true,\"valueName\":\"search_term_string\"}}],\"inLanguage\":\"fr-FR\"},{\"@type\":\"Organization\",\"@id\":\"https:\\\/\\\/www.kidsup.ch\\\/lausanne\\\/#organization\",\"name\":\"Kids Up Lausanne\",\"url\":\"https:\\\/\\\/www.kidsup.ch\\\/lausanne\\\/\",\"logo\":{\"@type\":\"ImageObject\",\"inLanguage\":\"fr-FR\",\"@id\":\"https:\\\/\\\/www.kidsup.ch\\\/lausanne\\\/#\\\/schema\\\/logo\\\/image\\\/\",\"url\":\"https:\\\/\\\/www.kidsup.ch\\\/lausanne\\\/wp-content\\\/uploads\\\/kidsup-lausanne-logo.png\",\"contentUrl\":\"https:\\\/\\\/www.kidsup.ch\\\/lausanne\\\/wp-content\\\/uploads\\\/kidsup-lausanne-logo.png\",\"width\":340,\"height\":65,\"caption\":\"Kids Up Lausanne\"},\"image\":{\"@id\":\"https:\\\/\\\/www.kidsup.ch\\\/lausanne\\\/#\\\/schema\\\/logo\\\/image\\\/\"},\"sameAs\":[\"https:\\\/\\\/www.facebook.com\\\/KidsUpLausanne\",\"https:\\\/\\\/www.instagram.com\\\/kids_up_lausanne\",\"https:\\\/\\\/www.youtube.com\\\/KidsUpSuisse\"]}]}<\/script>\n<!-- \/ Yoast SEO plugin. -->","yoast_head_json":{"title":"Baby gym, cirque, trampoline, stages, anniversaires - Kids Up Lausanne","description":"\u00c9cole de cirque et baby-gym pour enfants d\u00e8s 12 mois \u00e0 Ecublens\/Lausanne. Cours hebdomadaires, stages de vacances, anniversaires. Parking gratuit. Cours d'essai disponible !","robots":{"index":"index","follow":"follow","max-snippet":"max-snippet:-1","max-image-preview":"max-image-preview:large","max-video-preview":"max-video-preview:-1"},"canonical":"https:\/\/www.kidsup.ch\/lausanne\/","og_locale":"fr_FR","og_type":"article","og_title":"Baby gym, cirque, trampoline, stages, anniversaires - Kids Up Lausanne","og_description":"\u00c9cole de cirque et baby-gym pour enfants d\u00e8s 12 mois \u00e0 Ecublens\/Lausanne. Cours hebdomadaires, stages de vacances, anniversaires. Parking gratuit. Cours d'essai disponible !","og_url":"https:\/\/www.kidsup.ch\/lausanne\/","og_site_name":"Kids Up Lausanne","article_publisher":"https:\/\/www.facebook.com\/KidsUpLausanne","article_modified_time":"2026-03-21T10:51:01+00:00","og_image":[{"width":250,"height":102,"url":"https:\/\/www.kidsup.ch\/lausanne\/wp-content\/uploads\/kidsup-logo.png","type":"image\/png"}],"twitter_card":"summary_large_image","twitter_misc":{"Dur\u00e9e de lecture estim\u00e9e":"2 minutes"},"schema":{"@context":"https:\/\/schema.org","@graph":[{"@type":"WebPage","@id":"https:\/\/www.kidsup.ch\/lausanne\/","url":"https:\/\/www.kidsup.ch\/lausanne\/","name":"Baby gym, cirque, trampoline, stages, anniversaires - Kids Up Lausanne","isPartOf":{"@id":"https:\/\/www.kidsup.ch\/lausanne\/#website"},"datePublished":"2019-09-17T15:45:41+00:00","dateModified":"2026-03-21T10:51:01+00:00","description":"\u00c9cole de cirque et baby-gym pour enfants d\u00e8s 12 mois \u00e0 Ecublens\/Lausanne. Cours hebdomadaires, stages de vacances, anniversaires. Parking gratuit. Cours d'essai disponible !","breadcrumb":{"@id":"https:\/\/www.kidsup.ch\/lausanne\/#breadcrumb"},"inLanguage":"fr-FR","potentialAction":[{"@type":"ReadAction","target":["https:\/\/www.kidsup.ch\/lausanne\/"]}]},{"@type":"BreadcrumbList","@id":"https:\/\/www.kidsup.ch\/lausanne\/#breadcrumb","itemListElement":[{"@type":"ListItem","position":1,"name":"Home","item":"https:\/\/www.kidsup.ch\/lausanne\/"},{"@type":"ListItem","position":2,"name":"Baby gym, cirque, trampoline, stages, anniversaires"}]},{"@type":"WebSite","@id":"https:\/\/www.kidsup.ch\/lausanne\/#website","url":"https:\/\/www.kidsup.ch\/lausanne\/","name":"Kids Up Lausanne","description":"Baby gym, cirque &amp; trampoline","publisher":{"@id":"https:\/\/www.kidsup.ch\/lausanne\/#organization"},"potentialAction":[{"@type":"SearchAction","target":{"@type":"EntryPoint","urlTemplate":"https:\/\/www.kidsup.ch\/lausanne\/?s={search_term_string}"},"query-input":{"@type":"PropertyValueSpecification","valueRequired":true,"valueName":"search_term_string"}}],"inLanguage":"fr-FR"},{"@type":"Organization","@id":"https:\/\/www.kidsup.ch\/lausanne\/#organization","name":"Kids Up Lausanne","url":"https:\/\/www.kidsup.ch\/lausanne\/","logo":{"@type":"ImageObject","inLanguage":"fr-FR","@id":"https:\/\/www.kidsup.ch\/lausanne\/#\/schema\/logo\/image\/","url":"https:\/\/www.kidsup.ch\/lausanne\/wp-content\/uploads\/kidsup-lausanne-logo.png","contentUrl":"https:\/\/www.kidsup.ch\/lausanne\/wp-content\/uploads\/kidsup-lausanne-logo.png","width":340,"height":65,"caption":"Kids Up Lausanne"},"image":{"@id":"https:\/\/www.kidsup.ch\/lausanne\/#\/schema\/logo\/image\/"},"sameAs":["https:\/\/www.facebook.com\/KidsUpLausanne","https:\/\/www.instagram.com\/kids_up_lausanne","https:\/\/www.youtube.com\/KidsUpSuisse"]}]}},"_links":{"self":[{"href":"https:\/\/www.kidsup.ch\/lausanne\/wp-json\/wp\/v2\/pages\/1612","targetHints":{"allow":["GET"]}}],"collection":[{"href":"https:\/\/www.kidsup.ch\/lausanne\/wp-json\/wp\/v2\/pages"}],"about":[{"href":"https:\/\/www.kidsup.ch\/lausanne\/wp-json\/wp\/v2\/types\/page"}],"author":[{"embeddable":true,"href":"https:\/\/www.kidsup.ch\/lausanne\/wp-json\/wp\/v2\/users\/1"}],"replies":[{"embeddable":true,"href":"https:\/\/www.kidsup.ch\/lausanne\/wp-json\/wp\/v2\/comments?post=1612"}],"version-history":[{"count":256,"href":"https:\/\/www.kidsup.ch\/lausanne\/wp-json\/wp\/v2\/pages\/1612\/revisions"}],"predecessor-version":[{"id":6170,"href":"https:\/\/www.kidsup.ch\/lausanne\/wp-json\/wp\/v2\/pages\/1612\/revisions\/6170"}],"wp:attachment":[{"href":"https:\/\/www.kidsup.ch\/lausanne\/wp-json\/wp\/v2\/media?parent=1612"}],"curies":[{"name":"wp","href":"https:\/\/api.w.org\/{rel}","templated":true}]}}