{"id":1420,"date":"2017-01-06T15:25:48","date_gmt":"2017-01-06T14:25:48","guid":{"rendered":"http:\/\/demo.infomaniak.com\/divi\/?page_id=1420"},"modified":"2025-10-09T16:52:33","modified_gmt":"2025-10-09T14:52:33","slug":"contact","status":"publish","type":"page","link":"https:\/\/www.kidsup.ch\/lausanne\/contact\/","title":{"rendered":"Formulaire de contact"},"content":{"rendered":"<p>[et_pb_section fb_built=\u00a0\u00bb1&Prime; fullwidth=\u00a0\u00bbon\u00a0\u00bb _builder_version=\u00a0\u00bb4.16&Prime; background_color=\u00a0\u00bb#e00052&Prime; custom_padding=\u00a0\u00bb0px||20px||false|false\u00a0\u00bb da_disable_devices=\u00a0\u00bboff|off|off\u00a0\u00bb global_colors_info=\u00a0\u00bb{}\u00a0\u00bb da_is_popup=\u00a0\u00bboff\u00a0\u00bb da_exit_intent=\u00a0\u00bboff\u00a0\u00bb da_has_close=\u00a0\u00bbon\u00a0\u00bb da_alt_close=\u00a0\u00bboff\u00a0\u00bb da_dark_close=\u00a0\u00bboff\u00a0\u00bb da_not_modal=\u00a0\u00bbon\u00a0\u00bb da_is_singular=\u00a0\u00bboff\u00a0\u00bb da_with_loader=\u00a0\u00bboff\u00a0\u00bb da_has_shadow=\u00a0\u00bbon\u00a0\u00bb][et_pb_fullwidth_header title=\u00a0\u00bbContact\u00a0\u00bb subhead=\u00a0\u00bbContactez-nous facilement pour toute question ou suggestion\u00a0\u00bb button_one_url=\u00a0\u00bbhttps:\/\/kidsup.cogito-sport.ch\/WebRegistration\/GroupSelection?itemCode=KUL-CM&#038;lessonPeriodId=bddc16c5-35bc-4e72-aec6-0cbb1c9e94d2&Prime; _builder_version=\u00a0\u00bb4.16&Prime; title_font=\u00a0\u00bb|||on|||||\u00a0\u00bb background_enable_color=\u00a0\u00bboff\u00a0\u00bb background_image=\u00a0\u00bbhttps:\/\/www.kidsup.ch\/lausanne\/wp-content\/uploads\/banner-contact.jpg\u00a0\u00bb link_option_url_new_window=\u00a0\u00bbon\u00a0\u00bb global_colors_info=\u00a0\u00bb{}\u00a0\u00bb][\/et_pb_fullwidth_header][\/et_pb_section][et_pb_section fb_built=\u00a0\u00bb1&Prime; _builder_version=\u00a0\u00bb4.16&Prime; da_disable_devices=\u00a0\u00bboff|off|off\u00a0\u00bb global_colors_info=\u00a0\u00bb{}\u00a0\u00bb da_is_popup=\u00a0\u00bboff\u00a0\u00bb da_exit_intent=\u00a0\u00bboff\u00a0\u00bb da_has_close=\u00a0\u00bbon\u00a0\u00bb da_alt_close=\u00a0\u00bboff\u00a0\u00bb da_dark_close=\u00a0\u00bboff\u00a0\u00bb da_not_modal=\u00a0\u00bbon\u00a0\u00bb da_is_singular=\u00a0\u00bboff\u00a0\u00bb da_with_loader=\u00a0\u00bboff\u00a0\u00bb da_has_shadow=\u00a0\u00bbon\u00a0\u00bb][et_pb_row _builder_version=\u00a0\u00bb4.16&Prime; global_colors_info=\u00a0\u00bb{}\u00a0\u00bb][et_pb_column type=\u00a0\u00bb4_4&Prime; _builder_version=\u00a0\u00bb4.16&Prime; global_colors_info=\u00a0\u00bb{}\u00a0\u00bb][et_pb_text _builder_version=\u00a0\u00bb4.16&Prime; header_text_color=\u00a0\u00bb#e00052&Prime; text_orientation=\u00a0\u00bbcenter\u00a0\u00bb global_colors_info=\u00a0\u00bb{}\u00a0\u00bb]<\/p>\n<h1>Formulaire de contact<\/h1>\n<p>Une question ? Une demande \u00e0 nous faire ? Une suggestion ? Utilisez notre formulaire de contact ci-dessous.[\/et_pb_text][\/et_pb_column][\/et_pb_row][et_pb_row column_structure=\u00a0\u00bb1_4,3_4&Prime; _builder_version=\u00a0\u00bb4.16&Prime; global_colors_info=\u00a0\u00bb{}\u00a0\u00bb][et_pb_column type=\u00a0\u00bb1_4&Prime; _builder_version=\u00a0\u00bb4.16&Prime; global_colors_info=\u00a0\u00bb{}\u00a0\u00bb][et_pb_blurb title=\u00a0\u00bbAdresse\u00a0\u00bb use_icon=\u00a0\u00bbon\u00a0\u00bb font_icon=\u00a0\u00bb&#xe01c;||divi||400&Prime; image_icon_width=\u00a0\u00bb50px\u00a0\u00bb _builder_version=\u00a0\u00bb4.16&Prime; header_font=\u00a0\u00bb|600||on|||||\u00a0\u00bb header_text_color=\u00a0\u00bb#e00052&Prime; text_orientation=\u00a0\u00bbcenter\u00a0\u00bb custom_margin=\u00a0\u00bb55px||55px||false|false\u00a0\u00bb icon_font_size=\u00a0\u00bb50px\u00a0\u00bb locked=\u00a0\u00bboff\u00a0\u00bb global_colors_info=\u00a0\u00bb{}\u00a0\u00bb]<i class=\"fas fa-map-marker-alt\"><\/i> Kids Up S\u00e0rl<br \/>\nRoute Cantonale 102<br \/>\n1024 Ecublens<br \/>\n<i class=\"fas fa-phone\"><\/i> <a href=\"tel:+41215101210\">+41 21 510 12 10<\/a><br \/>\n<i class=\"fas fa-at\"><\/i> <a href=\"mailto:info-lausanne@kidsup.ch\">info-lausanne@kidsup.ch<\/a>[\/et_pb_blurb][\/et_pb_column][et_pb_column type=\u00a0\u00bb3_4&Prime; _builder_version=\u00a0\u00bb4.16&Prime; global_colors_info=\u00a0\u00bb{}\u00a0\u00bb][et_pb_contact_form email=\u00a0\u00bbinfo-lausanne@kidsup.ch\u00a0\u00bb custom_message=\u00a0\u00bbUn formulaire de contact Kids Up Lausanne vient d&rsquo;\u00eatre soumis.||et_pb_line_break_holder||||et_pb_line_break_holder||Nom : %%Name%%||et_pb_line_break_holder||E-mail : %%E-mail%%||et_pb_line_break_holder||T\u00e9l\u00e9phone : %%Phone%%||et_pb_line_break_holder||<\/p>\n<p>||et_pb_line_break_holder||Message : %%Message%%||et_pb_line_break_holder||\u00a0\u00bb success_message=\u00a0\u00bbVotre message nous a bien \u00e9t\u00e9 envoy\u00e9.\u00a0\u00bb submit_button_text=\u00a0\u00bbENVOYER\u00a0\u00bb _builder_version=\u00a0\u00bb4.27.4&Prime; _unique_id=\u00a0\u00bb8965be5f-7dfe-437c-bfb9-b6e03f0c22f0&Prime; title_font=\u00a0\u00bb|||on|||||\u00a0\u00bb title_text_align=\u00a0\u00bbcenter\u00a0\u00bb title_text_color=\u00a0\u00bb#e00052&Prime; hover_enabled=\u00a0\u00bb0&Prime; global_colors_info=\u00a0\u00bb{}\u00a0\u00bb use_redirect=\u00a0\u00bbon\u00a0\u00bb redirect_url=\u00a0\u00bb\/lausanne\/formulaire-envoye\/\u00a0\u00bb sticky_enabled=\u00a0\u00bb0&Prime;][et_pb_contact_field field_id=\u00a0\u00bbName\u00a0\u00bb field_title=\u00a0\u00bbNom\u00a0\u00bb fullwidth_field=\u00a0\u00bbon\u00a0\u00bb _builder_version=\u00a0\u00bb4.16&Prime; global_colors_info=\u00a0\u00bb{}\u00a0\u00bb button_text_size__hover_enabled=\u00a0\u00bboff\u00a0\u00bb button_one_text_size__hover_enabled=\u00a0\u00bboff\u00a0\u00bb button_two_text_size__hover_enabled=\u00a0\u00bboff\u00a0\u00bb button_text_color__hover_enabled=\u00a0\u00bboff\u00a0\u00bb button_one_text_color__hover_enabled=\u00a0\u00bboff\u00a0\u00bb button_two_text_color__hover_enabled=\u00a0\u00bboff\u00a0\u00bb button_border_width__hover_enabled=\u00a0\u00bboff\u00a0\u00bb button_one_border_width__hover_enabled=\u00a0\u00bboff\u00a0\u00bb button_two_border_width__hover_enabled=\u00a0\u00bboff\u00a0\u00bb button_border_color__hover_enabled=\u00a0\u00bboff\u00a0\u00bb button_one_border_color__hover_enabled=\u00a0\u00bboff\u00a0\u00bb button_two_border_color__hover_enabled=\u00a0\u00bboff\u00a0\u00bb button_border_radius__hover_enabled=\u00a0\u00bboff\u00a0\u00bb button_one_border_radius__hover_enabled=\u00a0\u00bboff\u00a0\u00bb button_two_border_radius__hover_enabled=\u00a0\u00bboff\u00a0\u00bb button_letter_spacing__hover_enabled=\u00a0\u00bboff\u00a0\u00bb button_one_letter_spacing__hover_enabled=\u00a0\u00bboff\u00a0\u00bb button_two_letter_spacing__hover_enabled=\u00a0\u00bboff\u00a0\u00bb button_bg_color__hover_enabled=\u00a0\u00bboff\u00a0\u00bb button_one_bg_color__hover_enabled=\u00a0\u00bboff\u00a0\u00bb button_two_bg_color__hover_enabled=\u00a0\u00bboff\u00a0\u00bb][\/et_pb_contact_field][et_pb_contact_field field_id=\u00a0\u00bbE-mail\u00a0\u00bb field_title=\u00a0\u00bbE-mail\u00a0\u00bb field_type=\u00a0\u00bbemail\u00a0\u00bb fullwidth_field=\u00a0\u00bbon\u00a0\u00bb _builder_version=\u00a0\u00bb4.16&Prime; global_colors_info=\u00a0\u00bb{}\u00a0\u00bb button_text_size__hover_enabled=\u00a0\u00bboff\u00a0\u00bb button_one_text_size__hover_enabled=\u00a0\u00bboff\u00a0\u00bb button_two_text_size__hover_enabled=\u00a0\u00bboff\u00a0\u00bb button_text_color__hover_enabled=\u00a0\u00bboff\u00a0\u00bb button_one_text_color__hover_enabled=\u00a0\u00bboff\u00a0\u00bb button_two_text_color__hover_enabled=\u00a0\u00bboff\u00a0\u00bb button_border_width__hover_enabled=\u00a0\u00bboff\u00a0\u00bb button_one_border_width__hover_enabled=\u00a0\u00bboff\u00a0\u00bb button_two_border_width__hover_enabled=\u00a0\u00bboff\u00a0\u00bb button_border_color__hover_enabled=\u00a0\u00bboff\u00a0\u00bb button_one_border_color__hover_enabled=\u00a0\u00bboff\u00a0\u00bb button_two_border_color__hover_enabled=\u00a0\u00bboff\u00a0\u00bb button_border_radius__hover_enabled=\u00a0\u00bboff\u00a0\u00bb button_one_border_radius__hover_enabled=\u00a0\u00bboff\u00a0\u00bb button_two_border_radius__hover_enabled=\u00a0\u00bboff\u00a0\u00bb button_letter_spacing__hover_enabled=\u00a0\u00bboff\u00a0\u00bb button_one_letter_spacing__hover_enabled=\u00a0\u00bboff\u00a0\u00bb button_two_letter_spacing__hover_enabled=\u00a0\u00bboff\u00a0\u00bb button_bg_color__hover_enabled=\u00a0\u00bboff\u00a0\u00bb button_one_bg_color__hover_enabled=\u00a0\u00bboff\u00a0\u00bb button_two_bg_color__hover_enabled=\u00a0\u00bboff\u00a0\u00bb][\/et_pb_contact_field][et_pb_contact_field field_id=\u00a0\u00bbPhone\u00a0\u00bb field_title=\u00a0\u00bbNum\u00e9ro de t\u00e9l\u00e9phone\u00a0\u00bb fullwidth_field=\u00a0\u00bbon\u00a0\u00bb _builder_version=\u00a0\u00bb4.16&Prime; global_colors_info=\u00a0\u00bb{}\u00a0\u00bb][\/et_pb_contact_field][et_pb_contact_field field_id=\u00a0\u00bbMessage\u00a0\u00bb field_title=\u00a0\u00bbVotre message\u00a0\u00bb field_type=\u00a0\u00bbtext\u00a0\u00bb fullwidth_field=\u00a0\u00bbon\u00a0\u00bb _builder_version=\u00a0\u00bb4.16&Prime; global_colors_info=\u00a0\u00bb{}\u00a0\u00bb button_text_size__hover_enabled=\u00a0\u00bboff\u00a0\u00bb button_one_text_size__hover_enabled=\u00a0\u00bboff\u00a0\u00bb button_two_text_size__hover_enabled=\u00a0\u00bboff\u00a0\u00bb button_text_color__hover_enabled=\u00a0\u00bboff\u00a0\u00bb button_one_text_color__hover_enabled=\u00a0\u00bboff\u00a0\u00bb button_two_text_color__hover_enabled=\u00a0\u00bboff\u00a0\u00bb button_border_width__hover_enabled=\u00a0\u00bboff\u00a0\u00bb button_one_border_width__hover_enabled=\u00a0\u00bboff\u00a0\u00bb button_two_border_width__hover_enabled=\u00a0\u00bboff\u00a0\u00bb button_border_color__hover_enabled=\u00a0\u00bboff\u00a0\u00bb button_one_border_color__hover_enabled=\u00a0\u00bboff\u00a0\u00bb button_two_border_color__hover_enabled=\u00a0\u00bboff\u00a0\u00bb button_border_radius__hover_enabled=\u00a0\u00bboff\u00a0\u00bb button_one_border_radius__hover_enabled=\u00a0\u00bboff\u00a0\u00bb button_two_border_radius__hover_enabled=\u00a0\u00bboff\u00a0\u00bb button_letter_spacing__hover_enabled=\u00a0\u00bboff\u00a0\u00bb button_one_letter_spacing__hover_enabled=\u00a0\u00bboff\u00a0\u00bb button_two_letter_spacing__hover_enabled=\u00a0\u00bboff\u00a0\u00bb button_bg_color__hover_enabled=\u00a0\u00bboff\u00a0\u00bb button_one_bg_color__hover_enabled=\u00a0\u00bboff\u00a0\u00bb button_two_bg_color__hover_enabled=\u00a0\u00bboff\u00a0\u00bb][\/et_pb_contact_field][\/et_pb_contact_form][\/et_pb_column][\/et_pb_row][\/et_pb_section]<\/p>\n","protected":false},"excerpt":{"rendered":"<p>Formulaire de contact Une question ? Une demande \u00e0 nous faire ? Une suggestion ? Utilisez notre formulaire de contact ci-dessous. Kids Up S\u00e0rl Route Cantonale 102 1024 Ecublens +41 21 510 12 10 info-lausanne@kidsup.ch<\/p>\n","protected":false},"author":1,"featured_media":0,"parent":0,"menu_order":50,"comment_status":"closed","ping_status":"closed","template":"","meta":{"_et_pb_use_builder":"on","_et_pb_old_content":"","_et_gb_content_width":"","footnotes":""},"class_list":["post-1420","page","type-page","status-publish","hentry"],"yoast_head":"<!-- This site is optimized with the Yoast SEO plugin v27.5 - https:\/\/yoast.com\/product\/yoast-seo-wordpress\/ -->\n<title>Formulaire de contact - Kids Up Lausanne<\/title>\n<meta name=\"description\" content=\"Une question ? Une demande \u00e0 nous faire ? Une suggestion ? Utilisez notre formulaire de contact en ligne pour nous contacter.\" \/>\n<meta name=\"robots\" content=\"index, follow, max-snippet:-1, max-image-preview:large, max-video-preview:-1\" \/>\n<link rel=\"canonical\" href=\"https:\/\/www.kidsup.ch\/lausanne\/contact\/\" \/>\n<meta property=\"og:locale\" content=\"fr_FR\" \/>\n<meta property=\"og:type\" content=\"article\" \/>\n<meta property=\"og:title\" content=\"Formulaire de contact - Kids Up Lausanne\" \/>\n<meta property=\"og:description\" content=\"Une question ? Une demande \u00e0 nous faire ? Une suggestion ? Utilisez notre formulaire de contact en ligne pour nous contacter.\" \/>\n<meta property=\"og:url\" content=\"https:\/\/www.kidsup.ch\/lausanne\/contact\/\" \/>\n<meta property=\"og:site_name\" content=\"Kids Up Lausanne\" \/>\n<meta property=\"article:publisher\" content=\"https:\/\/www.facebook.com\/KidsUpLausanne\" \/>\n<meta property=\"article:modified_time\" content=\"2025-10-09T14:52:33+00:00\" \/>\n<meta property=\"og:image\" content=\"https:\/\/www.kidsup.ch\/lausanne\/wp-content\/uploads\/kidsup-logo.png\" \/>\n\t<meta property=\"og:image:width\" content=\"250\" \/>\n\t<meta property=\"og:image:height\" content=\"102\" \/>\n\t<meta property=\"og:image:type\" content=\"image\/png\" \/>\n<meta name=\"twitter:card\" content=\"summary_large_image\" \/>\n<meta name=\"twitter:label1\" content=\"Dur\u00e9e de lecture estim\u00e9e\" \/>\n\t<meta name=\"twitter:data1\" content=\"5 minutes\" \/>\n<script type=\"application\/ld+json\" class=\"yoast-schema-graph\">{\"@context\":\"https:\\\/\\\/schema.org\",\"@graph\":[{\"@type\":\"WebPage\",\"@id\":\"https:\\\/\\\/www.kidsup.ch\\\/lausanne\\\/contact\\\/\",\"url\":\"https:\\\/\\\/www.kidsup.ch\\\/lausanne\\\/contact\\\/\",\"name\":\"Formulaire de contact - Kids Up Lausanne\",\"isPartOf\":{\"@id\":\"https:\\\/\\\/www.kidsup.ch\\\/lausanne\\\/#website\"},\"datePublished\":\"2017-01-06T14:25:48+00:00\",\"dateModified\":\"2025-10-09T14:52:33+00:00\",\"description\":\"Une question ? Une demande \u00e0 nous faire ? Une suggestion ? Utilisez notre formulaire de contact en ligne pour nous contacter.\",\"breadcrumb\":{\"@id\":\"https:\\\/\\\/www.kidsup.ch\\\/lausanne\\\/contact\\\/#breadcrumb\"},\"inLanguage\":\"fr-FR\",\"potentialAction\":[{\"@type\":\"ReadAction\",\"target\":[\"https:\\\/\\\/www.kidsup.ch\\\/lausanne\\\/contact\\\/\"]}]},{\"@type\":\"BreadcrumbList\",\"@id\":\"https:\\\/\\\/www.kidsup.ch\\\/lausanne\\\/contact\\\/#breadcrumb\",\"itemListElement\":[{\"@type\":\"ListItem\",\"position\":1,\"name\":\"Home\",\"item\":\"https:\\\/\\\/www.kidsup.ch\\\/lausanne\\\/\"},{\"@type\":\"ListItem\",\"position\":2,\"name\":\"Formulaire de contact\"}]},{\"@type\":\"WebSite\",\"@id\":\"https:\\\/\\\/www.kidsup.ch\\\/lausanne\\\/#website\",\"url\":\"https:\\\/\\\/www.kidsup.ch\\\/lausanne\\\/\",\"name\":\"Kids Up Lausanne\",\"description\":\"Baby gym, cirque &amp; trampoline\",\"publisher\":{\"@id\":\"https:\\\/\\\/www.kidsup.ch\\\/lausanne\\\/#organization\"},\"potentialAction\":[{\"@type\":\"SearchAction\",\"target\":{\"@type\":\"EntryPoint\",\"urlTemplate\":\"https:\\\/\\\/www.kidsup.ch\\\/lausanne\\\/?s={search_term_string}\"},\"query-input\":{\"@type\":\"PropertyValueSpecification\",\"valueRequired\":true,\"valueName\":\"search_term_string\"}}],\"inLanguage\":\"fr-FR\"},{\"@type\":\"Organization\",\"@id\":\"https:\\\/\\\/www.kidsup.ch\\\/lausanne\\\/#organization\",\"name\":\"Kids Up Lausanne\",\"url\":\"https:\\\/\\\/www.kidsup.ch\\\/lausanne\\\/\",\"logo\":{\"@type\":\"ImageObject\",\"inLanguage\":\"fr-FR\",\"@id\":\"https:\\\/\\\/www.kidsup.ch\\\/lausanne\\\/#\\\/schema\\\/logo\\\/image\\\/\",\"url\":\"https:\\\/\\\/www.kidsup.ch\\\/lausanne\\\/wp-content\\\/uploads\\\/kidsup-lausanne-logo.png\",\"contentUrl\":\"https:\\\/\\\/www.kidsup.ch\\\/lausanne\\\/wp-content\\\/uploads\\\/kidsup-lausanne-logo.png\",\"width\":340,\"height\":65,\"caption\":\"Kids Up Lausanne\"},\"image\":{\"@id\":\"https:\\\/\\\/www.kidsup.ch\\\/lausanne\\\/#\\\/schema\\\/logo\\\/image\\\/\"},\"sameAs\":[\"https:\\\/\\\/www.facebook.com\\\/KidsUpLausanne\",\"https:\\\/\\\/www.instagram.com\\\/kids_up_lausanne\",\"https:\\\/\\\/www.youtube.com\\\/KidsUpSuisse\"]}]}<\/script>\n<!-- \/ Yoast SEO plugin. -->","yoast_head_json":{"title":"Formulaire de contact - Kids Up Lausanne","description":"Une question ? Une demande \u00e0 nous faire ? Une suggestion ? Utilisez notre formulaire de contact en ligne pour nous contacter.","robots":{"index":"index","follow":"follow","max-snippet":"max-snippet:-1","max-image-preview":"max-image-preview:large","max-video-preview":"max-video-preview:-1"},"canonical":"https:\/\/www.kidsup.ch\/lausanne\/contact\/","og_locale":"fr_FR","og_type":"article","og_title":"Formulaire de contact - Kids Up Lausanne","og_description":"Une question ? Une demande \u00e0 nous faire ? Une suggestion ? Utilisez notre formulaire de contact en ligne pour nous contacter.","og_url":"https:\/\/www.kidsup.ch\/lausanne\/contact\/","og_site_name":"Kids Up Lausanne","article_publisher":"https:\/\/www.facebook.com\/KidsUpLausanne","article_modified_time":"2025-10-09T14:52:33+00:00","og_image":[{"width":250,"height":102,"url":"https:\/\/www.kidsup.ch\/lausanne\/wp-content\/uploads\/kidsup-logo.png","type":"image\/png"}],"twitter_card":"summary_large_image","twitter_misc":{"Dur\u00e9e de lecture estim\u00e9e":"5 minutes"},"schema":{"@context":"https:\/\/schema.org","@graph":[{"@type":"WebPage","@id":"https:\/\/www.kidsup.ch\/lausanne\/contact\/","url":"https:\/\/www.kidsup.ch\/lausanne\/contact\/","name":"Formulaire de contact - Kids Up Lausanne","isPartOf":{"@id":"https:\/\/www.kidsup.ch\/lausanne\/#website"},"datePublished":"2017-01-06T14:25:48+00:00","dateModified":"2025-10-09T14:52:33+00:00","description":"Une question ? Une demande \u00e0 nous faire ? Une suggestion ? Utilisez notre formulaire de contact en ligne pour nous contacter.","breadcrumb":{"@id":"https:\/\/www.kidsup.ch\/lausanne\/contact\/#breadcrumb"},"inLanguage":"fr-FR","potentialAction":[{"@type":"ReadAction","target":["https:\/\/www.kidsup.ch\/lausanne\/contact\/"]}]},{"@type":"BreadcrumbList","@id":"https:\/\/www.kidsup.ch\/lausanne\/contact\/#breadcrumb","itemListElement":[{"@type":"ListItem","position":1,"name":"Home","item":"https:\/\/www.kidsup.ch\/lausanne\/"},{"@type":"ListItem","position":2,"name":"Formulaire de contact"}]},{"@type":"WebSite","@id":"https:\/\/www.kidsup.ch\/lausanne\/#website","url":"https:\/\/www.kidsup.ch\/lausanne\/","name":"Kids Up Lausanne","description":"Baby gym, cirque &amp; trampoline","publisher":{"@id":"https:\/\/www.kidsup.ch\/lausanne\/#organization"},"potentialAction":[{"@type":"SearchAction","target":{"@type":"EntryPoint","urlTemplate":"https:\/\/www.kidsup.ch\/lausanne\/?s={search_term_string}"},"query-input":{"@type":"PropertyValueSpecification","valueRequired":true,"valueName":"search_term_string"}}],"inLanguage":"fr-FR"},{"@type":"Organization","@id":"https:\/\/www.kidsup.ch\/lausanne\/#organization","name":"Kids Up Lausanne","url":"https:\/\/www.kidsup.ch\/lausanne\/","logo":{"@type":"ImageObject","inLanguage":"fr-FR","@id":"https:\/\/www.kidsup.ch\/lausanne\/#\/schema\/logo\/image\/","url":"https:\/\/www.kidsup.ch\/lausanne\/wp-content\/uploads\/kidsup-lausanne-logo.png","contentUrl":"https:\/\/www.kidsup.ch\/lausanne\/wp-content\/uploads\/kidsup-lausanne-logo.png","width":340,"height":65,"caption":"Kids Up Lausanne"},"image":{"@id":"https:\/\/www.kidsup.ch\/lausanne\/#\/schema\/logo\/image\/"},"sameAs":["https:\/\/www.facebook.com\/KidsUpLausanne","https:\/\/www.instagram.com\/kids_up_lausanne","https:\/\/www.youtube.com\/KidsUpSuisse"]}]}},"_links":{"self":[{"href":"https:\/\/www.kidsup.ch\/lausanne\/wp-json\/wp\/v2\/pages\/1420","targetHints":{"allow":["GET"]}}],"collection":[{"href":"https:\/\/www.kidsup.ch\/lausanne\/wp-json\/wp\/v2\/pages"}],"about":[{"href":"https:\/\/www.kidsup.ch\/lausanne\/wp-json\/wp\/v2\/types\/page"}],"author":[{"embeddable":true,"href":"https:\/\/www.kidsup.ch\/lausanne\/wp-json\/wp\/v2\/users\/1"}],"replies":[{"embeddable":true,"href":"https:\/\/www.kidsup.ch\/lausanne\/wp-json\/wp\/v2\/comments?post=1420"}],"version-history":[{"count":27,"href":"https:\/\/www.kidsup.ch\/lausanne\/wp-json\/wp\/v2\/pages\/1420\/revisions"}],"predecessor-version":[{"id":5656,"href":"https:\/\/www.kidsup.ch\/lausanne\/wp-json\/wp\/v2\/pages\/1420\/revisions\/5656"}],"wp:attachment":[{"href":"https:\/\/www.kidsup.ch\/lausanne\/wp-json\/wp\/v2\/media?parent=1420"}],"curies":[{"name":"wp","href":"https:\/\/api.w.org\/{rel}","templated":true}]}}