{"id":2340,"date":"2019-10-07T10:45:44","date_gmt":"2019-10-07T08:45:44","guid":{"rendered":"https:\/\/www.kidsup.ch\/geneve\/?page_id=2340"},"modified":"2025-12-21T10:54:26","modified_gmt":"2025-12-21T09:54:26","slug":"temoignages","status":"publish","type":"page","link":"https:\/\/www.kidsup.ch\/geneve\/a-propos\/temoignages\/","title":{"rendered":"T\u00e9moignages et avis"},"content":{"rendered":"<p>[et_pb_section fb_built=\u00a0\u00bb1&Prime; fullwidth=\u00a0\u00bbon\u00a0\u00bb _builder_version=\u00a0\u00bb4.16&Prime; background_color=\u00a0\u00bb#e00052&Prime; custom_padding=\u00a0\u00bb0px||20px||false|false\u00a0\u00bb da_disable_devices=\u00a0\u00bboff|off|off\u00a0\u00bb global_colors_info=\u00a0\u00bb{}\u00a0\u00bb da_is_popup=\u00a0\u00bboff\u00a0\u00bb da_exit_intent=\u00a0\u00bboff\u00a0\u00bb da_has_close=\u00a0\u00bbon\u00a0\u00bb da_alt_close=\u00a0\u00bboff\u00a0\u00bb da_dark_close=\u00a0\u00bboff\u00a0\u00bb da_not_modal=\u00a0\u00bbon\u00a0\u00bb da_is_singular=\u00a0\u00bboff\u00a0\u00bb da_with_loader=\u00a0\u00bboff\u00a0\u00bb da_has_shadow=\u00a0\u00bbon\u00a0\u00bb][et_pb_fullwidth_header title=\u00a0\u00bbT\u00e9moignages\u00a0\u00bb subhead=\u00a0\u00bbVous parlez de nous, et cela nous touche !\u00a0\u00bb button_one_url=\u00a0\u00bbhttps:\/\/kidsup.cogito-sport.ch\/WebRegistration\/GroupSelection?itemCode=KUL-CM&#038;lessonPeriodId=bddc16c5-35bc-4e72-aec6-0cbb1c9e94d2&Prime; _builder_version=\u00a0\u00bb4.16&Prime; title_font=\u00a0\u00bb|||on|||||\u00a0\u00bb background_enable_color=\u00a0\u00bboff\u00a0\u00bb background_image=\u00a0\u00bbhttps:\/\/www.kidsup.ch\/geneve\/wp-content\/uploads\/banner-temoignages.jpg\u00a0\u00bb link_option_url_new_window=\u00a0\u00bbon\u00a0\u00bb global_colors_info=\u00a0\u00bb{}\u00a0\u00bb][\/et_pb_fullwidth_header][\/et_pb_section][et_pb_section fb_built=\u00a0\u00bb1&Prime; _builder_version=\u00a0\u00bb4.16&Prime; da_disable_devices=\u00a0\u00bboff|off|off\u00a0\u00bb global_colors_info=\u00a0\u00bb{}\u00a0\u00bb da_is_popup=\u00a0\u00bboff\u00a0\u00bb da_exit_intent=\u00a0\u00bboff\u00a0\u00bb da_has_close=\u00a0\u00bbon\u00a0\u00bb da_alt_close=\u00a0\u00bboff\u00a0\u00bb da_dark_close=\u00a0\u00bboff\u00a0\u00bb da_not_modal=\u00a0\u00bbon\u00a0\u00bb da_is_singular=\u00a0\u00bboff\u00a0\u00bb da_with_loader=\u00a0\u00bboff\u00a0\u00bb da_has_shadow=\u00a0\u00bbon\u00a0\u00bb][et_pb_row _builder_version=\u00a0\u00bb4.16&Prime; global_colors_info=\u00a0\u00bb{}\u00a0\u00bb][et_pb_column type=\u00a0\u00bb4_4&Prime; _builder_version=\u00a0\u00bb4.16&Prime; global_colors_info=\u00a0\u00bb{}\u00a0\u00bb][et_pb_text _builder_version=\u00a0\u00bb4.16&Prime; header_text_color=\u00a0\u00bb#e00052&Prime; text_orientation=\u00a0\u00bbcenter\u00a0\u00bb global_colors_info=\u00a0\u00bb{}\u00a0\u00bb]<\/p>\n<h1>Vous parlez de nous&#8230;<\/h1>\n<p>Notre plus belle r\u00e9compense, c&rsquo;est le sourire de votre enfant en sortant de son cours, ce sont ses dessins que nous affichons dans notre bureau, ce sont vos t\u00e9moignages sur les r\u00e9seaux sociaux ou Google. C&rsquo;est gr\u00e2ce \u00e0 vous tous que nous nous effor\u00e7ons de devenir meilleurs tous les jours ![\/et_pb_text][et_pb_code _builder_version=\u00a0\u00bb4.27.5&Prime; _module_preset=\u00a0\u00bbdefault\u00a0\u00bb hover_enabled=\u00a0\u00bb0&Prime; sticky_enabled=\u00a0\u00bb0&Prime;]<div data-src=\"https:\/\/cdn.trustindex.io\/loader.js?0ae6c1260d0379632a96c127d7f\"><\/div>[\/et_pb_code][\/et_pb_column][\/et_pb_row][et_pb_row _builder_version=\u00a0\u00bb4.16&Prime; global_colors_info=\u00a0\u00bb{}\u00a0\u00bb][et_pb_column type=\u00a0\u00bb4_4&Prime; _builder_version=\u00a0\u00bb4.16&Prime; global_colors_info=\u00a0\u00bb{}\u00a0\u00bb][et_pb_image src=\u00a0\u00bbhttps:\/\/www.kidsup.ch\/geneve\/wp-content\/uploads\/Temoignage-2.jpg\u00a0\u00bb align=\u00a0\u00bbcenter\u00a0\u00bb _builder_version=\u00a0\u00bb4.16&Prime; global_colors_info=\u00a0\u00bb{}\u00a0\u00bb][\/et_pb_image][\/et_pb_column][\/et_pb_row][et_pb_row column_structure=\u00a0\u00bb1_3,1_3,1_3&Prime; _builder_version=\u00a0\u00bb4.16&Prime; global_colors_info=\u00a0\u00bb{}\u00a0\u00bb][et_pb_column type=\u00a0\u00bb1_3&Prime; _builder_version=\u00a0\u00bb4.16&Prime; global_colors_info=\u00a0\u00bb{}\u00a0\u00bb][et_pb_testimonial author=\u00a0\u00bbAlejandro\u00a0\u00bb job_title=\u00a0\u00bbGoogle, mars 2019&Prime; _builder_version=\u00a0\u00bb4.16&Prime; global_colors_info=\u00a0\u00bb{}\u00a0\u00bb]Bon accueil. Semble tr\u00e8s int\u00e9ressant pour les enfants ainsi que pour les parents. Lieu propre et personnel tr\u00e8s accueillant. Bien communiqu\u00e9.[\/et_pb_testimonial][\/et_pb_column][et_pb_column type=\u00a0\u00bb1_3&Prime; _builder_version=\u00a0\u00bb4.16&Prime; global_colors_info=\u00a0\u00bb{}\u00a0\u00bb][et_pb_testimonial author=\u00a0\u00bbKarine\u00a0\u00bb job_title=\u00a0\u00bbGoogle, novembre 2018&Prime; _builder_version=\u00a0\u00bb4.16&Prime; global_colors_info=\u00a0\u00bb{}\u00a0\u00bb]L&rsquo;endroit est vraiment agr\u00e9able, spacieux, lumineux. Ma fille a un r\u00e9el plaisir \u00e0 prendre des cours l\u00e0 bas. L&rsquo;equipe est tr\u00e8s sympathique.[\/et_pb_testimonial][\/et_pb_column][et_pb_column type=\u00a0\u00bb1_3&Prime; _builder_version=\u00a0\u00bb4.16&Prime; global_colors_info=\u00a0\u00bb{}\u00a0\u00bb][et_pb_testimonial author=\u00a0\u00bbAnnick\u00a0\u00bb job_title=\u00a0\u00bbGoogle, septembre 2019&Prime; _builder_version=\u00a0\u00bb4.16&Prime; global_colors_info=\u00a0\u00bb{}\u00a0\u00bb]Personnel attentif et bienveillant. Cours de qualit\u00e9 ou les enfants peuvent travailler leur motricit\u00e9, en autre.[\/et_pb_testimonial][\/et_pb_column][\/et_pb_row][et_pb_row _builder_version=\u00a0\u00bb4.16&Prime; global_colors_info=\u00a0\u00bb{}\u00a0\u00bb][et_pb_column type=\u00a0\u00bb4_4&Prime; _builder_version=\u00a0\u00bb4.16&Prime; global_colors_info=\u00a0\u00bb{}\u00a0\u00bb][et_pb_image src=\u00a0\u00bbhttps:\/\/www.kidsup.ch\/geneve\/wp-content\/uploads\/Temoignage-1.jpg\u00a0\u00bb align=\u00a0\u00bbcenter\u00a0\u00bb _builder_version=\u00a0\u00bb4.16&Prime; global_colors_info=\u00a0\u00bb{}\u00a0\u00bb][\/et_pb_image][\/et_pb_column][\/et_pb_row][et_pb_row _builder_version=\u00a0\u00bb4.16&Prime; global_colors_info=\u00a0\u00bb{}\u00a0\u00bb][et_pb_column type=\u00a0\u00bb4_4&Prime; _builder_version=\u00a0\u00bb4.16&Prime; global_colors_info=\u00a0\u00bb{}\u00a0\u00bb][et_pb_image src=\u00a0\u00bbhttps:\/\/www.kidsup.ch\/geneve\/wp-content\/uploads\/Temoignage-4.jpg\u00a0\u00bb align=\u00a0\u00bbcenter\u00a0\u00bb _builder_version=\u00a0\u00bb4.16&Prime; global_colors_info=\u00a0\u00bb{}\u00a0\u00bb][\/et_pb_image][\/et_pb_column][\/et_pb_row][\/et_pb_section]<\/p>\n","protected":false},"excerpt":{"rendered":"<p>Vous parlez de nous&#8230; Notre plus belle r\u00e9compense, c&rsquo;est le sourire de votre enfant en sortant de son cours, ce sont ses dessins que nous affichons dans notre bureau, ce sont vos t\u00e9moignages sur les r\u00e9seaux sociaux ou Google. C&rsquo;est gr\u00e2ce \u00e0 vous tous que nous nous effor\u00e7ons de devenir meilleurs tous les jours ! <\/p>\n","protected":false},"author":1,"featured_media":0,"parent":2492,"menu_order":63,"comment_status":"closed","ping_status":"closed","template":"","meta":{"_et_pb_use_builder":"on","_et_pb_old_content":"","_et_gb_content_width":"","footnotes":""},"class_list":["post-2340","page","type-page","status-publish","hentry"],"yoast_head":"<!-- This site is optimized with the Yoast SEO plugin v27.3 - https:\/\/yoast.com\/product\/yoast-seo-wordpress\/ -->\n<title>T\u00e9moignages et avis - Kids Up Gen\u00e8ve<\/title>\n<meta name=\"description\" content=\"Notre plus belle r\u00e9compense, ce sont vos t\u00e9moignages, vos avis et les dessins de vos enfants qui nous vont droit au coeur.\" \/>\n<meta name=\"robots\" content=\"index, follow, max-snippet:-1, max-image-preview:large, max-video-preview:-1\" \/>\n<link rel=\"canonical\" href=\"https:\/\/www.kidsup.ch\/geneve\/a-propos\/temoignages\/\" \/>\n<meta property=\"og:locale\" content=\"fr_FR\" \/>\n<meta property=\"og:type\" content=\"article\" \/>\n<meta property=\"og:title\" content=\"T\u00e9moignages et avis - Kids Up Gen\u00e8ve\" \/>\n<meta property=\"og:description\" content=\"Notre plus belle r\u00e9compense, ce sont vos t\u00e9moignages, vos avis et les dessins de vos enfants qui nous vont droit au coeur.\" \/>\n<meta property=\"og:url\" content=\"https:\/\/www.kidsup.ch\/geneve\/a-propos\/temoignages\/\" \/>\n<meta property=\"og:site_name\" content=\"Kids Up Gen\u00e8ve\" \/>\n<meta property=\"article:publisher\" content=\"https:\/\/www.facebook.com\/KidsUpGeneve\" \/>\n<meta property=\"article:modified_time\" content=\"2025-12-21T09:54:26+00:00\" \/>\n<meta name=\"twitter:card\" content=\"summary_large_image\" \/>\n<meta name=\"twitter:label1\" content=\"Dur\u00e9e de lecture estim\u00e9e\" \/>\n\t<meta name=\"twitter:data1\" content=\"3 minutes\" \/>\n<script type=\"application\/ld+json\" class=\"yoast-schema-graph\">{\"@context\":\"https:\\\/\\\/schema.org\",\"@graph\":[{\"@type\":\"WebPage\",\"@id\":\"https:\\\/\\\/www.kidsup.ch\\\/geneve\\\/a-propos\\\/temoignages\\\/\",\"url\":\"https:\\\/\\\/www.kidsup.ch\\\/geneve\\\/a-propos\\\/temoignages\\\/\",\"name\":\"T\u00e9moignages et avis - Kids Up Gen\u00e8ve\",\"isPartOf\":{\"@id\":\"https:\\\/\\\/www.kidsup.ch\\\/geneve\\\/#website\"},\"datePublished\":\"2019-10-07T08:45:44+00:00\",\"dateModified\":\"2025-12-21T09:54:26+00:00\",\"description\":\"Notre plus belle r\u00e9compense, ce sont vos t\u00e9moignages, vos avis et les dessins de vos enfants qui nous vont droit au coeur.\",\"breadcrumb\":{\"@id\":\"https:\\\/\\\/www.kidsup.ch\\\/geneve\\\/a-propos\\\/temoignages\\\/#breadcrumb\"},\"inLanguage\":\"fr-FR\",\"potentialAction\":[{\"@type\":\"ReadAction\",\"target\":[\"https:\\\/\\\/www.kidsup.ch\\\/geneve\\\/a-propos\\\/temoignages\\\/\"]}]},{\"@type\":\"BreadcrumbList\",\"@id\":\"https:\\\/\\\/www.kidsup.ch\\\/geneve\\\/a-propos\\\/temoignages\\\/#breadcrumb\",\"itemListElement\":[{\"@type\":\"ListItem\",\"position\":1,\"name\":\"Home\",\"item\":\"https:\\\/\\\/www.kidsup.ch\\\/geneve\\\/\"},{\"@type\":\"ListItem\",\"position\":2,\"name\":\"A propos de nous\",\"item\":\"https:\\\/\\\/www.kidsup.ch\\\/geneve\\\/a-propos\\\/\"},{\"@type\":\"ListItem\",\"position\":3,\"name\":\"T\u00e9moignages et avis\"}]},{\"@type\":\"WebSite\",\"@id\":\"https:\\\/\\\/www.kidsup.ch\\\/geneve\\\/#website\",\"url\":\"https:\\\/\\\/www.kidsup.ch\\\/geneve\\\/\",\"name\":\"Kids Up Gen\u00e8ve\",\"description\":\"Baby gym &amp; cirque\",\"publisher\":{\"@id\":\"https:\\\/\\\/www.kidsup.ch\\\/geneve\\\/#organization\"},\"potentialAction\":[{\"@type\":\"SearchAction\",\"target\":{\"@type\":\"EntryPoint\",\"urlTemplate\":\"https:\\\/\\\/www.kidsup.ch\\\/geneve\\\/?s={search_term_string}\"},\"query-input\":{\"@type\":\"PropertyValueSpecification\",\"valueRequired\":true,\"valueName\":\"search_term_string\"}}],\"inLanguage\":\"fr-FR\"},{\"@type\":\"Organization\",\"@id\":\"https:\\\/\\\/www.kidsup.ch\\\/geneve\\\/#organization\",\"name\":\"Kids Up Gen\u00e8ve\",\"url\":\"https:\\\/\\\/www.kidsup.ch\\\/geneve\\\/\",\"logo\":{\"@type\":\"ImageObject\",\"inLanguage\":\"fr-FR\",\"@id\":\"https:\\\/\\\/www.kidsup.ch\\\/geneve\\\/#\\\/schema\\\/logo\\\/image\\\/\",\"url\":\"https:\\\/\\\/www.kidsup.ch\\\/geneve\\\/wp-content\\\/uploads\\\/kids-up-geneve.png\",\"contentUrl\":\"https:\\\/\\\/www.kidsup.ch\\\/geneve\\\/wp-content\\\/uploads\\\/kids-up-geneve.png\",\"width\":248,\"height\":51,\"caption\":\"Kids Up Gen\u00e8ve\"},\"image\":{\"@id\":\"https:\\\/\\\/www.kidsup.ch\\\/geneve\\\/#\\\/schema\\\/logo\\\/image\\\/\"},\"sameAs\":[\"https:\\\/\\\/www.facebook.com\\\/KidsUpGeneve\",\"https:\\\/\\\/www.instagram.com\\\/kids_up_geneve\",\"https:\\\/\\\/www.youtube.com\\\/KidsUpSuisse\"]}]}<\/script>\n<!-- \/ Yoast SEO plugin. -->","yoast_head_json":{"title":"T\u00e9moignages et avis - Kids Up Gen\u00e8ve","description":"Notre plus belle r\u00e9compense, ce sont vos t\u00e9moignages, vos avis et les dessins de vos enfants qui nous vont droit au coeur.","robots":{"index":"index","follow":"follow","max-snippet":"max-snippet:-1","max-image-preview":"max-image-preview:large","max-video-preview":"max-video-preview:-1"},"canonical":"https:\/\/www.kidsup.ch\/geneve\/a-propos\/temoignages\/","og_locale":"fr_FR","og_type":"article","og_title":"T\u00e9moignages et avis - Kids Up Gen\u00e8ve","og_description":"Notre plus belle r\u00e9compense, ce sont vos t\u00e9moignages, vos avis et les dessins de vos enfants qui nous vont droit au coeur.","og_url":"https:\/\/www.kidsup.ch\/geneve\/a-propos\/temoignages\/","og_site_name":"Kids Up Gen\u00e8ve","article_publisher":"https:\/\/www.facebook.com\/KidsUpGeneve","article_modified_time":"2025-12-21T09:54:26+00:00","twitter_card":"summary_large_image","twitter_misc":{"Dur\u00e9e de lecture estim\u00e9e":"3 minutes"},"schema":{"@context":"https:\/\/schema.org","@graph":[{"@type":"WebPage","@id":"https:\/\/www.kidsup.ch\/geneve\/a-propos\/temoignages\/","url":"https:\/\/www.kidsup.ch\/geneve\/a-propos\/temoignages\/","name":"T\u00e9moignages et avis - Kids Up Gen\u00e8ve","isPartOf":{"@id":"https:\/\/www.kidsup.ch\/geneve\/#website"},"datePublished":"2019-10-07T08:45:44+00:00","dateModified":"2025-12-21T09:54:26+00:00","description":"Notre plus belle r\u00e9compense, ce sont vos t\u00e9moignages, vos avis et les dessins de vos enfants qui nous vont droit au coeur.","breadcrumb":{"@id":"https:\/\/www.kidsup.ch\/geneve\/a-propos\/temoignages\/#breadcrumb"},"inLanguage":"fr-FR","potentialAction":[{"@type":"ReadAction","target":["https:\/\/www.kidsup.ch\/geneve\/a-propos\/temoignages\/"]}]},{"@type":"BreadcrumbList","@id":"https:\/\/www.kidsup.ch\/geneve\/a-propos\/temoignages\/#breadcrumb","itemListElement":[{"@type":"ListItem","position":1,"name":"Home","item":"https:\/\/www.kidsup.ch\/geneve\/"},{"@type":"ListItem","position":2,"name":"A propos de nous","item":"https:\/\/www.kidsup.ch\/geneve\/a-propos\/"},{"@type":"ListItem","position":3,"name":"T\u00e9moignages et avis"}]},{"@type":"WebSite","@id":"https:\/\/www.kidsup.ch\/geneve\/#website","url":"https:\/\/www.kidsup.ch\/geneve\/","name":"Kids Up Gen\u00e8ve","description":"Baby gym &amp; cirque","publisher":{"@id":"https:\/\/www.kidsup.ch\/geneve\/#organization"},"potentialAction":[{"@type":"SearchAction","target":{"@type":"EntryPoint","urlTemplate":"https:\/\/www.kidsup.ch\/geneve\/?s={search_term_string}"},"query-input":{"@type":"PropertyValueSpecification","valueRequired":true,"valueName":"search_term_string"}}],"inLanguage":"fr-FR"},{"@type":"Organization","@id":"https:\/\/www.kidsup.ch\/geneve\/#organization","name":"Kids Up Gen\u00e8ve","url":"https:\/\/www.kidsup.ch\/geneve\/","logo":{"@type":"ImageObject","inLanguage":"fr-FR","@id":"https:\/\/www.kidsup.ch\/geneve\/#\/schema\/logo\/image\/","url":"https:\/\/www.kidsup.ch\/geneve\/wp-content\/uploads\/kids-up-geneve.png","contentUrl":"https:\/\/www.kidsup.ch\/geneve\/wp-content\/uploads\/kids-up-geneve.png","width":248,"height":51,"caption":"Kids Up Gen\u00e8ve"},"image":{"@id":"https:\/\/www.kidsup.ch\/geneve\/#\/schema\/logo\/image\/"},"sameAs":["https:\/\/www.facebook.com\/KidsUpGeneve","https:\/\/www.instagram.com\/kids_up_geneve","https:\/\/www.youtube.com\/KidsUpSuisse"]}]}},"_links":{"self":[{"href":"https:\/\/www.kidsup.ch\/geneve\/wp-json\/wp\/v2\/pages\/2340","targetHints":{"allow":["GET"]}}],"collection":[{"href":"https:\/\/www.kidsup.ch\/geneve\/wp-json\/wp\/v2\/pages"}],"about":[{"href":"https:\/\/www.kidsup.ch\/geneve\/wp-json\/wp\/v2\/types\/page"}],"author":[{"embeddable":true,"href":"https:\/\/www.kidsup.ch\/geneve\/wp-json\/wp\/v2\/users\/1"}],"replies":[{"embeddable":true,"href":"https:\/\/www.kidsup.ch\/geneve\/wp-json\/wp\/v2\/comments?post=2340"}],"version-history":[{"count":24,"href":"https:\/\/www.kidsup.ch\/geneve\/wp-json\/wp\/v2\/pages\/2340\/revisions"}],"predecessor-version":[{"id":4886,"href":"https:\/\/www.kidsup.ch\/geneve\/wp-json\/wp\/v2\/pages\/2340\/revisions\/4886"}],"up":[{"embeddable":true,"href":"https:\/\/www.kidsup.ch\/geneve\/wp-json\/wp\/v2\/pages\/2492"}],"wp:attachment":[{"href":"https:\/\/www.kidsup.ch\/geneve\/wp-json\/wp\/v2\/media?parent=2340"}],"curies":[{"name":"wp","href":"https:\/\/api.w.org\/{rel}","templated":true}]}}