{"id":2293,"date":"2019-10-07T08:53:02","date_gmt":"2019-10-07T06:53:02","guid":{"rendered":"https:\/\/www.kidsup.ch\/geneve\/?page_id=2293"},"modified":"2026-03-24T17:47:02","modified_gmt":"2026-03-24T16:47:02","slug":"conditions-generales","status":"publish","type":"page","link":"https:\/\/www.kidsup.ch\/geneve\/a-propos\/conditions-generales\/","title":{"rendered":"Conditions G\u00e9n\u00e9rales"},"content":{"rendered":"<p>[et_pb_section fb_built=\u00a0\u00bb1&Prime; fullwidth=\u00a0\u00bbon\u00a0\u00bb _builder_version=\u00a0\u00bb4.16&Prime; background_color=\u00a0\u00bb#e00052&Prime; custom_padding=\u00a0\u00bb0px||20px||false|false\u00a0\u00bb da_disable_devices=\u00a0\u00bboff|off|off\u00a0\u00bb global_colors_info=\u00a0\u00bb{}\u00a0\u00bb da_is_popup=\u00a0\u00bboff\u00a0\u00bb da_exit_intent=\u00a0\u00bboff\u00a0\u00bb da_has_close=\u00a0\u00bbon\u00a0\u00bb da_alt_close=\u00a0\u00bboff\u00a0\u00bb da_dark_close=\u00a0\u00bboff\u00a0\u00bb da_not_modal=\u00a0\u00bbon\u00a0\u00bb da_is_singular=\u00a0\u00bboff\u00a0\u00bb da_with_loader=\u00a0\u00bboff\u00a0\u00bb da_has_shadow=\u00a0\u00bbon\u00a0\u00bb][et_pb_fullwidth_header title=\u00a0\u00bbConditions G\u00e9n\u00e9rales\u00a0\u00bb button_one_url=\u00a0\u00bbhttps:\/\/kidsup.cogito-sport.ch\/WebRegistration\/GroupSelection?itemCode=KUL-CM&#038;lessonPeriodId=bddc16c5-35bc-4e72-aec6-0cbb1c9e94d2&Prime; _builder_version=\u00a0\u00bb4.16&Prime; title_font=\u00a0\u00bb|||on|||||\u00a0\u00bb background_enable_color=\u00a0\u00bboff\u00a0\u00bb background_image=\u00a0\u00bbhttps:\/\/www.kidsup.ch\/geneve\/wp-content\/uploads\/banner-conditions-generales.jpg\u00a0\u00bb link_option_url_new_window=\u00a0\u00bbon\u00a0\u00bb global_colors_info=\u00a0\u00bb{}\u00a0\u00bb][\/et_pb_fullwidth_header][\/et_pb_section][et_pb_section fb_built=\u00a0\u00bb1&Prime; _builder_version=\u00a0\u00bb4.16&Prime; da_disable_devices=\u00a0\u00bboff|off|off\u00a0\u00bb global_colors_info=\u00a0\u00bb{}\u00a0\u00bb custom_padding__hover_enabled=\u00a0\u00bboff|desktop\u00a0\u00bb da_is_popup=\u00a0\u00bboff\u00a0\u00bb da_exit_intent=\u00a0\u00bboff\u00a0\u00bb da_has_close=\u00a0\u00bbon\u00a0\u00bb da_alt_close=\u00a0\u00bboff\u00a0\u00bb da_dark_close=\u00a0\u00bboff\u00a0\u00bb da_not_modal=\u00a0\u00bbon\u00a0\u00bb da_is_singular=\u00a0\u00bboff\u00a0\u00bb da_with_loader=\u00a0\u00bboff\u00a0\u00bb da_has_shadow=\u00a0\u00bbon\u00a0\u00bb][et_pb_row _builder_version=\u00a0\u00bb4.16&Prime; global_colors_info=\u00a0\u00bb{}\u00a0\u00bb][et_pb_column type=\u00a0\u00bb4_4&Prime; _builder_version=\u00a0\u00bb4.16&Prime; global_colors_info=\u00a0\u00bb{}\u00a0\u00bb][et_pb_text _builder_version=\u00a0\u00bb4.16&Prime; _dynamic_attributes=\u00a0\u00bblink_option_url\u00a0\u00bb header_text_color=\u00a0\u00bb#e00052&Prime; header_4_font=\u00a0\u00bb|600|||||||\u00a0\u00bb header_4_font_size=\u00a0\u00bb15px\u00a0\u00bb text_orientation=\u00a0\u00bbjustified\u00a0\u00bb link_option_url=\u00a0\u00bb@ET-DC@eyJkeW5hbWljIjp0cnVlLCJjb250ZW50IjoicG9zdF9saW5rX3VybF9hdHRhY2htZW50Iiwic2V0dGluZ3MiOnsicG9zdF9pZCI6IjM3MzkifX0=@\u00a0\u00bb global_colors_info=\u00a0\u00bb{}\u00a0\u00bb]<\/p>\n<h1><a href=\"https:\/\/www.kidsup.ch\/geneve\/wp-content\/uploads\/Conditions-Generales-2021-2022.pdf\" rel=\"attachment wp-att-3739\">Conditions G\u00e9n\u00e9rales<\/a><\/h1>\n<p>&nbsp;<\/p>\n<p>[\/et_pb_text][et_pb_button button_url=\u00a0\u00bb@ET-DC@eyJkeW5hbWljIjp0cnVlLCJjb250ZW50IjoicG9zdF9saW5rX3VybF9hdHRhY2htZW50Iiwic2V0dGluZ3MiOnsicG9zdF9pZCI6IjQ2MDcifX0=@\u00a0\u00bb url_new_window=\u00a0\u00bbon\u00a0\u00bb button_text=\u00a0\u00bbT\u00e9l\u00e9chargez nos conditions g\u00e9n\u00e9rales 25\/26&Prime; button_alignment=\u00a0\u00bbcenter\u00a0\u00bb _builder_version=\u00a0\u00bb4.27.4&Prime; _dynamic_attributes=\u00a0\u00bbbutton_url\u00a0\u00bb _module_preset=\u00a0\u00bbdefault\u00a0\u00bb button_font=\u00a0\u00bb|||on|||||\u00a0\u00bb global_colors_info=\u00a0\u00bb{}\u00a0\u00bb][\/et_pb_button][et_pb_button button_url=\u00a0\u00bb@ET-DC@eyJkeW5hbWljIjp0cnVlLCJjb250ZW50IjoicG9zdF9saW5rX3VybF9hdHRhY2htZW50Iiwic2V0dGluZ3MiOnsicG9zdF9pZCI6IjQ5NDYifX0=@\u00a0\u00bb url_new_window=\u00a0\u00bbon\u00a0\u00bb button_text=\u00a0\u00bbT\u00e9l\u00e9chargez nos conditions g\u00e9n\u00e9rales 26\/27&Prime; button_alignment=\u00a0\u00bbcenter\u00a0\u00bb _builder_version=\u00a0\u00bb4.27.6&Prime; _dynamic_attributes=\u00a0\u00bbbutton_url\u00a0\u00bb _module_preset=\u00a0\u00bbdefault\u00a0\u00bb button_font=\u00a0\u00bb|||on|||||\u00a0\u00bb hover_enabled=\u00a0\u00bb0&Prime; global_colors_info=\u00a0\u00bb{}\u00a0\u00bb sticky_enabled=\u00a0\u00bb0&Prime;][\/et_pb_button][et_pb_gallery gallery_ids=\u00a0\u00bb3739&Prime; _builder_version=\u00a0\u00bb4.16&Prime; _module_preset=\u00a0\u00bbdefault\u00a0\u00bb global_colors_info=\u00a0\u00bb{}\u00a0\u00bb][\/et_pb_gallery][et_pb_blurb title=\u00a0\u00bbP\u00e9riodes de la saison\u00a0\u00bb url=\u00a0\u00bb@ET-DC@eyJkeW5hbWljIjp0cnVlLCJjb250ZW50IjoicG9zdF9saW5rX3VybF9hdHRhY2htZW50Iiwic2V0dGluZ3MiOnsicG9zdF9pZCI6IjQyNzcifX0=@\u00a0\u00bb use_icon=\u00a0\u00bbon\u00a0\u00bb font_icon=\u00a0\u00bb&#x7d;||divi||400&Prime; image_icon_width=\u00a0\u00bb50px\u00a0\u00bb _builder_version=\u00a0\u00bb4.22.2&Prime; _dynamic_attributes=\u00a0\u00bburl\u00a0\u00bb header_font=\u00a0\u00bb|||on|||||\u00a0\u00bb header_text_align=\u00a0\u00bbcenter\u00a0\u00bb header_text_color=\u00a0\u00bb#e00052&Prime; text_orientation=\u00a0\u00bbcenter\u00a0\u00bb custom_padding=\u00a0\u00bb||23px|||\u00a0\u00bb icon_font_size=\u00a0\u00bb50px\u00a0\u00bb global_colors_info=\u00a0\u00bb{}\u00a0\u00bb]<\/p>\n<p>Retrouvez ci-dessous les p\u00e9riodes de cours de la saison.<\/p>\n<p>[\/et_pb_blurb][et_pb_image src=\u00a0\u00bbhttps:\/\/www.kidsup.ch\/geneve\/wp-content\/uploads\/KUG-Calendrier-2526.png\u00a0\u00bb title_text=\u00a0\u00bbKUG Calendrier 2526&Prime; url=\u00a0\u00bb@ET-DC@eyJkeW5hbWljIjp0cnVlLCJjb250ZW50IjoicG9zdF9saW5rX3VybF9hdHRhY2htZW50Iiwic2V0dGluZ3MiOnsicG9zdF9pZCI6IjQ1ODUifX0=@\u00a0\u00bb align=\u00a0\u00bbcenter\u00a0\u00bb _builder_version=\u00a0\u00bb4.27.4&Prime; _dynamic_attributes=\u00a0\u00bburl\u00a0\u00bb custom_margin=\u00a0\u00bb-10px|||||\u00a0\u00bb custom_padding=\u00a0\u00bb||0px|||\u00a0\u00bb global_colors_info=\u00a0\u00bb{}\u00a0\u00bb][\/et_pb_image][\/et_pb_column][\/et_pb_row][\/et_pb_section]<\/p>\n","protected":false},"excerpt":{"rendered":"<p>Conditions G\u00e9n\u00e9rales &nbsp;Retrouvez ci-dessous les p\u00e9riodes de cours de la saison.<\/p>\n","protected":false},"author":1,"featured_media":0,"parent":2492,"menu_order":65,"comment_status":"closed","ping_status":"closed","template":"","meta":{"_et_pb_use_builder":"on","_et_pb_old_content":"","_et_gb_content_width":"","footnotes":""},"class_list":["post-2293","page","type-page","status-publish","hentry"],"yoast_head":"<!-- This site is optimized with the Yoast SEO plugin v27.5 - https:\/\/yoast.com\/product\/yoast-seo-wordpress\/ -->\n<title>Conditions G\u00e9n\u00e9rales - Kids Up Gen\u00e8ve<\/title>\n<meta name=\"description\" content=\"Lisez nos conditions g\u00e9n\u00e9rales qui s&#039;appliquent pour les membres Kids Up et Cirk Up.\" \/>\n<meta name=\"robots\" content=\"index, follow, max-snippet:-1, max-image-preview:large, max-video-preview:-1\" \/>\n<link rel=\"canonical\" href=\"https:\/\/www.kidsup.ch\/geneve\/a-propos\/conditions-generales\/\" \/>\n<meta property=\"og:locale\" content=\"fr_FR\" \/>\n<meta property=\"og:type\" content=\"article\" \/>\n<meta property=\"og:title\" content=\"Conditions G\u00e9n\u00e9rales - Kids Up Gen\u00e8ve\" \/>\n<meta property=\"og:description\" content=\"Lisez nos conditions g\u00e9n\u00e9rales qui s&#039;appliquent pour les membres Kids Up et Cirk Up.\" \/>\n<meta property=\"og:url\" content=\"https:\/\/www.kidsup.ch\/geneve\/a-propos\/conditions-generales\/\" \/>\n<meta property=\"og:site_name\" content=\"Kids Up Gen\u00e8ve\" \/>\n<meta property=\"article:publisher\" content=\"https:\/\/www.facebook.com\/KidsUpGeneve\" \/>\n<meta property=\"article:modified_time\" content=\"2026-03-24T16:47:02+00:00\" \/>\n<meta name=\"twitter:card\" content=\"summary_large_image\" \/>\n<meta name=\"twitter:label1\" content=\"Dur\u00e9e de lecture estim\u00e9e\" \/>\n\t<meta name=\"twitter:data1\" content=\"3 minutes\" \/>\n<script type=\"application\/ld+json\" class=\"yoast-schema-graph\">{\"@context\":\"https:\\\/\\\/schema.org\",\"@graph\":[{\"@type\":\"WebPage\",\"@id\":\"https:\\\/\\\/www.kidsup.ch\\\/geneve\\\/a-propos\\\/conditions-generales\\\/\",\"url\":\"https:\\\/\\\/www.kidsup.ch\\\/geneve\\\/a-propos\\\/conditions-generales\\\/\",\"name\":\"Conditions G\u00e9n\u00e9rales - Kids Up Gen\u00e8ve\",\"isPartOf\":{\"@id\":\"https:\\\/\\\/www.kidsup.ch\\\/geneve\\\/#website\"},\"datePublished\":\"2019-10-07T06:53:02+00:00\",\"dateModified\":\"2026-03-24T16:47:02+00:00\",\"description\":\"Lisez nos conditions g\u00e9n\u00e9rales qui s'appliquent pour les membres Kids Up et Cirk Up.\",\"breadcrumb\":{\"@id\":\"https:\\\/\\\/www.kidsup.ch\\\/geneve\\\/a-propos\\\/conditions-generales\\\/#breadcrumb\"},\"inLanguage\":\"fr-FR\",\"potentialAction\":[{\"@type\":\"ReadAction\",\"target\":[\"https:\\\/\\\/www.kidsup.ch\\\/geneve\\\/a-propos\\\/conditions-generales\\\/\"]}]},{\"@type\":\"BreadcrumbList\",\"@id\":\"https:\\\/\\\/www.kidsup.ch\\\/geneve\\\/a-propos\\\/conditions-generales\\\/#breadcrumb\",\"itemListElement\":[{\"@type\":\"ListItem\",\"position\":1,\"name\":\"Home\",\"item\":\"https:\\\/\\\/www.kidsup.ch\\\/geneve\\\/\"},{\"@type\":\"ListItem\",\"position\":2,\"name\":\"A propos de nous\",\"item\":\"https:\\\/\\\/www.kidsup.ch\\\/geneve\\\/a-propos\\\/\"},{\"@type\":\"ListItem\",\"position\":3,\"name\":\"Conditions G\u00e9n\u00e9rales\"}]},{\"@type\":\"WebSite\",\"@id\":\"https:\\\/\\\/www.kidsup.ch\\\/geneve\\\/#website\",\"url\":\"https:\\\/\\\/www.kidsup.ch\\\/geneve\\\/\",\"name\":\"Kids Up Gen\u00e8ve\",\"description\":\"Baby gym &amp; cirque\",\"publisher\":{\"@id\":\"https:\\\/\\\/www.kidsup.ch\\\/geneve\\\/#organization\"},\"potentialAction\":[{\"@type\":\"SearchAction\",\"target\":{\"@type\":\"EntryPoint\",\"urlTemplate\":\"https:\\\/\\\/www.kidsup.ch\\\/geneve\\\/?s={search_term_string}\"},\"query-input\":{\"@type\":\"PropertyValueSpecification\",\"valueRequired\":true,\"valueName\":\"search_term_string\"}}],\"inLanguage\":\"fr-FR\"},{\"@type\":\"Organization\",\"@id\":\"https:\\\/\\\/www.kidsup.ch\\\/geneve\\\/#organization\",\"name\":\"Kids Up Gen\u00e8ve\",\"url\":\"https:\\\/\\\/www.kidsup.ch\\\/geneve\\\/\",\"logo\":{\"@type\":\"ImageObject\",\"inLanguage\":\"fr-FR\",\"@id\":\"https:\\\/\\\/www.kidsup.ch\\\/geneve\\\/#\\\/schema\\\/logo\\\/image\\\/\",\"url\":\"https:\\\/\\\/www.kidsup.ch\\\/geneve\\\/wp-content\\\/uploads\\\/kids-up-geneve.png\",\"contentUrl\":\"https:\\\/\\\/www.kidsup.ch\\\/geneve\\\/wp-content\\\/uploads\\\/kids-up-geneve.png\",\"width\":248,\"height\":51,\"caption\":\"Kids Up Gen\u00e8ve\"},\"image\":{\"@id\":\"https:\\\/\\\/www.kidsup.ch\\\/geneve\\\/#\\\/schema\\\/logo\\\/image\\\/\"},\"sameAs\":[\"https:\\\/\\\/www.facebook.com\\\/KidsUpGeneve\",\"https:\\\/\\\/www.instagram.com\\\/kids_up_geneve\",\"https:\\\/\\\/www.youtube.com\\\/KidsUpSuisse\"]}]}<\/script>\n<!-- \/ Yoast SEO plugin. -->","yoast_head_json":{"title":"Conditions G\u00e9n\u00e9rales - Kids Up Gen\u00e8ve","description":"Lisez nos conditions g\u00e9n\u00e9rales qui s'appliquent pour les membres Kids Up et Cirk Up.","robots":{"index":"index","follow":"follow","max-snippet":"max-snippet:-1","max-image-preview":"max-image-preview:large","max-video-preview":"max-video-preview:-1"},"canonical":"https:\/\/www.kidsup.ch\/geneve\/a-propos\/conditions-generales\/","og_locale":"fr_FR","og_type":"article","og_title":"Conditions G\u00e9n\u00e9rales - Kids Up Gen\u00e8ve","og_description":"Lisez nos conditions g\u00e9n\u00e9rales qui s'appliquent pour les membres Kids Up et Cirk Up.","og_url":"https:\/\/www.kidsup.ch\/geneve\/a-propos\/conditions-generales\/","og_site_name":"Kids Up Gen\u00e8ve","article_publisher":"https:\/\/www.facebook.com\/KidsUpGeneve","article_modified_time":"2026-03-24T16:47:02+00:00","twitter_card":"summary_large_image","twitter_misc":{"Dur\u00e9e de lecture estim\u00e9e":"3 minutes"},"schema":{"@context":"https:\/\/schema.org","@graph":[{"@type":"WebPage","@id":"https:\/\/www.kidsup.ch\/geneve\/a-propos\/conditions-generales\/","url":"https:\/\/www.kidsup.ch\/geneve\/a-propos\/conditions-generales\/","name":"Conditions G\u00e9n\u00e9rales - Kids Up Gen\u00e8ve","isPartOf":{"@id":"https:\/\/www.kidsup.ch\/geneve\/#website"},"datePublished":"2019-10-07T06:53:02+00:00","dateModified":"2026-03-24T16:47:02+00:00","description":"Lisez nos conditions g\u00e9n\u00e9rales qui s'appliquent pour les membres Kids Up et Cirk Up.","breadcrumb":{"@id":"https:\/\/www.kidsup.ch\/geneve\/a-propos\/conditions-generales\/#breadcrumb"},"inLanguage":"fr-FR","potentialAction":[{"@type":"ReadAction","target":["https:\/\/www.kidsup.ch\/geneve\/a-propos\/conditions-generales\/"]}]},{"@type":"BreadcrumbList","@id":"https:\/\/www.kidsup.ch\/geneve\/a-propos\/conditions-generales\/#breadcrumb","itemListElement":[{"@type":"ListItem","position":1,"name":"Home","item":"https:\/\/www.kidsup.ch\/geneve\/"},{"@type":"ListItem","position":2,"name":"A propos de nous","item":"https:\/\/www.kidsup.ch\/geneve\/a-propos\/"},{"@type":"ListItem","position":3,"name":"Conditions G\u00e9n\u00e9rales"}]},{"@type":"WebSite","@id":"https:\/\/www.kidsup.ch\/geneve\/#website","url":"https:\/\/www.kidsup.ch\/geneve\/","name":"Kids Up Gen\u00e8ve","description":"Baby gym &amp; cirque","publisher":{"@id":"https:\/\/www.kidsup.ch\/geneve\/#organization"},"potentialAction":[{"@type":"SearchAction","target":{"@type":"EntryPoint","urlTemplate":"https:\/\/www.kidsup.ch\/geneve\/?s={search_term_string}"},"query-input":{"@type":"PropertyValueSpecification","valueRequired":true,"valueName":"search_term_string"}}],"inLanguage":"fr-FR"},{"@type":"Organization","@id":"https:\/\/www.kidsup.ch\/geneve\/#organization","name":"Kids Up Gen\u00e8ve","url":"https:\/\/www.kidsup.ch\/geneve\/","logo":{"@type":"ImageObject","inLanguage":"fr-FR","@id":"https:\/\/www.kidsup.ch\/geneve\/#\/schema\/logo\/image\/","url":"https:\/\/www.kidsup.ch\/geneve\/wp-content\/uploads\/kids-up-geneve.png","contentUrl":"https:\/\/www.kidsup.ch\/geneve\/wp-content\/uploads\/kids-up-geneve.png","width":248,"height":51,"caption":"Kids Up Gen\u00e8ve"},"image":{"@id":"https:\/\/www.kidsup.ch\/geneve\/#\/schema\/logo\/image\/"},"sameAs":["https:\/\/www.facebook.com\/KidsUpGeneve","https:\/\/www.instagram.com\/kids_up_geneve","https:\/\/www.youtube.com\/KidsUpSuisse"]}]}},"_links":{"self":[{"href":"https:\/\/www.kidsup.ch\/geneve\/wp-json\/wp\/v2\/pages\/2293","targetHints":{"allow":["GET"]}}],"collection":[{"href":"https:\/\/www.kidsup.ch\/geneve\/wp-json\/wp\/v2\/pages"}],"about":[{"href":"https:\/\/www.kidsup.ch\/geneve\/wp-json\/wp\/v2\/types\/page"}],"author":[{"embeddable":true,"href":"https:\/\/www.kidsup.ch\/geneve\/wp-json\/wp\/v2\/users\/1"}],"replies":[{"embeddable":true,"href":"https:\/\/www.kidsup.ch\/geneve\/wp-json\/wp\/v2\/comments?post=2293"}],"version-history":[{"count":71,"href":"https:\/\/www.kidsup.ch\/geneve\/wp-json\/wp\/v2\/pages\/2293\/revisions"}],"predecessor-version":[{"id":4947,"href":"https:\/\/www.kidsup.ch\/geneve\/wp-json\/wp\/v2\/pages\/2293\/revisions\/4947"}],"up":[{"embeddable":true,"href":"https:\/\/www.kidsup.ch\/geneve\/wp-json\/wp\/v2\/pages\/2492"}],"wp:attachment":[{"href":"https:\/\/www.kidsup.ch\/geneve\/wp-json\/wp\/v2\/media?parent=2293"}],"curies":[{"name":"wp","href":"https:\/\/api.w.org\/{rel}","templated":true}]}}