{"id":1698,"date":"2019-09-19T11:17:30","date_gmt":"2019-09-19T09:17:30","guid":{"rendered":"https:\/\/www.kidsup.ch\/geneve\/?page_id=1698"},"modified":"2026-04-27T18:20:00","modified_gmt":"2026-04-27T16:20:00","slug":"cours","status":"publish","type":"page","link":"https:\/\/www.kidsup.ch\/geneve\/cours\/","title":{"rendered":"Cours de baby gym, cirque, cirque adultes"},"content":{"rendered":"<p>[et_pb_section fb_built=\u00a0\u00bb1&Prime; fullwidth=\u00a0\u00bbon\u00a0\u00bb _builder_version=\u00a0\u00bb4.27.4&Prime; background_color=\u00a0\u00bbRGBA(255,255,255,0)\u00a0\u00bb background_video_mp4=\u00a0\u00bbhttps:\/\/www.kidsup.ch\/geneve\/wp-content\/uploads\/kug-video-accueil-new.mp4&Prime; height=\u00a0\u00bb600px\u00a0\u00bb height_tablet=\u00a0\u00bb600px\u00a0\u00bb height_phone=\u00a0\u00bb450px\u00a0\u00bb height_last_edited=\u00a0\u00bbon|phone\u00a0\u00bb da_disable_devices=\u00a0\u00bboff|off|off\u00a0\u00bb global_colors_info=\u00a0\u00bb{}\u00a0\u00bb da_is_popup=\u00a0\u00bboff\u00a0\u00bb da_exit_intent=\u00a0\u00bboff\u00a0\u00bb da_has_close=\u00a0\u00bbon\u00a0\u00bb da_alt_close=\u00a0\u00bboff\u00a0\u00bb da_dark_close=\u00a0\u00bboff\u00a0\u00bb da_not_modal=\u00a0\u00bbon\u00a0\u00bb da_is_singular=\u00a0\u00bboff\u00a0\u00bb da_with_loader=\u00a0\u00bboff\u00a0\u00bb da_has_shadow=\u00a0\u00bbon\u00a0\u00bb][et_pb_fullwidth_header title=\u00a0\u00bbNos cours hebdomadaires\u00a0\u00bb subhead=\u00a0\u00bbD\u00e9couvrez nos cours adapt\u00e9s \u00e0 l&rsquo;\u00e2ge de votre enfant\u00a0\u00bb text_orientation=\u00a0\u00bbcenter\u00a0\u00bb background_overlay_color=\u00a0\u00bbRGBA(255,255,255,0)\u00a0\u00bb _builder_version=\u00a0\u00bb4.27.6&Prime; _module_preset=\u00a0\u00bbdefault\u00a0\u00bb title_font=\u00a0\u00bbVAG Rounded Bold|||on|||||\u00a0\u00bb title_text_color=\u00a0\u00bb#FFFFFF\u00a0\u00bb title_font_size=\u00a0\u00bb35px\u00a0\u00bb subhead_text_color=\u00a0\u00bb#FFFFFF\u00a0\u00bb subhead_font_size=\u00a0\u00bb20px\u00a0\u00bb hover_enabled=\u00a0\u00bb0&Prime; global_colors_info=\u00a0\u00bb{}\u00a0\u00bb sticky_enabled=\u00a0\u00bb0&Prime;]<\/p>\n<p><a href=\"https:\/\/www.kidsup.ch\/geneve\/wp-content\/uploads\/PLanning-des-cours-2026-2027.pdf\" rel=\"attachment wp-att-4950\">PLanning des cours 2026 2027<\/a><\/p>\n<p>[\/et_pb_fullwidth_header][\/et_pb_section][et_pb_section fb_built=\u00a0\u00bb1&Prime; _builder_version=\u00a0\u00bb4.16&Prime; custom_padding=\u00a0\u00bb||0px||false|false\u00a0\u00bb da_disable_devices=\u00a0\u00bboff|off|off\u00a0\u00bb global_colors_info=\u00a0\u00bb{}\u00a0\u00bb da_is_popup=\u00a0\u00bboff\u00a0\u00bb da_exit_intent=\u00a0\u00bboff\u00a0\u00bb da_has_close=\u00a0\u00bbon\u00a0\u00bb da_alt_close=\u00a0\u00bboff\u00a0\u00bb da_dark_close=\u00a0\u00bboff\u00a0\u00bb da_not_modal=\u00a0\u00bbon\u00a0\u00bb da_is_singular=\u00a0\u00bboff\u00a0\u00bb da_with_loader=\u00a0\u00bboff\u00a0\u00bb da_has_shadow=\u00a0\u00bbon\u00a0\u00bb][et_pb_row column_structure=\u00a0\u00bb1_4,1_4,1_4,1_4&Prime; use_custom_gutter=\u00a0\u00bbon\u00a0\u00bb gutter_width=\u00a0\u00bb1&Prime; make_equal=\u00a0\u00bbon\u00a0\u00bb _builder_version=\u00a0\u00bb4.27.4&Prime; custom_margin=\u00a0\u00bb-150px||||false|false\u00a0\u00bb custom_padding=\u00a0\u00bb0px||||false|false\u00a0\u00bb global_colors_info=\u00a0\u00bb{}\u00a0\u00bb][et_pb_column type=\u00a0\u00bb1_4&Prime; admin_label=\u00a0\u00bbBabygym\u00a0\u00bb _builder_version=\u00a0\u00bb4.16&Prime; custom_padding=\u00a0\u00bb5px|5px|7px|5px|false|false\u00a0\u00bb link_option_url=\u00a0\u00bb\/geneve\/cours\/babygym\/\u00a0\u00bb global_colors_info=\u00a0\u00bb{}\u00a0\u00bb][et_pb_text _builder_version=\u00a0\u00bb4.25.1&Prime; text_font=\u00a0\u00bb|||on|||||\u00a0\u00bb text_font_size=\u00a0\u00bb23px\u00a0\u00bb header_font_size=\u00a0\u00bb20px\u00a0\u00bb background_color=\u00a0\u00bb#86b919&Prime; text_orientation=\u00a0\u00bbcenter\u00a0\u00bb background_layout=\u00a0\u00bbdark\u00a0\u00bb custom_padding=\u00a0\u00bb10px||10px||false|false\u00a0\u00bb border_radii=\u00a0\u00bboff|10px|10px||\u00a0\u00bb global_colors_info=\u00a0\u00bb{}\u00a0\u00bb]<\/p>\n<p>Baby gym<\/p>\n<p>[\/et_pb_text][et_pb_blurb title=\u00a0\u00bbD\u00e8s 14 mois\u00a0\u00bb image=\u00a0\u00bbhttps:\/\/www.kidsup.ch\/geneve\/wp-content\/uploads\/cours-babgym-1.jpg\u00a0\u00bb _builder_version=\u00a0\u00bb4.27.4&Prime; header_font=\u00a0\u00bb|600||on|||||\u00a0\u00bb header_text_align=\u00a0\u00bbcenter\u00a0\u00bb header_text_color=\u00a0\u00bb#86b919&Prime; background_color=\u00a0\u00bb#FFFFFF\u00a0\u00bb custom_padding=\u00a0\u00bb10px|10px|10px|10px|false|false\u00a0\u00bb border_radii=\u00a0\u00bboff|||10px|10px\u00a0\u00bb border_width_all=\u00a0\u00bb1px\u00a0\u00bb border_color_all=\u00a0\u00bb#86b919&Prime; global_colors_info=\u00a0\u00bb{}\u00a0\u00bb]<\/p>\n<p>Les enfants apprennent pas \u00e0 pas, mais c\u2019est dans des situations inhabituelles qu\u2019ils progressent.<br \/>D\u00e9couvrez nos cours de baby gym d\u00e8s 14 mois.<\/p>\n<p>[\/et_pb_blurb][\/et_pb_column][et_pb_column type=\u00a0\u00bb1_4&Prime; admin_label=\u00a0\u00bbCircomotricit\u00e9\u00a0\u00bb _builder_version=\u00a0\u00bb4.16&Prime; custom_padding=\u00a0\u00bb5px|5px|10px|5px|false|false\u00a0\u00bb link_option_url=\u00a0\u00bb\/geneve\/cours\/circomotricite\/\u00a0\u00bb border_radii=\u00a0\u00bbon|5px|5px|5px|5px\u00a0\u00bb global_colors_info=\u00a0\u00bb{}\u00a0\u00bb][et_pb_text _builder_version=\u00a0\u00bb4.16&Prime; text_font=\u00a0\u00bb|||on|||||\u00a0\u00bb text_font_size=\u00a0\u00bb23px\u00a0\u00bb header_font_size=\u00a0\u00bb20px\u00a0\u00bb background_color=\u00a0\u00bb#f08c00&Prime; text_orientation=\u00a0\u00bbcenter\u00a0\u00bb background_layout=\u00a0\u00bbdark\u00a0\u00bb custom_padding=\u00a0\u00bb10px||10px||false|false\u00a0\u00bb border_radii=\u00a0\u00bboff|10px|10px||\u00a0\u00bb global_colors_info=\u00a0\u00bb{}\u00a0\u00bb]Circomotricit\u00e9[\/et_pb_text][et_pb_blurb title=\u00a0\u00bbD\u00e8s 4 ans (1P-2P)\u00a0\u00bb image=\u00a0\u00bbhttps:\/\/www.kidsup.ch\/geneve\/wp-content\/uploads\/cours-circomotricite-2.jpg\u00a0\u00bb _builder_version=\u00a0\u00bb4.27.4&Prime; header_font=\u00a0\u00bb|600||on|||||\u00a0\u00bb header_text_align=\u00a0\u00bbcenter\u00a0\u00bb header_text_color=\u00a0\u00bb#f08c00&Prime; background_color=\u00a0\u00bb#FFFFFF\u00a0\u00bb custom_padding=\u00a0\u00bb10px|10px|10px|10px|false|false\u00a0\u00bb border_radii=\u00a0\u00bboff|||10px|10px\u00a0\u00bb border_width_all=\u00a0\u00bb1px\u00a0\u00bb border_color_all=\u00a0\u00bb#f08c00&Prime; global_colors_info=\u00a0\u00bb{}\u00a0\u00bb]<\/p>\n<p>On fait marcher la t\u00eate et les jambes pour des enfants \u00e9panouis, \u00e9quilibr\u00e9s et s\u00fbrs d&rsquo;eux !<br \/>D\u00e9couvrez nos cours de circomotricit\u00e9 \u00e0 partir de 4 ans.<\/p>\n<p>[\/et_pb_blurb][\/et_pb_column][et_pb_column type=\u00a0\u00bb1_4&Prime; admin_label=\u00a0\u00bbCirque\u00a0\u00bb _builder_version=\u00a0\u00bb4.16&Prime; custom_padding=\u00a0\u00bb5px|5px|10px|5px|false|false\u00a0\u00bb link_option_url=\u00a0\u00bb\/geneve\/cours\/cirque\/\u00a0\u00bb border_radii=\u00a0\u00bbon|5px|5px|5px|5px\u00a0\u00bb global_colors_info=\u00a0\u00bb{}\u00a0\u00bb][et_pb_text _builder_version=\u00a0\u00bb4.16&Prime; text_font=\u00a0\u00bb|||on|||||\u00a0\u00bb text_font_size=\u00a0\u00bb23px\u00a0\u00bb background_color=\u00a0\u00bb#639ab0&Prime; text_orientation=\u00a0\u00bbcenter\u00a0\u00bb background_layout=\u00a0\u00bbdark\u00a0\u00bb custom_padding=\u00a0\u00bb10px||10px||false|false\u00a0\u00bb border_radii=\u00a0\u00bboff|10px|10px||\u00a0\u00bb global_colors_info=\u00a0\u00bb{}\u00a0\u00bb]Cirque[\/et_pb_text][et_pb_blurb title=\u00a0\u00bbD\u00e8s 6 ans (3P+)\u00a0\u00bb image=\u00a0\u00bbhttps:\/\/www.kidsup.ch\/geneve\/wp-content\/uploads\/cours-cirque-2.jpg\u00a0\u00bb _builder_version=\u00a0\u00bb4.27.4&Prime; header_font=\u00a0\u00bb|600||on|||||\u00a0\u00bb header_text_align=\u00a0\u00bbcenter\u00a0\u00bb header_text_color=\u00a0\u00bb#639ab0&Prime; background_color=\u00a0\u00bb#FFFFFF\u00a0\u00bb custom_padding=\u00a0\u00bb10px|10px|10px|10px|false|false\u00a0\u00bb border_radii=\u00a0\u00bboff|||10px|10px\u00a0\u00bb border_width_all=\u00a0\u00bb1px\u00a0\u00bb border_color_all=\u00a0\u00bb#639ab0&Prime; global_colors_info=\u00a0\u00bb{}\u00a0\u00bb]<\/p>\n<p>Quel enfant n&rsquo;a pas r\u00eav\u00e9 de r\u00e9aliser lui-aussi les prouesses incroyables d&rsquo;un artiste de cirque ?<br \/>D\u00e9couvrez nos cours de cirque \u00e0 partir de 6 ans.<\/p>\n<p>[\/et_pb_blurb][\/et_pb_column][et_pb_column type=\u00a0\u00bb1_4&Prime; admin_label=\u00a0\u00bbCirque adultes\u00a0\u00bb _builder_version=\u00a0\u00bb4.16&Prime; custom_padding=\u00a0\u00bb5px|5px|10px|5px|false|false\u00a0\u00bb link_option_url=\u00a0\u00bb\/geneve\/cours\/cirque-adultes\/\u00a0\u00bb border_radii=\u00a0\u00bbon|5px|5px|5px|5px\u00a0\u00bb global_colors_info=\u00a0\u00bb{}\u00a0\u00bb][et_pb_text _builder_version=\u00a0\u00bb4.16&Prime; text_font=\u00a0\u00bb|||on|||||\u00a0\u00bb text_font_size=\u00a0\u00bb23px\u00a0\u00bb background_color=\u00a0\u00bb#ba0041&Prime; text_orientation=\u00a0\u00bbcenter\u00a0\u00bb background_layout=\u00a0\u00bbdark\u00a0\u00bb custom_padding=\u00a0\u00bb10px||10px||false|false\u00a0\u00bb border_radii=\u00a0\u00bboff|10px|10px||\u00a0\u00bb global_colors_info=\u00a0\u00bb{}\u00a0\u00bb]Cirque adultes[\/et_pb_text][et_pb_blurb title=\u00a0\u00bbD\u00e8s 18 ans\u00a0\u00bb image=\u00a0\u00bbhttps:\/\/www.kidsup.ch\/geneve\/wp-content\/uploads\/cours-cirque-adultes1.jpg\u00a0\u00bb _builder_version=\u00a0\u00bb4.27.4&Prime; header_font=\u00a0\u00bb|600||on|||||\u00a0\u00bb header_text_align=\u00a0\u00bbcenter\u00a0\u00bb header_text_color=\u00a0\u00bb#ba0041&Prime; background_color=\u00a0\u00bb#FFFFFF\u00a0\u00bb custom_padding=\u00a0\u00bb10px|10px|10px|10px|false|false\u00a0\u00bb border_radii=\u00a0\u00bboff|||10px|10px\u00a0\u00bb border_width_all=\u00a0\u00bb1px\u00a0\u00bb border_color_all=\u00a0\u00bb#ba0041&Prime; global_colors_info=\u00a0\u00bb{}\u00a0\u00bb]<\/p>\n<p>Le cirque, \u00e7a n&rsquo;est pas que pour les enfants ! Les grands ont aussi le droit de s&rsquo;\u00e9clater !<br \/>D\u00e9couvrez nos cours de cirque pour adultes d\u00e8s 18 ans.<\/p>\n<p>[\/et_pb_blurb][\/et_pb_column][\/et_pb_row][et_pb_row _builder_version=\u00a0\u00bb4.16&Prime; global_colors_info=\u00a0\u00bb{}\u00a0\u00bb][et_pb_column type=\u00a0\u00bb4_4&Prime; _builder_version=\u00a0\u00bb4.16&Prime; global_colors_info=\u00a0\u00bb{}\u00a0\u00bb][et_pb_text _builder_version=\u00a0\u00bb4.16&Prime; header_text_color=\u00a0\u00bb#e00052&Prime; global_colors_info=\u00a0\u00bb{}\u00a0\u00bb]<\/p>\n<h1>Notre offre de cours<\/h1>\n<p>Nous proposons des cours hebdomadaires toute l&rsquo;ann\u00e9e pour votre enfant \u00e0 partir de 14 mois et jusqu&rsquo;\u00e0 la 6P (Harmos), dans un espace familial et convivial, adapt\u00e9 et s\u00e9curis\u00e9, pour vous accueillir dans les meilleures conditions.<\/p>\n<p>Vous trouverez chez nous l&rsquo;activit\u00e9 la mieux appropri\u00e9e \u00e0 l&rsquo;\u00e2ge de votre enfant : <a href=\"\/geneve\/cours\/babygym\/\">gym parent-enfant (babygym)<\/a> pour les tout-petits, <a href=\"\/geneve\/cours\/circomotricite\/\">gym (circomotricit\u00e9)<\/a> pour les enfants \u00e0 partir de 4 ans, cours de <a href=\"\/geneve\/cours\/cirque\/\">cirque<\/a> pour les enfants \u00e0 partir de 6 ans et cours de <a href=\"\/geneve\/cours\/cirque-adultes\/\">cirque adultes<\/a> pour les plus grands \u00e0 partir de 18 ans.<\/p>\n<p>[\/et_pb_text][\/et_pb_column][\/et_pb_row][\/et_pb_section]<\/p>\n","protected":false},"excerpt":{"rendered":"<p>PLanning des cours 2026 2027Baby gymLes enfants apprennent pas \u00e0 pas, mais c\u2019est dans des situations inhabituelles qu\u2019ils progressent.D\u00e9couvrez nos cours de baby gym d\u00e8s 14 mois.Circomotricit\u00e9On fait marcher la t\u00eate et les jambes pour des enfants \u00e9panouis, \u00e9quilibr\u00e9s et s\u00fbrs d&rsquo;eux !D\u00e9couvrez nos cours de circomotricit\u00e9 \u00e0 partir de 4 ans.CirqueQuel enfant n&rsquo;a pas [&hellip;]<\/p>\n","protected":false},"author":1,"featured_media":0,"parent":0,"menu_order":10,"comment_status":"closed","ping_status":"closed","template":"","meta":{"_et_pb_use_builder":"on","_et_pb_old_content":"<!-- wp:divi\/placeholder \/-->","_et_gb_content_width":"","footnotes":""},"class_list":["post-1698","page","type-page","status-publish","hentry"],"yoast_head":"<!-- This site is optimized with the Yoast SEO plugin v27.5 - https:\/\/yoast.com\/product\/yoast-seo-wordpress\/ -->\n<title>Cours de baby gym, cirque, cirque adultes - Kids Up Gen\u00e8ve<\/title>\n<meta name=\"description\" content=\"D\u00e9couvrez nos cours hebdomadaires pour les tout-petits, les enfants et les parents : baby gym, circomotricit\u00e9, cirque &amp; cirque pour adultes.\" \/>\n<meta name=\"robots\" content=\"index, follow, max-snippet:-1, max-image-preview:large, max-video-preview:-1\" \/>\n<link rel=\"canonical\" href=\"https:\/\/www.kidsup.ch\/geneve\/cours\/\" \/>\n<meta property=\"og:locale\" content=\"fr_FR\" \/>\n<meta property=\"og:type\" content=\"article\" \/>\n<meta property=\"og:title\" content=\"Cours de baby gym, cirque, cirque adultes - Kids Up Gen\u00e8ve\" \/>\n<meta property=\"og:description\" content=\"D\u00e9couvrez nos cours hebdomadaires pour les tout-petits, les enfants et les parents : baby gym, circomotricit\u00e9, cirque &amp; cirque pour adultes.\" \/>\n<meta property=\"og:url\" content=\"https:\/\/www.kidsup.ch\/geneve\/cours\/\" \/>\n<meta property=\"og:site_name\" content=\"Kids Up Gen\u00e8ve\" \/>\n<meta property=\"article:publisher\" content=\"https:\/\/www.facebook.com\/KidsUpGeneve\" \/>\n<meta property=\"article:modified_time\" content=\"2026-04-27T16:20:00+00:00\" \/>\n<meta name=\"twitter:card\" content=\"summary_large_image\" \/>\n<meta name=\"twitter:label1\" content=\"Dur\u00e9e de lecture estim\u00e9e\" \/>\n\t<meta name=\"twitter:data1\" content=\"2 minutes\" \/>\n<script type=\"application\/ld+json\" class=\"yoast-schema-graph\">{\"@context\":\"https:\\\/\\\/schema.org\",\"@graph\":[{\"@type\":\"WebPage\",\"@id\":\"https:\\\/\\\/www.kidsup.ch\\\/geneve\\\/cours\\\/\",\"url\":\"https:\\\/\\\/www.kidsup.ch\\\/geneve\\\/cours\\\/\",\"name\":\"Cours de baby gym, cirque, cirque adultes - Kids Up Gen\u00e8ve\",\"isPartOf\":{\"@id\":\"https:\\\/\\\/www.kidsup.ch\\\/geneve\\\/#website\"},\"datePublished\":\"2019-09-19T09:17:30+00:00\",\"dateModified\":\"2026-04-27T16:20:00+00:00\",\"description\":\"D\u00e9couvrez nos cours hebdomadaires pour les tout-petits, les enfants et les parents : baby gym, circomotricit\u00e9, cirque & cirque pour adultes.\",\"breadcrumb\":{\"@id\":\"https:\\\/\\\/www.kidsup.ch\\\/geneve\\\/cours\\\/#breadcrumb\"},\"inLanguage\":\"fr-FR\",\"potentialAction\":[{\"@type\":\"ReadAction\",\"target\":[\"https:\\\/\\\/www.kidsup.ch\\\/geneve\\\/cours\\\/\"]}]},{\"@type\":\"BreadcrumbList\",\"@id\":\"https:\\\/\\\/www.kidsup.ch\\\/geneve\\\/cours\\\/#breadcrumb\",\"itemListElement\":[{\"@type\":\"ListItem\",\"position\":1,\"name\":\"Home\",\"item\":\"https:\\\/\\\/www.kidsup.ch\\\/geneve\\\/\"},{\"@type\":\"ListItem\",\"position\":2,\"name\":\"Cours de baby gym, cirque, cirque adultes\"}]},{\"@type\":\"WebSite\",\"@id\":\"https:\\\/\\\/www.kidsup.ch\\\/geneve\\\/#website\",\"url\":\"https:\\\/\\\/www.kidsup.ch\\\/geneve\\\/\",\"name\":\"Kids Up Gen\u00e8ve\",\"description\":\"Baby gym &amp; cirque\",\"publisher\":{\"@id\":\"https:\\\/\\\/www.kidsup.ch\\\/geneve\\\/#organization\"},\"potentialAction\":[{\"@type\":\"SearchAction\",\"target\":{\"@type\":\"EntryPoint\",\"urlTemplate\":\"https:\\\/\\\/www.kidsup.ch\\\/geneve\\\/?s={search_term_string}\"},\"query-input\":{\"@type\":\"PropertyValueSpecification\",\"valueRequired\":true,\"valueName\":\"search_term_string\"}}],\"inLanguage\":\"fr-FR\"},{\"@type\":\"Organization\",\"@id\":\"https:\\\/\\\/www.kidsup.ch\\\/geneve\\\/#organization\",\"name\":\"Kids Up Gen\u00e8ve\",\"url\":\"https:\\\/\\\/www.kidsup.ch\\\/geneve\\\/\",\"logo\":{\"@type\":\"ImageObject\",\"inLanguage\":\"fr-FR\",\"@id\":\"https:\\\/\\\/www.kidsup.ch\\\/geneve\\\/#\\\/schema\\\/logo\\\/image\\\/\",\"url\":\"https:\\\/\\\/www.kidsup.ch\\\/geneve\\\/wp-content\\\/uploads\\\/kids-up-geneve.png\",\"contentUrl\":\"https:\\\/\\\/www.kidsup.ch\\\/geneve\\\/wp-content\\\/uploads\\\/kids-up-geneve.png\",\"width\":248,\"height\":51,\"caption\":\"Kids Up Gen\u00e8ve\"},\"image\":{\"@id\":\"https:\\\/\\\/www.kidsup.ch\\\/geneve\\\/#\\\/schema\\\/logo\\\/image\\\/\"},\"sameAs\":[\"https:\\\/\\\/www.facebook.com\\\/KidsUpGeneve\",\"https:\\\/\\\/www.instagram.com\\\/kids_up_geneve\",\"https:\\\/\\\/www.youtube.com\\\/KidsUpSuisse\"]}]}<\/script>\n<!-- \/ Yoast SEO plugin. -->","yoast_head_json":{"title":"Cours de baby gym, cirque, cirque adultes - Kids Up Gen\u00e8ve","description":"D\u00e9couvrez nos cours hebdomadaires pour les tout-petits, les enfants et les parents : baby gym, circomotricit\u00e9, cirque & cirque pour adultes.","robots":{"index":"index","follow":"follow","max-snippet":"max-snippet:-1","max-image-preview":"max-image-preview:large","max-video-preview":"max-video-preview:-1"},"canonical":"https:\/\/www.kidsup.ch\/geneve\/cours\/","og_locale":"fr_FR","og_type":"article","og_title":"Cours de baby gym, cirque, cirque adultes - Kids Up Gen\u00e8ve","og_description":"D\u00e9couvrez nos cours hebdomadaires pour les tout-petits, les enfants et les parents : baby gym, circomotricit\u00e9, cirque & cirque pour adultes.","og_url":"https:\/\/www.kidsup.ch\/geneve\/cours\/","og_site_name":"Kids Up Gen\u00e8ve","article_publisher":"https:\/\/www.facebook.com\/KidsUpGeneve","article_modified_time":"2026-04-27T16:20:00+00:00","twitter_card":"summary_large_image","twitter_misc":{"Dur\u00e9e de lecture estim\u00e9e":"2 minutes"},"schema":{"@context":"https:\/\/schema.org","@graph":[{"@type":"WebPage","@id":"https:\/\/www.kidsup.ch\/geneve\/cours\/","url":"https:\/\/www.kidsup.ch\/geneve\/cours\/","name":"Cours de baby gym, cirque, cirque adultes - Kids Up Gen\u00e8ve","isPartOf":{"@id":"https:\/\/www.kidsup.ch\/geneve\/#website"},"datePublished":"2019-09-19T09:17:30+00:00","dateModified":"2026-04-27T16:20:00+00:00","description":"D\u00e9couvrez nos cours hebdomadaires pour les tout-petits, les enfants et les parents : baby gym, circomotricit\u00e9, cirque & cirque pour adultes.","breadcrumb":{"@id":"https:\/\/www.kidsup.ch\/geneve\/cours\/#breadcrumb"},"inLanguage":"fr-FR","potentialAction":[{"@type":"ReadAction","target":["https:\/\/www.kidsup.ch\/geneve\/cours\/"]}]},{"@type":"BreadcrumbList","@id":"https:\/\/www.kidsup.ch\/geneve\/cours\/#breadcrumb","itemListElement":[{"@type":"ListItem","position":1,"name":"Home","item":"https:\/\/www.kidsup.ch\/geneve\/"},{"@type":"ListItem","position":2,"name":"Cours de baby gym, cirque, cirque adultes"}]},{"@type":"WebSite","@id":"https:\/\/www.kidsup.ch\/geneve\/#website","url":"https:\/\/www.kidsup.ch\/geneve\/","name":"Kids Up Gen\u00e8ve","description":"Baby gym &amp; cirque","publisher":{"@id":"https:\/\/www.kidsup.ch\/geneve\/#organization"},"potentialAction":[{"@type":"SearchAction","target":{"@type":"EntryPoint","urlTemplate":"https:\/\/www.kidsup.ch\/geneve\/?s={search_term_string}"},"query-input":{"@type":"PropertyValueSpecification","valueRequired":true,"valueName":"search_term_string"}}],"inLanguage":"fr-FR"},{"@type":"Organization","@id":"https:\/\/www.kidsup.ch\/geneve\/#organization","name":"Kids Up Gen\u00e8ve","url":"https:\/\/www.kidsup.ch\/geneve\/","logo":{"@type":"ImageObject","inLanguage":"fr-FR","@id":"https:\/\/www.kidsup.ch\/geneve\/#\/schema\/logo\/image\/","url":"https:\/\/www.kidsup.ch\/geneve\/wp-content\/uploads\/kids-up-geneve.png","contentUrl":"https:\/\/www.kidsup.ch\/geneve\/wp-content\/uploads\/kids-up-geneve.png","width":248,"height":51,"caption":"Kids Up Gen\u00e8ve"},"image":{"@id":"https:\/\/www.kidsup.ch\/geneve\/#\/schema\/logo\/image\/"},"sameAs":["https:\/\/www.facebook.com\/KidsUpGeneve","https:\/\/www.instagram.com\/kids_up_geneve","https:\/\/www.youtube.com\/KidsUpSuisse"]}]}},"_links":{"self":[{"href":"https:\/\/www.kidsup.ch\/geneve\/wp-json\/wp\/v2\/pages\/1698","targetHints":{"allow":["GET"]}}],"collection":[{"href":"https:\/\/www.kidsup.ch\/geneve\/wp-json\/wp\/v2\/pages"}],"about":[{"href":"https:\/\/www.kidsup.ch\/geneve\/wp-json\/wp\/v2\/types\/page"}],"author":[{"embeddable":true,"href":"https:\/\/www.kidsup.ch\/geneve\/wp-json\/wp\/v2\/users\/1"}],"replies":[{"embeddable":true,"href":"https:\/\/www.kidsup.ch\/geneve\/wp-json\/wp\/v2\/comments?post=1698"}],"version-history":[{"count":78,"href":"https:\/\/www.kidsup.ch\/geneve\/wp-json\/wp\/v2\/pages\/1698\/revisions"}],"predecessor-version":[{"id":4951,"href":"https:\/\/www.kidsup.ch\/geneve\/wp-json\/wp\/v2\/pages\/1698\/revisions\/4951"}],"wp:attachment":[{"href":"https:\/\/www.kidsup.ch\/geneve\/wp-json\/wp\/v2\/media?parent=1698"}],"curies":[{"name":"wp","href":"https:\/\/api.w.org\/{rel}","templated":true}]}}